{"id":1923,"date":"2025-03-26T12:34:17","date_gmt":"2025-03-26T11:34:17","guid":{"rendered":"https:\/\/www.megamaschine.org\/es\/?page_id=1923"},"modified":"2025-03-26T12:34:17","modified_gmt":"2025-03-26T11:34:17","slug":"radio-nacional-de-espana-la-fin-de-la-megamaquina","status":"publish","type":"page","link":"https:\/\/www.megamaschine.org\/es\/radio-nacional-de-espana-la-fin-de-la-megamaquina\/","title":{"rendered":"Radio Nacional de Espa\u00f1a: La fin de la megam\u00e1quina"},"content":{"rendered":"\n<p>Radio 4 (Radio Nacional de Espa\u00f1a), Territori clandest\u00ed, 22.12.2024: La fin de la megam\u00e1quina (en catalan): <img decoding=\"async\" class=\"wp-image-1924\" style=\"width: NaNpx;\" src=\"https:\/\/www.megamaschine.org\/es\/wp-content\/uploads\/sites\/6\/2025\/03\/RNE_Radio4_Catalunya_MM_gek-1.mp3\" alt=\"\"><\/p>\n\n\n\n<figure class=\"wp-block-audio\"><audio controls src=\"https:\/\/www.megamaschine.org\/es\/wp-content\/uploads\/sites\/6\/2025\/03\/RNE_Radio4_Catalunya_MM_gek-1.mp3\"><\/audio><\/figure>\n\n\n\n<p><\/p>\n","protected":false},"excerpt":{"rendered":"<p>Radio 4 (Radio Nacional de Espa\u00f1a), Territori clandest\u00ed, 22.12.2024: La fin de la megam\u00e1quina (en catalan):<\/p>\n","protected":false},"author":1,"featured_media":0,"parent":0,"menu_order":0,"comment_status":"closed","ping_status":"closed","template":"","meta":{"footnotes":""},"class_list":["post-1923","page","type-page","status-publish","hentry","no-post-thumbnail"],"yoast_head":"<!-- This site is optimized with the Yoast SEO plugin v27.3 - https:\/\/yoast.com\/product\/yoast-seo-wordpress\/ -->\n<title>Radio Nacional de Espa\u00f1a: La fin de la megam\u00e1quina - El fin de la megam\u00e1quina<\/title>\n<meta name=\"robots\" content=\"index, follow, max-snippet:-1, max-image-preview:large, max-video-preview:-1\" \/>\n<link rel=\"canonical\" href=\"https:\/\/www.megamaschine.org\/es\/radio-nacional-de-espana-la-fin-de-la-megamaquina\/\" \/>\n<meta property=\"og:locale\" content=\"es_ES\" \/>\n<meta property=\"og:type\" content=\"article\" \/>\n<meta property=\"og:title\" content=\"Radio Nacional de Espa\u00f1a: La fin de la megam\u00e1quina - El fin de la megam\u00e1quina\" \/>\n<meta property=\"og:description\" content=\"Radio 4 (Radio Nacional de Espa\u00f1a), Territori clandest\u00ed, 22.12.2024: La fin de la megam\u00e1quina (en catalan):\" \/>\n<meta property=\"og:url\" content=\"https:\/\/www.megamaschine.org\/es\/radio-nacional-de-espana-la-fin-de-la-megamaquina\/\" \/>\n<meta property=\"og:site_name\" content=\"El fin de la megam\u00e1quina\" \/>\n<meta name=\"twitter:card\" content=\"summary_large_image\" \/>\n<meta name=\"twitter:label1\" content=\"Tiempo de lectura\" \/>\n\t<meta name=\"twitter:data1\" content=\"1 minuto\" \/>\n<script type=\"application\/ld+json\" class=\"yoast-schema-graph\">{\"@context\":\"https:\\\/\\\/schema.org\",\"@graph\":[{\"@type\":\"WebPage\",\"@id\":\"https:\\\/\\\/www.megamaschine.org\\\/es\\\/radio-nacional-de-espana-la-fin-de-la-megamaquina\\\/\",\"url\":\"https:\\\/\\\/www.megamaschine.org\\\/es\\\/radio-nacional-de-espana-la-fin-de-la-megamaquina\\\/\",\"name\":\"Radio Nacional de Espa\u00f1a: La fin de la megam\u00e1quina - El fin de la megam\u00e1quina\",\"isPartOf\":{\"@id\":\"https:\\\/\\\/www.megamaschine.org\\\/es\\\/#website\"},\"primaryImageOfPage\":{\"@id\":\"https:\\\/\\\/www.megamaschine.org\\\/es\\\/radio-nacional-de-espana-la-fin-de-la-megamaquina\\\/#primaryimage\"},\"image\":{\"@id\":\"https:\\\/\\\/www.megamaschine.org\\\/es\\\/radio-nacional-de-espana-la-fin-de-la-megamaquina\\\/#primaryimage\"},\"thumbnailUrl\":\"https:\\\/\\\/www.megamaschine.org\\\/es\\\/wp-content\\\/uploads\\\/sites\\\/6\\\/2025\\\/03\\\/RNE_Radio4_Catalunya_MM_gek-1.mp3\",\"datePublished\":\"2025-03-26T11:34:17+00:00\",\"breadcrumb\":{\"@id\":\"https:\\\/\\\/www.megamaschine.org\\\/es\\\/radio-nacional-de-espana-la-fin-de-la-megamaquina\\\/#breadcrumb\"},\"inLanguage\":\"es\",\"potentialAction\":[{\"@type\":\"ReadAction\",\"target\":[\"https:\\\/\\\/www.megamaschine.org\\\/es\\\/radio-nacional-de-espana-la-fin-de-la-megamaquina\\\/\"]}]},{\"@type\":\"ImageObject\",\"inLanguage\":\"es\",\"@id\":\"https:\\\/\\\/www.megamaschine.org\\\/es\\\/radio-nacional-de-espana-la-fin-de-la-megamaquina\\\/#primaryimage\",\"url\":\"\",\"contentUrl\":\"\"},{\"@type\":\"BreadcrumbList\",\"@id\":\"https:\\\/\\\/www.megamaschine.org\\\/es\\\/radio-nacional-de-espana-la-fin-de-la-megamaquina\\\/#breadcrumb\",\"itemListElement\":[{\"@type\":\"ListItem\",\"position\":1,\"name\":\"Startseite\",\"item\":\"https:\\\/\\\/www.megamaschine.org\\\/es\\\/\"},{\"@type\":\"ListItem\",\"position\":2,\"name\":\"Radio Nacional de Espa\u00f1a: La fin de la megam\u00e1quina\"}]},{\"@type\":\"WebSite\",\"@id\":\"https:\\\/\\\/www.megamaschine.org\\\/es\\\/#website\",\"url\":\"https:\\\/\\\/www.megamaschine.org\\\/es\\\/\",\"name\":\"El fin de la megam\u00e1quina\",\"description\":\"A Book from Fabian Scheidler\",\"potentialAction\":[{\"@type\":\"SearchAction\",\"target\":{\"@type\":\"EntryPoint\",\"urlTemplate\":\"https:\\\/\\\/www.megamaschine.org\\\/es\\\/?s={search_term_string}\"},\"query-input\":{\"@type\":\"PropertyValueSpecification\",\"valueRequired\":true,\"valueName\":\"search_term_string\"}}],\"inLanguage\":\"es\"}]}<\/script>\n<!-- \/ Yoast SEO plugin. -->","yoast_head_json":{"title":"Radio Nacional de Espa\u00f1a: La fin de la megam\u00e1quina - El fin de la megam\u00e1quina","robots":{"index":"index","follow":"follow","max-snippet":"max-snippet:-1","max-image-preview":"max-image-preview:large","max-video-preview":"max-video-preview:-1"},"canonical":"https:\/\/www.megamaschine.org\/es\/radio-nacional-de-espana-la-fin-de-la-megamaquina\/","og_locale":"es_ES","og_type":"article","og_title":"Radio Nacional de Espa\u00f1a: La fin de la megam\u00e1quina - El fin de la megam\u00e1quina","og_description":"Radio 4 (Radio Nacional de Espa\u00f1a), Territori clandest\u00ed, 22.12.2024: La fin de la megam\u00e1quina (en catalan):","og_url":"https:\/\/www.megamaschine.org\/es\/radio-nacional-de-espana-la-fin-de-la-megamaquina\/","og_site_name":"El fin de la megam\u00e1quina","twitter_card":"summary_large_image","twitter_misc":{"Tiempo de lectura":"1 minuto"},"schema":{"@context":"https:\/\/schema.org","@graph":[{"@type":"WebPage","@id":"https:\/\/www.megamaschine.org\/es\/radio-nacional-de-espana-la-fin-de-la-megamaquina\/","url":"https:\/\/www.megamaschine.org\/es\/radio-nacional-de-espana-la-fin-de-la-megamaquina\/","name":"Radio Nacional de Espa\u00f1a: La fin de la megam\u00e1quina - El fin de la megam\u00e1quina","isPartOf":{"@id":"https:\/\/www.megamaschine.org\/es\/#website"},"primaryImageOfPage":{"@id":"https:\/\/www.megamaschine.org\/es\/radio-nacional-de-espana-la-fin-de-la-megamaquina\/#primaryimage"},"image":{"@id":"https:\/\/www.megamaschine.org\/es\/radio-nacional-de-espana-la-fin-de-la-megamaquina\/#primaryimage"},"thumbnailUrl":"https:\/\/www.megamaschine.org\/es\/wp-content\/uploads\/sites\/6\/2025\/03\/RNE_Radio4_Catalunya_MM_gek-1.mp3","datePublished":"2025-03-26T11:34:17+00:00","breadcrumb":{"@id":"https:\/\/www.megamaschine.org\/es\/radio-nacional-de-espana-la-fin-de-la-megamaquina\/#breadcrumb"},"inLanguage":"es","potentialAction":[{"@type":"ReadAction","target":["https:\/\/www.megamaschine.org\/es\/radio-nacional-de-espana-la-fin-de-la-megamaquina\/"]}]},{"@type":"ImageObject","inLanguage":"es","@id":"https:\/\/www.megamaschine.org\/es\/radio-nacional-de-espana-la-fin-de-la-megamaquina\/#primaryimage","url":"","contentUrl":""},{"@type":"BreadcrumbList","@id":"https:\/\/www.megamaschine.org\/es\/radio-nacional-de-espana-la-fin-de-la-megamaquina\/#breadcrumb","itemListElement":[{"@type":"ListItem","position":1,"name":"Startseite","item":"https:\/\/www.megamaschine.org\/es\/"},{"@type":"ListItem","position":2,"name":"Radio Nacional de Espa\u00f1a: La fin de la megam\u00e1quina"}]},{"@type":"WebSite","@id":"https:\/\/www.megamaschine.org\/es\/#website","url":"https:\/\/www.megamaschine.org\/es\/","name":"El fin de la megam\u00e1quina","description":"A Book from Fabian Scheidler","potentialAction":[{"@type":"SearchAction","target":{"@type":"EntryPoint","urlTemplate":"https:\/\/www.megamaschine.org\/es\/?s={search_term_string}"},"query-input":{"@type":"PropertyValueSpecification","valueRequired":true,"valueName":"search_term_string"}}],"inLanguage":"es"}]}},"_links":{"self":[{"href":"https:\/\/www.megamaschine.org\/es\/wp-json\/wp\/v2\/pages\/1923","targetHints":{"allow":["GET"]}}],"collection":[{"href":"https:\/\/www.megamaschine.org\/es\/wp-json\/wp\/v2\/pages"}],"about":[{"href":"https:\/\/www.megamaschine.org\/es\/wp-json\/wp\/v2\/types\/page"}],"author":[{"embeddable":true,"href":"https:\/\/www.megamaschine.org\/es\/wp-json\/wp\/v2\/users\/1"}],"replies":[{"embeddable":true,"href":"https:\/\/www.megamaschine.org\/es\/wp-json\/wp\/v2\/comments?post=1923"}],"version-history":[{"count":1,"href":"https:\/\/www.megamaschine.org\/es\/wp-json\/wp\/v2\/pages\/1923\/revisions"}],"predecessor-version":[{"id":1926,"href":"https:\/\/www.megamaschine.org\/es\/wp-json\/wp\/v2\/pages\/1923\/revisions\/1926"}],"wp:attachment":[{"href":"https:\/\/www.megamaschine.org\/es\/wp-json\/wp\/v2\/media?parent=1923"}],"curies":[{"name":"wp","href":"https:\/\/api.w.org\/{rel}","templated":true}]}}