{"id":462,"date":"2016-04-03T23:12:23","date_gmt":"2016-04-03T21:12:23","guid":{"rendered":"http:\/\/beta.megamaschine.kontext-tv.org\/?page_id=462"},"modified":"2017-02-06T09:28:46","modified_gmt":"2017-02-06T08:28:46","slug":"stimmen-zum-buch-3","status":"publish","type":"page","link":"https:\/\/www.megamaschine.org\/es\/media-2\/stimmen-zum-buch-3\/","title":{"rendered":"Stimmen zum Buch"},"content":{"rendered":"<div id=\"x-section-1\" class=\"x-section\" style=\"margin: 0px; padding: 20px 0px 45px;  background-color: transparent;\" ><div id=\"\" class=\"x-container max width\" style=\"margin: 0px auto; padding: 0px; \" ><div  class=\"x-column x-sm x-1-1\" style=\"padding: 0px; \" ><div id=\"\" class=\"x-text\" style=\"\" ><h3 style=\"text-align: center;\"><span style=\"color: #000000;\"><strong>\u00a0Stimmen zum Buch<br \/>\n<\/strong><\/span><\/h3>\n<\/div><hr  class=\"x-gap\" style=\"margin: 50px 0 0 0;\"><div id=\"\" class=\"x-text right-text\" style=\"\" ><p style=\"text-align: left;\"><span style=\"color: #000000;\"><strong><img loading=\"lazy\" decoding=\"async\" class=\"alignright wp-image-876\" src=\"https:\/\/www.megamaschine.org\/wp-content\/uploads\/sites\/6\/2017\/02\/Weizsaecker_kl-1024x1024.jpg\" alt=\"Weizsaecker_kl-1024x1024\" width=\"152\" height=\"152\" srcset=\"https:\/\/www.megamaschine.org\/es\/wp-content\/uploads\/sites\/6\/2017\/02\/Weizsaecker_kl-1024x1024.jpg 1024w, https:\/\/www.megamaschine.org\/es\/wp-content\/uploads\/sites\/6\/2017\/02\/Weizsaecker_kl-1024x1024-150x150.jpg 150w, https:\/\/www.megamaschine.org\/es\/wp-content\/uploads\/sites\/6\/2017\/02\/Weizsaecker_kl-1024x1024-300x300.jpg 300w, https:\/\/www.megamaschine.org\/es\/wp-content\/uploads\/sites\/6\/2017\/02\/Weizsaecker_kl-1024x1024-768x768.jpg 768w, https:\/\/www.megamaschine.org\/es\/wp-content\/uploads\/sites\/6\/2017\/02\/Weizsaecker_kl-1024x1024-100x100.jpg 100w\" sizes=\"auto, (max-width: 152px) 100vw, 152px\" \/><br \/>\n\u00abEin originelles und sehr spannendes Buch.<br \/>\n<\/strong><\/span><span style=\"color: #000000;\"><strong>Es hilft dabei, die globale Megamaschine, die unsere Zukunft bedroht,<br \/>\nzu durchschauen und zu \u00fcberwinden.\u00bb<br \/>\n<\/strong><em>Ernst Ulrich von Weizs\u00e4cker, Ko-Pr\u00e4sident des Club of Rome<\/p>\n<p><\/em><\/span><\/p>\n<p><img loading=\"lazy\" decoding=\"async\" class=\" wp-image-789 alignleft\" src=\"https:\/\/www.megamaschine.org\/wp-content\/uploads\/sites\/6\/2016\/10\/Wolfgang-Sachs-neu-e1477652816207.jpg\" alt=\"wolfgang-sachs-neu\" width=\"152\" height=\"152\" srcset=\"https:\/\/www.megamaschine.org\/es\/wp-content\/uploads\/sites\/6\/2016\/10\/Wolfgang-Sachs-neu-e1477652816207.jpg 888w, https:\/\/www.megamaschine.org\/es\/wp-content\/uploads\/sites\/6\/2016\/10\/Wolfgang-Sachs-neu-e1477652816207-150x150.jpg 150w, https:\/\/www.megamaschine.org\/es\/wp-content\/uploads\/sites\/6\/2016\/10\/Wolfgang-Sachs-neu-e1477652816207-300x300.jpg 300w, https:\/\/www.megamaschine.org\/es\/wp-content\/uploads\/sites\/6\/2016\/10\/Wolfgang-Sachs-neu-e1477652816207-768x768.jpg 768w, https:\/\/www.megamaschine.org\/es\/wp-content\/uploads\/sites\/6\/2016\/10\/Wolfgang-Sachs-neu-e1477652816207-100x100.jpg 100w\" sizes=\"auto, (max-width: 152px) 100vw, 152px\" \/><br \/>\n<strong>\u00abEine Geschichte der westlichen Zivilisation auf 250 Seiten: Kein Wunder, dass das Buch einen solchen Erfolg hat.<\/strong><br \/>\n<strong> Fabian Scheidler gelingt es auf brillante Weise, die Bruchstellen in dieser Geschichte herauszuarbeiten.\u00bb<\/strong><br \/>\n<em>Prof. Dr. Wolfgang Sachs, Wuppertal Institut f\u00fcr Klima, Umwelt, Energie<\/em><\/p>\n<p>&nbsp;<\/p>\n<p style=\"text-align: right;\"><strong><img loading=\"lazy\" decoding=\"async\" class=\"alignright wp-image-588 \" src=\"https:\/\/www.megamaschine.org\/wp-content\/uploads\/sites\/6\/2016\/04\/Christian-Felber-Portrait-3-1024x1024-150x150.jpg\" alt=\"Christian-Felber-Portrait-3-1024x1024\" width=\"152\" height=\"152\" srcset=\"https:\/\/www.megamaschine.org\/es\/wp-content\/uploads\/sites\/6\/2016\/04\/Christian-Felber-Portrait-3-1024x1024-150x150.jpg 150w, https:\/\/www.megamaschine.org\/es\/wp-content\/uploads\/sites\/6\/2016\/04\/Christian-Felber-Portrait-3-1024x1024-300x300.jpg 300w, https:\/\/www.megamaschine.org\/es\/wp-content\/uploads\/sites\/6\/2016\/04\/Christian-Felber-Portrait-3-1024x1024-768x768.jpg 768w, https:\/\/www.megamaschine.org\/es\/wp-content\/uploads\/sites\/6\/2016\/04\/Christian-Felber-Portrait-3-1024x1024-100x100.jpg 100w, https:\/\/www.megamaschine.org\/es\/wp-content\/uploads\/sites\/6\/2016\/04\/Christian-Felber-Portrait-3-1024x1024.jpg 1024w\" sizes=\"auto, (max-width: 152px) 100vw, 152px\" \/>\u00abFabian Scheidlers Buch zeichnet ein einzigartig vollst\u00e4ndiges Bild der historischen Wurzeln des Kapitalismus und der Rolle, die Europa dabei spielte. Es ist ein ebenso umfassender wie tiefreichender Spiegel f\u00fcr die westliche Welt, die so viel \u00fcber Werte, Frieden und Demokratie spricht. F\u00fcr mich hat das Buch mehr Wert als alles, was ich in der Schule im Geschichtsunterricht gelernt habe.\u00bb<\/strong><br \/>\n<em><span style=\"color: #000000;\">Christian Felber, \u00d6konom,\u00a0Begr\u00fcnder der \u00abGemeinwohl\u00f6konomie\u00bb<\/span><\/em><\/p>\n<p>&nbsp;<\/p>\n<p class=\"p1\" style=\"text-align: left;\"><strong><span class=\"s1\"><i><img loading=\"lazy\" decoding=\"async\" class=\"alignleft wp-image-589\" src=\"https:\/\/www.megamaschine.org\/wp-content\/uploads\/sites\/6\/2016\/04\/Prof-Max-Otte3-150x150.jpeg\" alt=\"Prof Max Otte3\" width=\"152\" height=\"152\" \/> <\/i><\/span><\/strong><\/p>\n<p class=\"p1\" style=\"text-align: left;\"><strong><span class=\"s1\"><i><br \/>\n\u00ab<\/i>Die Megamaschine ist theoretisch fundiert und spannend. Sie wird vielen Lesern die Augen \u00f6ffnen. Eine Menschheitsgeschichte aus herrschaftskritischer Sicht, wie sie lange \u00fcberf\u00e4llig war.<i>\u201d<br \/>\n<\/i><\/span><\/strong><em><span class=\"s2\">Prof. Dr. Max Otte, \u00d6konom<\/span><\/em><\/p>\n<p style=\"text-align: right;\">\n<p style=\"text-align: right;\"><img loading=\"lazy\" decoding=\"async\" class=\"alignright wp-image-788\" src=\"https:\/\/www.megamaschine.org\/wp-content\/uploads\/sites\/6\/2016\/10\/Komlosy-neu-e1477652536433.jpg\" alt=\"komlosy-neu\" width=\"152\" height=\"152\" srcset=\"https:\/\/www.megamaschine.org\/es\/wp-content\/uploads\/sites\/6\/2016\/10\/Komlosy-neu-e1477652536433.jpg 299w, https:\/\/www.megamaschine.org\/es\/wp-content\/uploads\/sites\/6\/2016\/10\/Komlosy-neu-e1477652536433-150x150.jpg 150w, https:\/\/www.megamaschine.org\/es\/wp-content\/uploads\/sites\/6\/2016\/10\/Komlosy-neu-e1477652536433-100x100.jpg 100w\" sizes=\"auto, (max-width: 152px) 100vw, 152px\" \/><br \/>\n\u201c<strong>Ein gro\u00dfer Wurf<\/strong><span class=\"s1\"><i>\u201c<br \/>\n<\/i><\/span><em>Prof. Andrea Komlosy, Yale University<\/em><\/p>\n<p><strong><i><\/p>\n<p><img loading=\"lazy\" decoding=\"async\" class=\" wp-image-594 alignleft\" src=\"https:\/\/www.megamaschine.org\/wp-content\/uploads\/sites\/6\/2016\/04\/Rober-Junk-Bibliothek-150x88.png\" alt=\"Rober Junk Bibliothek\" width=\"179\" height=\"105\" \/><\/i><i><\/i><br \/>\n\u00ab<strong>TOP 10 der Zukunftsliteratur 2015<\/strong><i>\u201c<\/i><\/strong><\/p>\n<p>&nbsp;<\/p>\n<p>&nbsp;<\/p>\n<p><img loading=\"lazy\" decoding=\"async\" class=\" wp-image-780 alignright\" src=\"https:\/\/www.megamaschine.org\/wp-content\/uploads\/sites\/6\/2016\/10\/Helmut-Trischler-e1477647878789.jpg\" alt=\"helmut-trischler\" width=\"152\" height=\"152\" srcset=\"https:\/\/www.megamaschine.org\/es\/wp-content\/uploads\/sites\/6\/2016\/10\/Helmut-Trischler-e1477647878789.jpg 250w, https:\/\/www.megamaschine.org\/es\/wp-content\/uploads\/sites\/6\/2016\/10\/Helmut-Trischler-e1477647878789-150x150.jpg 150w, https:\/\/www.megamaschine.org\/es\/wp-content\/uploads\/sites\/6\/2016\/10\/Helmut-Trischler-e1477647878789-100x100.jpg 100w\" sizes=\"auto, (max-width: 152px) 100vw, 152px\" \/>\u00abFabian Scheidler\u00a0stellt eindrucksvoll unter Beweis, dass es einer tiefen Kenntnis\u00a0<strong>der Vergangenheit bedarf, um die Gegenwart besser zu verstehen. Das Buch macht die Notwendigkeit tiefgreifender Ver\u00e4nderungen im Verh\u00e4ltnis von Mensch und Natur, Gesellschaft und Umwelt, mehr als deutlich.\u00bb<\/strong><em> Prof. Dr. Helmuth Trischler, Historiker<br \/>\n<\/em><em>Museumsleitung Bereich Forschung, Deutsches Museum M\u00fcnchen<\/em><\/p>\n<p>&nbsp;<\/p>\n<\/div><\/div><\/div><\/div>\n","protected":false},"excerpt":{"rendered":"","protected":false},"author":1,"featured_media":0,"parent":134,"menu_order":2,"comment_status":"closed","ping_status":"closed","template":"template-blank-4.php","meta":{"footnotes":""},"class_list":["post-462","page","type-page","status-publish","hentry","no-post-thumbnail"],"yoast_head":"<!-- This site is optimized with the Yoast SEO plugin v27.4 - https:\/\/yoast.com\/product\/yoast-seo-wordpress\/ -->\n<title>Stimmen zum Buch - El fin de la megam\u00e1quina<\/title>\n<meta name=\"robots\" content=\"index, follow, max-snippet:-1, max-image-preview:large, max-video-preview:-1\" \/>\n<link rel=\"canonical\" href=\"https:\/\/www.megamaschine.org\/es\/media-2\/stimmen-zum-buch-3\/\" \/>\n<meta property=\"og:locale\" content=\"es_ES\" \/>\n<meta property=\"og:type\" content=\"article\" \/>\n<meta property=\"og:title\" content=\"Stimmen zum Buch - El fin de la megam\u00e1quina\" \/>\n<meta property=\"og:url\" content=\"https:\/\/www.megamaschine.org\/es\/media-2\/stimmen-zum-buch-3\/\" \/>\n<meta property=\"og:site_name\" content=\"El fin de la megam\u00e1quina\" \/>\n<meta property=\"article:modified_time\" content=\"2017-02-06T08:28:46+00:00\" \/>\n<meta property=\"og:image\" content=\"https:\/\/www.megamaschine.org\/wp-content\/uploads\/sites\/6\/2017\/02\/Weizsaecker_kl-1024x1024.jpg\" \/>\n<meta name=\"twitter:card\" content=\"summary_large_image\" \/>\n<meta name=\"twitter:label1\" content=\"Tiempo de lectura\" \/>\n\t<meta name=\"twitter:data1\" content=\"2 minutos\" \/>\n<script type=\"application\/ld+json\" class=\"yoast-schema-graph\">{\"@context\":\"https:\\\/\\\/schema.org\",\"@graph\":[{\"@type\":\"WebPage\",\"@id\":\"https:\\\/\\\/www.megamaschine.org\\\/es\\\/media-2\\\/stimmen-zum-buch-3\\\/\",\"url\":\"https:\\\/\\\/www.megamaschine.org\\\/es\\\/media-2\\\/stimmen-zum-buch-3\\\/\",\"name\":\"Stimmen zum Buch - El fin de la megam\u00e1quina\",\"isPartOf\":{\"@id\":\"https:\\\/\\\/www.megamaschine.org\\\/es\\\/#website\"},\"primaryImageOfPage\":{\"@id\":\"https:\\\/\\\/www.megamaschine.org\\\/es\\\/media-2\\\/stimmen-zum-buch-3\\\/#primaryimage\"},\"image\":{\"@id\":\"https:\\\/\\\/www.megamaschine.org\\\/es\\\/media-2\\\/stimmen-zum-buch-3\\\/#primaryimage\"},\"thumbnailUrl\":\"https:\\\/\\\/www.megamaschine.org\\\/wp-content\\\/uploads\\\/sites\\\/6\\\/2017\\\/02\\\/Weizsaecker_kl-1024x1024.jpg\",\"datePublished\":\"2016-04-03T21:12:23+00:00\",\"dateModified\":\"2017-02-06T08:28:46+00:00\",\"breadcrumb\":{\"@id\":\"https:\\\/\\\/www.megamaschine.org\\\/es\\\/media-2\\\/stimmen-zum-buch-3\\\/#breadcrumb\"},\"inLanguage\":\"es\",\"potentialAction\":[{\"@type\":\"ReadAction\",\"target\":[\"https:\\\/\\\/www.megamaschine.org\\\/es\\\/media-2\\\/stimmen-zum-buch-3\\\/\"]}]},{\"@type\":\"ImageObject\",\"inLanguage\":\"es\",\"@id\":\"https:\\\/\\\/www.megamaschine.org\\\/es\\\/media-2\\\/stimmen-zum-buch-3\\\/#primaryimage\",\"url\":\"https:\\\/\\\/www.megamaschine.org\\\/wp-content\\\/uploads\\\/sites\\\/6\\\/2017\\\/02\\\/Weizsaecker_kl-1024x1024.jpg\",\"contentUrl\":\"https:\\\/\\\/www.megamaschine.org\\\/wp-content\\\/uploads\\\/sites\\\/6\\\/2017\\\/02\\\/Weizsaecker_kl-1024x1024.jpg\"},{\"@type\":\"BreadcrumbList\",\"@id\":\"https:\\\/\\\/www.megamaschine.org\\\/es\\\/media-2\\\/stimmen-zum-buch-3\\\/#breadcrumb\",\"itemListElement\":[{\"@type\":\"ListItem\",\"position\":1,\"name\":\"Startseite\",\"item\":\"https:\\\/\\\/www.megamaschine.org\\\/es\\\/\"},{\"@type\":\"ListItem\",\"position\":2,\"name\":\"Reviews &#038; Media\",\"item\":\"https:\\\/\\\/www.megamaschine.org\\\/es\\\/media-2\\\/\"},{\"@type\":\"ListItem\",\"position\":3,\"name\":\"Stimmen zum Buch\"}]},{\"@type\":\"WebSite\",\"@id\":\"https:\\\/\\\/www.megamaschine.org\\\/es\\\/#website\",\"url\":\"https:\\\/\\\/www.megamaschine.org\\\/es\\\/\",\"name\":\"El fin de la megam\u00e1quina\",\"description\":\"A Book from Fabian Scheidler\",\"potentialAction\":[{\"@type\":\"SearchAction\",\"target\":{\"@type\":\"EntryPoint\",\"urlTemplate\":\"https:\\\/\\\/www.megamaschine.org\\\/es\\\/?s={search_term_string}\"},\"query-input\":{\"@type\":\"PropertyValueSpecification\",\"valueRequired\":true,\"valueName\":\"search_term_string\"}}],\"inLanguage\":\"es\"}]}<\/script>\n<!-- \/ Yoast SEO plugin. -->","yoast_head_json":{"title":"Stimmen zum Buch - El fin de la megam\u00e1quina","robots":{"index":"index","follow":"follow","max-snippet":"max-snippet:-1","max-image-preview":"max-image-preview:large","max-video-preview":"max-video-preview:-1"},"canonical":"https:\/\/www.megamaschine.org\/es\/media-2\/stimmen-zum-buch-3\/","og_locale":"es_ES","og_type":"article","og_title":"Stimmen zum Buch - El fin de la megam\u00e1quina","og_url":"https:\/\/www.megamaschine.org\/es\/media-2\/stimmen-zum-buch-3\/","og_site_name":"El fin de la megam\u00e1quina","article_modified_time":"2017-02-06T08:28:46+00:00","og_image":[{"url":"https:\/\/www.megamaschine.org\/wp-content\/uploads\/sites\/6\/2017\/02\/Weizsaecker_kl-1024x1024.jpg","type":"","width":"","height":""}],"twitter_card":"summary_large_image","twitter_misc":{"Tiempo de lectura":"2 minutos"},"schema":{"@context":"https:\/\/schema.org","@graph":[{"@type":"WebPage","@id":"https:\/\/www.megamaschine.org\/es\/media-2\/stimmen-zum-buch-3\/","url":"https:\/\/www.megamaschine.org\/es\/media-2\/stimmen-zum-buch-3\/","name":"Stimmen zum Buch - El fin de la megam\u00e1quina","isPartOf":{"@id":"https:\/\/www.megamaschine.org\/es\/#website"},"primaryImageOfPage":{"@id":"https:\/\/www.megamaschine.org\/es\/media-2\/stimmen-zum-buch-3\/#primaryimage"},"image":{"@id":"https:\/\/www.megamaschine.org\/es\/media-2\/stimmen-zum-buch-3\/#primaryimage"},"thumbnailUrl":"https:\/\/www.megamaschine.org\/wp-content\/uploads\/sites\/6\/2017\/02\/Weizsaecker_kl-1024x1024.jpg","datePublished":"2016-04-03T21:12:23+00:00","dateModified":"2017-02-06T08:28:46+00:00","breadcrumb":{"@id":"https:\/\/www.megamaschine.org\/es\/media-2\/stimmen-zum-buch-3\/#breadcrumb"},"inLanguage":"es","potentialAction":[{"@type":"ReadAction","target":["https:\/\/www.megamaschine.org\/es\/media-2\/stimmen-zum-buch-3\/"]}]},{"@type":"ImageObject","inLanguage":"es","@id":"https:\/\/www.megamaschine.org\/es\/media-2\/stimmen-zum-buch-3\/#primaryimage","url":"https:\/\/www.megamaschine.org\/wp-content\/uploads\/sites\/6\/2017\/02\/Weizsaecker_kl-1024x1024.jpg","contentUrl":"https:\/\/www.megamaschine.org\/wp-content\/uploads\/sites\/6\/2017\/02\/Weizsaecker_kl-1024x1024.jpg"},{"@type":"BreadcrumbList","@id":"https:\/\/www.megamaschine.org\/es\/media-2\/stimmen-zum-buch-3\/#breadcrumb","itemListElement":[{"@type":"ListItem","position":1,"name":"Startseite","item":"https:\/\/www.megamaschine.org\/es\/"},{"@type":"ListItem","position":2,"name":"Reviews &#038; Media","item":"https:\/\/www.megamaschine.org\/es\/media-2\/"},{"@type":"ListItem","position":3,"name":"Stimmen zum Buch"}]},{"@type":"WebSite","@id":"https:\/\/www.megamaschine.org\/es\/#website","url":"https:\/\/www.megamaschine.org\/es\/","name":"El fin de la megam\u00e1quina","description":"A Book from Fabian Scheidler","potentialAction":[{"@type":"SearchAction","target":{"@type":"EntryPoint","urlTemplate":"https:\/\/www.megamaschine.org\/es\/?s={search_term_string}"},"query-input":{"@type":"PropertyValueSpecification","valueRequired":true,"valueName":"search_term_string"}}],"inLanguage":"es"}]}},"_links":{"self":[{"href":"https:\/\/www.megamaschine.org\/es\/wp-json\/wp\/v2\/pages\/462","targetHints":{"allow":["GET"]}}],"collection":[{"href":"https:\/\/www.megamaschine.org\/es\/wp-json\/wp\/v2\/pages"}],"about":[{"href":"https:\/\/www.megamaschine.org\/es\/wp-json\/wp\/v2\/types\/page"}],"author":[{"embeddable":true,"href":"https:\/\/www.megamaschine.org\/es\/wp-json\/wp\/v2\/users\/1"}],"replies":[{"embeddable":true,"href":"https:\/\/www.megamaschine.org\/es\/wp-json\/wp\/v2\/comments?post=462"}],"version-history":[{"count":26,"href":"https:\/\/www.megamaschine.org\/es\/wp-json\/wp\/v2\/pages\/462\/revisions"}],"predecessor-version":[{"id":877,"href":"https:\/\/www.megamaschine.org\/es\/wp-json\/wp\/v2\/pages\/462\/revisions\/877"}],"up":[{"embeddable":true,"href":"https:\/\/www.megamaschine.org\/es\/wp-json\/wp\/v2\/pages\/134"}],"wp:attachment":[{"href":"https:\/\/www.megamaschine.org\/es\/wp-json\/wp\/v2\/media?parent=462"}],"curies":[{"name":"wp","href":"https:\/\/api.w.org\/{rel}","templated":true}]}}