{"id":87,"date":"2015-04-08T18:38:57","date_gmt":"2015-04-08T23:38:57","guid":{"rendered":"http:\/\/nicolaiherzog.de\/blog\/?page_id=87"},"modified":"2024-10-31T11:39:33","modified_gmt":"2024-10-31T10:39:33","slug":"author","status":"publish","type":"page","link":"https:\/\/www.megamaschine.org\/es\/author\/","title":{"rendered":"Author"},"content":{"rendered":"<div id=\"cs-content\" class=\"cs-content\"><div id=\"x-section-1\" class=\"x-section cs-ta-center\" style=\"margin: 0px;padding: 100px 0px 45px; background-color: transparent;\" ><div id=\"\" class=\"x-container max width\" style=\"margin: 0px auto;padding: 0px 5%;\" ><div  class=\"x-column x-sm x-1-1\" style=\"padding: 0px;\" ><div  class=\"x-feature-box man center-text top-text cf\" style=\" max-width: none;\" data-x-element=\"feature_box\" data-x-params=\"{&quot;child&quot;:false,&quot;graphicAnimation&quot;:&quot;none&quot;,&quot;graphicAnimationOffset&quot;:&quot;50&quot;,&quot;graphicAnimationDelay&quot;:&quot;0&quot;}\"><div class=\"x-feature-box-graphic square \"><div class=\"x-feature-box-graphic-outer square\" style=\"\"><div class=\"x-feature-box-graphic-inner square\" style=\"font-size: 200px;\"><img decoding=\"async\" class=\"square\" src=\"https:\/\/www.megamaschine.org\/es\/wp-content\/uploads\/sites\/6\/2020\/08\/Scheidler_Portrait_quer_kor_ausschn_hoch_kl-226x300.jpg\" style=\"margin: 0 auto;\"><\/div><\/div><\/div><div class=\"x-feature-box-content \"><h4 class=\"x-feature-box-title\">Fabian Scheidler<\/h4><p class=\"x-feature-box-text\"><\/p><\/div><\/div><hr  class=\"x-gap\" style=\"margin: 35px 0 0 0;\"><div id=\"\" class=\"x-text cs-ta-center\" style=\"\" ><div class=\"elementor-column elementor-col-66 elementor-top-column elementor-element elementor-element-40d853c\" data-id=\"40d853c\" data-element_type=\"column\">\n<div class=\"elementor-widget-wrap elementor-element-populated\">\n<div class=\"elementor-element elementor-element-60daeaf elementor-widget elementor-widget-text-editor\" data-id=\"60daeaf\" data-element_type=\"widget\" data-widget_type=\"text-editor.default\">\n<div class=\"elementor-widget-container\">\n<p>Fabian Scheidler estudi\u00f3 Historia y Filosof\u00eda en la Freie Universit\u00e4t de Berl\u00edn y Direcci\u00f3n Teatral en la Hochschule f\u00fcr Musik und Darstellende Kunst de Fr\u00e1ncfort del Meno. Desde 2001 trabaja como autor independiente para medios impresos, televisi\u00f3n, teatro y \u00f3pera.<\/p>\n<p>En 2009 fund\u00f3, junto con David Goe\u00dfmann, la revista de televisi\u00f3n independiente <a href=\"http:\/\/www.kontext-tv.de\/\">Kontext TV<\/a>, que cuenta con el apoyo de Noam Chomsky, entre otros, y produce regularmente programas sobre temas de justicia global. Tambi\u00e9n publica en revistas como Le Monde diplomatique, Berliner Zeitung, Taz, Frankfurter Rundschau, Der Freitag, Bl\u00e4tter f\u00fcr deutsche und internationale Politik, Wiener Zeitung, Wochenzeitung WOZ, Neue Rundschau, Jacobin, Common Dreams, ZNet, The Progressive, Revista Contexto, El Salto, Mediapart, Reporterre y Radio France. Premio Otto Brenner de Periodismo Cr\u00edtico (2009). Coordinadora del programa del Tribunal Attac Bank en la Volksb\u00fchne am Rosa-Luxemburg-Platz (2010).<\/p>\n<p>Como dramaturgo y dramaturga, trabaj\u00f3 durante muchos a\u00f1os para el Teatro Grips de Berl\u00edn, donde tambi\u00e9n se represent\u00f3 su obra <a href=\"https:\/\/fabianscheidler.com\/prima-klima\/\" target=\"_blank\" rel=\"noopener\"><em>Prima Klima<\/em><\/a>, reconocida como contribuci\u00f3n oficial a la D\u00e9cada de la Educaci\u00f3n para el Desarrollo Sostenible de la UNESCO. En 2013, su \u00f3pera <a href=\"https:\/\/fabianscheidler.com\/death-of-a-banker\/\" target=\"_blank\" rel=\"noopener\"><em>Muerte de un banquero<\/em><\/a> (m\u00fasica : Andreas Kersting) se estren\u00f3 en el Gerhart-Hauptmann-Theater de G\u00f6rlitz.<\/p>\n<p>En 2015 se public\u00f3 el libro de Fabian Scheidler <a href=\"https:\/\/www.megamachine.org\/\"><em>El fin de la megam\u00e1quina. Historia de una civilizaci\u00f3n en v\u00edas de colapso<\/em><\/a>, que se tradujo al franc\u00e9s (Le Seuil 2020), ingl\u00e9s (Zero Books 2020), neerland\u00e9s (Lemniscaat 2017), turco (Aram Yay\u0131nevi 2023), italiano (Castelvecchi 2024) y espa\u00f1ol (Icaria). Se est\u00e1n preparando versiones en chino y kurdo. La Biblioteca Robert Jungk de Estudios del Futuro la vot\u00f3 como una de las \u00abTOP 10 de la literatura del futuro\u00bb.<\/p>\n<p>Le sigui\u00f3 en 2017 <a href=\"https:\/\/fabianscheidler.com\/es\/books\/#chaos\" target=\"_blank\" rel=\"noopener\"><em>Caos.<\/em><\/a> <a href=\"https:\/\/fabianscheidler.com\/es\/books\/#chaos\" target=\"_blank\" rel=\"noopener\"><em>La nueva era de revoluciones<\/em><\/a>, que pas\u00f3 varias semanas en la lista de los libros m\u00e1s vendidos de econom\u00eda de <em>Spiegel<\/em>. En 2019, Fabian Scheidler public\u00f3 la colecci\u00f3n de fotograf\u00edas y ensayos <a href=\"https:\/\/fabianscheidler.com\/es\/books\/#essays\" target=\"_blank\" rel=\"noopener\"><em>Die volle und die leere Welt<\/em><\/a> y, como editor, <a href=\"https:\/\/fabianscheidler.com\/es\/books\/#global-justice\" target=\"_blank\" rel=\"noopener\"><em>La lucha por la justicia mundial<\/em><\/a>. En 2021, Piper Verlag public\u00f3 <a href=\"https:\/\/fabianscheidler.com\/es\/books\/#the-stuff-we-are-made-of\" target=\"_blank\" rel=\"noopener\"><em>De qu\u00e9 estamos hechos.<\/em><\/a> <a href=\"https:\/\/fabian-scheidler.de\/der-stoff-aus-dem-wir-sind\/\"><em>Repensar la naturaleza y la sociedad<\/em><\/a><em>.<\/em> Ese mismo a\u00f1o, Alexander Verlag public\u00f3 <a href=\"https:\/\/fabianscheidler.com\/es\/books\/#mental-field\" target=\"_blank\" rel=\"noopener\"><em>El campo mental.<\/em><\/a> <a href=\"https:\/\/fabianscheidler.com\/es\/books\/#mental-field\"><em>Lo esencial del teatro<\/em><\/a><em>.<\/em><\/p>\n<p>Numerosas <a href=\"https:\/\/fabian-scheidler.de\/termine\/\">giras de conferencias<\/a> en Europa. Entre otras, en el Club de Roma, INSEAD Fontainebleau, Ars Electronica Linz, Escuela de Econom\u00eda de Par\u00eds, Literaturhaus Berlin, Klassik-Stiftung Weimar, Universit\u00e9 de Toulouse, ETH Zurich, Ludwig-Maximilian-Universit\u00e4t M\u00fcnchen, Volksb\u00fchne am Rosa-Luxemburg-Platz Berlin, Brainwash-Festival Amsterdam, Deutsche Welle, Heinrich-B\u00f6ll-Stiftung y muchas m\u00e1s.<\/p>\n<p>Como <a href=\"https:\/\/fabianscheidler.com\/es\/interviews\/\" target=\"_blank\" rel=\"noopener\">entrevistador<\/a>, Fabian Scheidler ha sido invitado a aparecer en numerosos medios de comunicaci\u00f3n, como Deutschlandradio, BBC World Service, Radio France Culture, WDR, SWR, Bayerischer Rundfunk, ORF, Arte, 3Sat, RTL, RAI, ZEIT Online, Frankfurter Rundschau, Taz, Wiener Zeitung, Nouvel Observateur y Lib\u00e9ration.<\/p>\n<p>Fabian Scheidler tambi\u00e9n trabaja como artista visual. Su ciclo de fotos\u00edntesis <a href=\"https:\/\/fabianscheidler.com\/es\/photosyntheses\/\" target=\"_blank\" rel=\"noopener\"><em>Displaced Places<\/em><\/a> se ha mostrado en numerosas exposiciones individuales y colectivas.<\/p>\n<\/div>\n<\/div>\n<\/div>\n<\/div>\n<\/div><\/div><\/div><\/div><div id=\"x-section-2\" class=\"x-section\" style=\"margin: 0px;padding: 0 0px 45px; background-color: #eaeaea;\" ><div id=\"\" class=\"x-container max width\" style=\"margin: 0px auto;padding: 0px;\" ><div  class=\"x-column x-sm x-1-1\" style=\"padding: 0px;\" ><div id=\"\" class=\"x-text links\" style=\"\" ><\/div><\/div><\/div><\/div><\/div>\n","protected":false},"excerpt":{"rendered":"","protected":false},"author":1,"featured_media":0,"parent":0,"menu_order":0,"comment_status":"closed","ping_status":"closed","template":"template-blank-4.php","meta":{"footnotes":""},"class_list":["post-87","page","type-page","status-publish","hentry","no-post-thumbnail"],"yoast_head":"<!-- This site is optimized with the Yoast SEO plugin v27.4 - https:\/\/yoast.com\/product\/yoast-seo-wordpress\/ -->\n<title>Author - El fin de la megam\u00e1quina<\/title>\n<meta name=\"robots\" content=\"index, follow, max-snippet:-1, max-image-preview:large, max-video-preview:-1\" \/>\n<link rel=\"canonical\" href=\"https:\/\/www.megamaschine.org\/es\/author\/\" \/>\n<meta property=\"og:locale\" content=\"es_ES\" \/>\n<meta property=\"og:type\" content=\"article\" \/>\n<meta property=\"og:title\" content=\"Author - El fin de la megam\u00e1quina\" \/>\n<meta property=\"og:url\" content=\"https:\/\/www.megamaschine.org\/es\/author\/\" \/>\n<meta property=\"og:site_name\" content=\"El fin de la megam\u00e1quina\" \/>\n<meta property=\"article:modified_time\" content=\"2024-10-31T10:39:33+00:00\" \/>\n<meta name=\"twitter:card\" content=\"summary_large_image\" \/>\n<meta name=\"twitter:label1\" content=\"Tiempo de lectura\" \/>\n\t<meta name=\"twitter:data1\" content=\"4 minutos\" \/>\n<script type=\"application\/ld+json\" class=\"yoast-schema-graph\">{\"@context\":\"https:\\\/\\\/schema.org\",\"@graph\":[{\"@type\":\"WebPage\",\"@id\":\"https:\\\/\\\/www.megamaschine.org\\\/es\\\/author\\\/\",\"url\":\"https:\\\/\\\/www.megamaschine.org\\\/es\\\/author\\\/\",\"name\":\"Author - El fin de la megam\u00e1quina\",\"isPartOf\":{\"@id\":\"https:\\\/\\\/www.megamaschine.org\\\/es\\\/#website\"},\"datePublished\":\"2015-04-08T23:38:57+00:00\",\"dateModified\":\"2024-10-31T10:39:33+00:00\",\"breadcrumb\":{\"@id\":\"https:\\\/\\\/www.megamaschine.org\\\/es\\\/author\\\/#breadcrumb\"},\"inLanguage\":\"es\",\"potentialAction\":[{\"@type\":\"ReadAction\",\"target\":[\"https:\\\/\\\/www.megamaschine.org\\\/es\\\/author\\\/\"]}]},{\"@type\":\"BreadcrumbList\",\"@id\":\"https:\\\/\\\/www.megamaschine.org\\\/es\\\/author\\\/#breadcrumb\",\"itemListElement\":[{\"@type\":\"ListItem\",\"position\":1,\"name\":\"Startseite\",\"item\":\"https:\\\/\\\/www.megamaschine.org\\\/es\\\/\"},{\"@type\":\"ListItem\",\"position\":2,\"name\":\"Author\"}]},{\"@type\":\"WebSite\",\"@id\":\"https:\\\/\\\/www.megamaschine.org\\\/es\\\/#website\",\"url\":\"https:\\\/\\\/www.megamaschine.org\\\/es\\\/\",\"name\":\"El fin de la megam\u00e1quina\",\"description\":\"A Book from Fabian Scheidler\",\"potentialAction\":[{\"@type\":\"SearchAction\",\"target\":{\"@type\":\"EntryPoint\",\"urlTemplate\":\"https:\\\/\\\/www.megamaschine.org\\\/es\\\/?s={search_term_string}\"},\"query-input\":{\"@type\":\"PropertyValueSpecification\",\"valueRequired\":true,\"valueName\":\"search_term_string\"}}],\"inLanguage\":\"es\"}]}<\/script>\n<!-- \/ Yoast SEO plugin. -->","yoast_head_json":{"title":"Author - El fin de la megam\u00e1quina","robots":{"index":"index","follow":"follow","max-snippet":"max-snippet:-1","max-image-preview":"max-image-preview:large","max-video-preview":"max-video-preview:-1"},"canonical":"https:\/\/www.megamaschine.org\/es\/author\/","og_locale":"es_ES","og_type":"article","og_title":"Author - El fin de la megam\u00e1quina","og_url":"https:\/\/www.megamaschine.org\/es\/author\/","og_site_name":"El fin de la megam\u00e1quina","article_modified_time":"2024-10-31T10:39:33+00:00","twitter_card":"summary_large_image","twitter_misc":{"Tiempo de lectura":"4 minutos"},"schema":{"@context":"https:\/\/schema.org","@graph":[{"@type":"WebPage","@id":"https:\/\/www.megamaschine.org\/es\/author\/","url":"https:\/\/www.megamaschine.org\/es\/author\/","name":"Author - El fin de la megam\u00e1quina","isPartOf":{"@id":"https:\/\/www.megamaschine.org\/es\/#website"},"datePublished":"2015-04-08T23:38:57+00:00","dateModified":"2024-10-31T10:39:33+00:00","breadcrumb":{"@id":"https:\/\/www.megamaschine.org\/es\/author\/#breadcrumb"},"inLanguage":"es","potentialAction":[{"@type":"ReadAction","target":["https:\/\/www.megamaschine.org\/es\/author\/"]}]},{"@type":"BreadcrumbList","@id":"https:\/\/www.megamaschine.org\/es\/author\/#breadcrumb","itemListElement":[{"@type":"ListItem","position":1,"name":"Startseite","item":"https:\/\/www.megamaschine.org\/es\/"},{"@type":"ListItem","position":2,"name":"Author"}]},{"@type":"WebSite","@id":"https:\/\/www.megamaschine.org\/es\/#website","url":"https:\/\/www.megamaschine.org\/es\/","name":"El fin de la megam\u00e1quina","description":"A Book from Fabian Scheidler","potentialAction":[{"@type":"SearchAction","target":{"@type":"EntryPoint","urlTemplate":"https:\/\/www.megamaschine.org\/es\/?s={search_term_string}"},"query-input":{"@type":"PropertyValueSpecification","valueRequired":true,"valueName":"search_term_string"}}],"inLanguage":"es"}]}},"_links":{"self":[{"href":"https:\/\/www.megamaschine.org\/es\/wp-json\/wp\/v2\/pages\/87","targetHints":{"allow":["GET"]}}],"collection":[{"href":"https:\/\/www.megamaschine.org\/es\/wp-json\/wp\/v2\/pages"}],"about":[{"href":"https:\/\/www.megamaschine.org\/es\/wp-json\/wp\/v2\/types\/page"}],"author":[{"embeddable":true,"href":"https:\/\/www.megamaschine.org\/es\/wp-json\/wp\/v2\/users\/1"}],"replies":[{"embeddable":true,"href":"https:\/\/www.megamaschine.org\/es\/wp-json\/wp\/v2\/comments?post=87"}],"version-history":[{"count":40,"href":"https:\/\/www.megamaschine.org\/es\/wp-json\/wp\/v2\/pages\/87\/revisions"}],"predecessor-version":[{"id":1876,"href":"https:\/\/www.megamaschine.org\/es\/wp-json\/wp\/v2\/pages\/87\/revisions\/1876"}],"wp:attachment":[{"href":"https:\/\/www.megamaschine.org\/es\/wp-json\/wp\/v2\/media?parent=87"}],"curies":[{"name":"wp","href":"https:\/\/api.w.org\/{rel}","templated":true}]}}