{"id":101,"date":"2015-04-08T18:39:04","date_gmt":"2015-04-08T23:39:04","guid":{"rendered":"http:\/\/nicolaiherzog.de\/blog\/?page_id=101"},"modified":"2015-04-08T18:39:04","modified_gmt":"2015-04-08T23:39:04","slug":"home","status":"publish","type":"page","link":"https:\/\/www.megamaschine.org\/fr\/home\/","title":{"rendered":"Home"},"content":{"rendered":"<div id=\"x-section-1\" class=\"x-section bg-pattern parallax\" style=\"margin: 0px; padding: 0px;  background-image: url(http:\/\/nicolaiherzog.de\/blog\/wp-content\/uploads\/sites\/2\/2016\/03\/bg-pattern.png); background-color: #02aed6;\" data-x-element=\"section\" data-x-params=\"{&quot;type&quot;:&quot;pattern&quot;,&quot;parallax&quot;:true}\"><div id=\"\" class=\"x-container\" style=\"margin: 0px auto; padding: 0px; \" ><div  class=\"x-column x-sm x-1-1\" style=\"padding: 0px; \" >\t\t\t<rs-module-wrap id=\"rev_slider_error_1_wrapper\">\n\t\t\t\t<rs-module id=\"rev_slider_error_1\">\n\t\t\t\t\t<div class=\"rs_error_message_box\">\n\t\t\t\t\t\t<div class=\"rs_error_message_oops\">There is nothing to show here!<\/div>\n\t\t\t\t\t\t<div class=\"rs_error_message_content\">Slider with alias agency-home not found.<\/div>\n\t\t\t\t\t<\/div>\n\t\t\t\t<\/rs-module>\n\t\t\t<\/rs-module-wrap>\n\t\t\t<script>\n\t\t\t\tvar rs_eslider = document.getElementById(\"rev_slider_error_1\");\n\t\t\t\trs_eslider.style.display = \"none\";\n\t\t\t\tconsole.log(\"Slider with alias agency-home not found.\");\n\t\t\t<\/script>\n<\/div><\/div><\/div><div id=\"x-section-2\" class=\"x-section center-text\" style=\"margin: 0px; padding: 100px 0px;  background-color: transparent;\" ><div id=\"\" class=\"x-container max width\" style=\"margin: 0px auto; padding: 0px 5%; \" ><div  class=\"x-column x-sm x-1-1\" style=\"padding: 0px; \" ><h2  class=\"h-custom-headline man h3\" ><span>We are silvertooth.<br \/>\nA creative agency for smart businesses.<\/span><\/h2><div  class=\"x-raw-content\" style=\"margin: 1.45em 0 1.95em;\">\n<p class=\"man\">Lorem ipsum dolor sit amet, consectetur adipiscing elit. Pellentesque pretium, nisi ut volutpat mollis, leo risus interdum arcu, eget facilisis quam felis id mauris. Ut convallis, lacus nec ornare volutpat, velit turpis scelerisque purus, quis mollis velit purus ac massa. Fusce quis urna metus. Donec et lacus et sem lacinia cursus.<\/p>\n<\/div><a  class=\"x-btn x-btn-large\"  href=\"http:\/\/nicolaiherzog.de\/blog\/about\/\" title=\"More About Us\"    data-options=\"thumbnail: ''\">More About Us<\/a><\/div><\/div><\/div><div id=\"x-section-3\" class=\"x-section center-text dark-section bg-image parallax\" style=\"margin: 0px; padding: 100px 0px;  background-image: url(http:\/\/nicolaiherzog.de\/blog\/wp-content\/uploads\/sites\/2\/2016\/03\/bg-services-01.jpg); background-color: #26292c;\" data-x-element=\"section\" data-x-params=\"{&quot;type&quot;:&quot;image&quot;,&quot;parallax&quot;:true}\"><div id=\"\" class=\"x-container max width\" style=\"margin: 0px auto; padding: 0px; \" ><div  class=\"x-column x-sm x-1-1\" style=\"padding: 0px; \" ><h2  class=\"h-custom-headline man h2\" ><span>Our services.<\/span><\/h2><\/div><\/div><div id=\"\" class=\"x-container max width\" style=\"margin: 50px auto; padding: 0px; \" ><div  class=\"x-column x-sm x-1-4\" style=\"padding: 0px; \" ><div  class=\"x-feature-box mvn center-text top-text cf\" style=\" max-width: 250px;\" data-x-element=\"feature_box\" data-x-params=\"{&quot;child&quot;:false,&quot;graphicAnimation&quot;:&quot;flipInX&quot;,&quot;graphicAnimationOffset&quot;:&quot;65&quot;,&quot;graphicAnimationDelay&quot;:&quot;0&quot;}\"><div class=\"x-feature-box-graphic circle \"><div class=\"x-feature-box-graphic-outer circle animated-hide\" style=\"\"><div class=\"x-feature-box-graphic-inner circle\" style=\"font-size: 130px;\"><i class=\"x-icon-pencil circle\" data-x-icon-s=\"&#xf303;\"  style=\"margin: 0 auto; border-width: 4px 4px 4px 4px; border-style: solid; border-color: ; color: #02aed6; background-color: transparent;\"><\/i><\/div><\/div><\/div><div class=\"x-feature-box-content \"><h4 class=\"x-feature-box-title\">Design<\/h4><p class=\"x-feature-box-text\">Lorem ipsum dolor sit amet, consectetur adipiscing elit. Pellentesque pretium.<\/p><\/div><\/div><hr  class=\"x-gap x-hide-xl x-hide-lg x-hide-md \" style=\"margin: 50px 0 0 0;\"><\/div><div  class=\"x-column x-sm x-1-4\" style=\"padding: 0px; \" ><div  class=\"x-feature-box mvn center-text top-text cf\" style=\" max-width: 250px;\" data-x-element=\"feature_box\" data-x-params=\"{&quot;child&quot;:false,&quot;graphicAnimation&quot;:&quot;flipInX&quot;,&quot;graphicAnimationOffset&quot;:&quot;65&quot;,&quot;graphicAnimationDelay&quot;:&quot;500&quot;}\"><div class=\"x-feature-box-graphic circle \"><div class=\"x-feature-box-graphic-outer circle animated-hide\" style=\"\"><div class=\"x-feature-box-graphic-inner circle\" style=\"font-size: 130px;\"><i class=\"x-icon-line-chart circle\" data-x-icon-s=\"&#xf201;\"  style=\"margin: 0 auto; border-width: 4px 4px 4px 4px; border-style: solid; border-color: ; color: #02aed6; background-color: transparent;\"><\/i><\/div><\/div><\/div><div class=\"x-feature-box-content \"><h4 class=\"x-feature-box-title\">Strategy<\/h4><p class=\"x-feature-box-text\">Lorem ipsum dolor sit amet, consectetur adipiscing elit. Pellentesque pretium.<\/p><\/div><\/div><hr  class=\"x-gap x-hide-xl x-hide-lg x-hide-md \" style=\"margin: 50px 0 0 0;\"><\/div><div  class=\"x-column x-sm x-1-4\" style=\"padding: 0px; \" ><div  class=\"x-feature-box mvn center-text top-text cf\" style=\" max-width: 250px;\" data-x-element=\"feature_box\" data-x-params=\"{&quot;child&quot;:false,&quot;graphicAnimation&quot;:&quot;flipInX&quot;,&quot;graphicAnimationOffset&quot;:&quot;65&quot;,&quot;graphicAnimationDelay&quot;:&quot;1000&quot;}\"><div class=\"x-feature-box-graphic circle \"><div class=\"x-feature-box-graphic-outer circle animated-hide\" style=\"\"><div class=\"x-feature-box-graphic-inner circle\" style=\"font-size: 130px;\"><i class=\"x-icon-laptop circle\" data-x-icon-s=\"&#xf109;\"  style=\"margin: 0 auto; border-width: 4px 4px 4px 4px; border-style: solid; border-color: ; color: #02aed6; background-color: transparent;\"><\/i><\/div><\/div><\/div><div class=\"x-feature-box-content \"><h4 class=\"x-feature-box-title\">Digital<\/h4><p class=\"x-feature-box-text\">Lorem ipsum dolor sit amet, consectetur adipiscing elit. Pellentesque pretium.<\/p><\/div><\/div><hr  class=\"x-gap x-hide-xl x-hide-lg x-hide-md \" style=\"margin: 50px 0 0 0;\"><\/div><div  class=\"x-column x-sm x-1-4\" style=\"padding: 0px; \" ><div  class=\"x-feature-box mvn center-text top-text cf\" style=\" max-width: 250px;\" data-x-element=\"feature_box\" data-x-params=\"{&quot;child&quot;:false,&quot;graphicAnimation&quot;:&quot;flipInX&quot;,&quot;graphicAnimationOffset&quot;:&quot;65&quot;,&quot;graphicAnimationDelay&quot;:&quot;1500&quot;}\"><div class=\"x-feature-box-graphic circle \"><div class=\"x-feature-box-graphic-outer circle animated-hide\" style=\"\"><div class=\"x-feature-box-graphic-inner circle\" style=\"font-size: 130px;\"><i class=\"x-icon-comments circle\" data-x-icon-s=\"&#xf086;\"  style=\"margin: 0 auto; border-width: 4px 4px 4px 4px; border-style: solid; border-color: ; color: #02aed6; background-color: transparent;\"><\/i><\/div><\/div><\/div><div class=\"x-feature-box-content \"><h4 class=\"x-feature-box-title\">Marketing<\/h4><p class=\"x-feature-box-text\">Lorem ipsum dolor sit amet, consectetur adipiscing elit. Pellentesque pretium.<\/p><\/div><\/div><\/div><\/div><div id=\"\" class=\"x-container max width\" style=\"margin: 0px auto; padding: 0px; \" ><div  class=\"x-column x-sm x-1-1\" style=\"padding: 0px; \" ><a  class=\"x-btn x-btn-alt x-btn-large\"  href=\"http:\/\/nicolaiherzog.de\/blog\/get-in-touch\/\" title=\"Get In Touch\"    data-options=\"thumbnail: ''\">Get In Touch<\/a><\/div><\/div><\/div><div id=\"x-section-4\" class=\"x-section\" style=\"margin: 0px; padding: 100px 0px;  background-color: transparent;\" ><div id=\"\" class=\"x-container max width\" style=\"margin: 0px auto; padding: 0px; \" ><div  class=\"x-column x-sm x-1-3\" style=\"padding: 0px; \" ><h2  class=\"h-custom-headline man h3\" ><span>Case studies.<\/span><\/h2><div  class=\"x-raw-content\" style=\"margin: 1.45em 0 1.95em;\">\n<p class=\"man\">Lorem ipsum dolor sit amet, consectetur adipiscing elit. Pellentesque pretium, nisi ut volutpat mollis, leo risus interdum arcu.<\/p>\n<\/div><a  class=\"x-btn x-btn-large\"  href=\"http:\/\/nicolaiherzog.de\/blog\/case-studies\/\" title=\"All Case Studies\"    data-options=\"thumbnail: ''\">All Case Studies<\/a><hr  class=\"x-gap x-hide-xl x-hide-lg x-hide-md \" style=\"margin: 50px 0 0 0;\"><\/div><div  class=\"x-column x-sm x-1-3\" style=\"padding: 0px; \" ><div  class=\"x-recent-posts cf man horizontal\"  data-x-element=\"recent_posts\" data-x-params=\"{&quot;fade&quot;:false}\" data-fade=\"false\" ><a class=\"x-recent-post1 with-image\" href=\"https:\/\/www.megamaschine.org\/fr\/portfolio-item\/case-study-6\/\" title=\"Permalink to: &quot;Case Study #6&quot;\"><article id=\"post-95\" class=\"post-95 x-portfolio type-x-portfolio status-publish hentry portfolio-category-branding portfolio-category-digital portfolio-category-print x-portfolio-fa6b84b13ce63b1f620cbf5a776fa76f x-portfolio-e0e1d64fdac4188f087c4d44060de65e x-portfolio-f7531e2d0ea27233ce00b5f01c5bf335 no-post-thumbnail\"><div class=\"entry-wrap\"><div class=\"x-recent-posts-img\"><i class='x-framework-icon x-recent-posts-icon' data-x-icon-s='&#xf15c;' aria-hidden=true><\/i><\/div><div class=\"x-recent-posts-content\"><h3 class=\"h-recent-posts\">Case Study #6<\/h3><span class=\"x-recent-posts-date\">2015-07-20<\/span><\/div><\/div><\/article><\/a><\/div><div  class=\"x-recent-posts cf horizontal\" style=\"margin: 4% 0 0;\" data-x-element=\"recent_posts\" data-x-params=\"{&quot;fade&quot;:false}\" data-fade=\"false\" ><a class=\"x-recent-post2 with-image\" href=\"https:\/\/www.megamaschine.org\/fr\/portfolio-item\/case-study-5\/\" title=\"Permalink to: &quot;Case Study #5&quot;\"><article id=\"post-100\" class=\"post-100 x-portfolio type-x-portfolio status-publish hentry portfolio-category-digital x-portfolio-e0e1d64fdac4188f087c4d44060de65e no-post-thumbnail\"><div class=\"entry-wrap\"><div class=\"x-recent-posts-img\"><i class='x-framework-icon x-recent-posts-icon' data-x-icon-s='&#xf15c;' aria-hidden=true><\/i><\/div><div class=\"x-recent-posts-content\"><h3 class=\"h-recent-posts\">Case Study #5<\/h3><span class=\"x-recent-posts-date\">2015-07-06<\/span><\/div><\/div><\/article><\/a><a class=\"x-recent-post2 with-image\" href=\"https:\/\/www.megamaschine.org\/fr\/portfolio-item\/case-study-4\/\" title=\"Permalink to: &quot;Case Study #4&quot;\"><article id=\"post-99\" class=\"post-99 x-portfolio type-x-portfolio status-publish hentry portfolio-category-branding x-portfolio-fa6b84b13ce63b1f620cbf5a776fa76f no-post-thumbnail\"><div class=\"entry-wrap\"><div class=\"x-recent-posts-img\"><i class='x-framework-icon x-recent-posts-icon' data-x-icon-s='&#xf15c;' aria-hidden=true><\/i><\/div><div class=\"x-recent-posts-content\"><h3 class=\"h-recent-posts\">Case Study #4<\/h3><span class=\"x-recent-posts-date\">2015-06-02<\/span><\/div><\/div><\/article><\/a><\/div><hr  class=\"x-gap x-hide-xl x-hide-lg x-hide-md \" style=\"margin: 50px 0 0 0;\"><\/div><div  class=\"x-column x-sm x-1-3\" style=\"padding: 0px; \" ><div  class=\"x-recent-posts cf man horizontal\"  data-x-element=\"recent_posts\" data-x-params=\"{&quot;fade&quot;:false}\" data-fade=\"false\" ><a class=\"x-recent-post2 with-image\" href=\"https:\/\/www.megamaschine.org\/fr\/portfolio-item\/case-study-3\/\" title=\"Permalink to: &quot;Case Study #3&quot;\"><article id=\"post-98\" class=\"post-98 x-portfolio type-x-portfolio status-publish hentry portfolio-category-print x-portfolio-f7531e2d0ea27233ce00b5f01c5bf335 no-post-thumbnail\"><div class=\"entry-wrap\"><div class=\"x-recent-posts-img\"><i class='x-framework-icon x-recent-posts-icon' data-x-icon-s='&#xf15c;' aria-hidden=true><\/i><\/div><div class=\"x-recent-posts-content\"><h3 class=\"h-recent-posts\">Case Study #3<\/h3><span class=\"x-recent-posts-date\">2015-05-18<\/span><\/div><\/div><\/article><\/a><a class=\"x-recent-post2 with-image\" href=\"https:\/\/www.megamaschine.org\/fr\/portfolio-item\/case-study-2\/\" title=\"Permalink to: &quot;Case Study #2&quot;\"><article id=\"post-96\" class=\"post-96 x-portfolio type-x-portfolio status-publish hentry portfolio-category-branding portfolio-category-digital x-portfolio-fa6b84b13ce63b1f620cbf5a776fa76f x-portfolio-e0e1d64fdac4188f087c4d44060de65e no-post-thumbnail\"><div class=\"entry-wrap\"><div class=\"x-recent-posts-img\"><i class='x-framework-icon x-recent-posts-icon' data-x-icon-s='&#xf15c;' aria-hidden=true><\/i><\/div><div class=\"x-recent-posts-content\"><h3 class=\"h-recent-posts\">Case Study #2<\/h3><span class=\"x-recent-posts-date\">2015-04-28<\/span><\/div><\/div><\/article><\/a><\/div><div  class=\"x-recent-posts cf horizontal\" style=\"margin: 4% 0 0;\" data-x-element=\"recent_posts\" data-x-params=\"{&quot;fade&quot;:false}\" data-fade=\"false\" ><a class=\"x-recent-post1 with-image\" href=\"https:\/\/www.megamaschine.org\/fr\/portfolio-item\/case-study-1\/\" title=\"Permalink to: &quot;Case Study #1&quot;\"><article id=\"post-97\" class=\"post-97 x-portfolio type-x-portfolio status-publish hentry portfolio-category-branding portfolio-category-print x-portfolio-fa6b84b13ce63b1f620cbf5a776fa76f x-portfolio-f7531e2d0ea27233ce00b5f01c5bf335 no-post-thumbnail\"><div class=\"entry-wrap\"><div class=\"x-recent-posts-img\"><i class='x-framework-icon x-recent-posts-icon' data-x-icon-s='&#xf15c;' aria-hidden=true><\/i><\/div><div class=\"x-recent-posts-content\"><h3 class=\"h-recent-posts\">Case Study #1<\/h3><span class=\"x-recent-posts-date\">2015-04-13<\/span><\/div><\/div><\/article><\/a><\/div><\/div><\/div><\/div><div id=\"x-section-5\" class=\"x-section bg-pattern\" style=\"margin: 0px; padding: 50px 0px;  background-image: url(http:\/\/nicolaiherzog.de\/blog\/wp-content\/uploads\/sites\/2\/2016\/03\/bg-pattern.png); background-color: #02aed6;\" data-x-element=\"section\" data-x-params=\"{&quot;type&quot;:&quot;pattern&quot;,&quot;parallax&quot;:false}\"><div id=\"\" class=\"x-container max width\" style=\"margin: 0px auto; padding: 0px; \" ><div  class=\"x-column x-sm x-1-3\" style=\"padding: 0px; \" ><div  class=\"x-counter\" data-x-element-counter=\"{&quot;to&quot;:&quot;15&quot;,&quot;speed&quot;:&quot;1500ms&quot;,&quot;selector&quot;:&quot;.number&quot;}\" ><div class=\"number-wrap w-h\" style=\"color: #ffffff;\"><span class=\"number\">0<\/span><\/div><span class=\"text-below\" style=\"color: #333333;\">Team Members<\/span><\/div><hr  class=\"x-gap x-hide-xl x-hide-lg x-hide-md \" style=\"margin: 50px 0 0 0;\"><\/div><div  class=\"x-column x-sm x-1-3\" style=\"padding: 0px; \" ><div  class=\"x-counter\" data-x-element-counter=\"{&quot;to&quot;:&quot;167&quot;,&quot;speed&quot;:&quot;1500ms&quot;,&quot;selector&quot;:&quot;.number&quot;}\" ><div class=\"number-wrap w-h\" style=\"color: #ffffff;\"><span class=\"number\">0<\/span><\/div><span class=\"text-below\" style=\"color: #333333;\">Happy Clients<\/span><\/div><hr  class=\"x-gap x-hide-xl x-hide-lg x-hide-md \" style=\"margin: 50px 0 0 0;\"><\/div><div  class=\"x-column x-sm x-1-3\" style=\"padding: 0px; \" ><div  class=\"x-counter\" data-x-element-counter=\"{&quot;to&quot;:&quot;7832&quot;,&quot;speed&quot;:&quot;1500ms&quot;,&quot;selector&quot;:&quot;.number&quot;}\" ><div class=\"number-wrap w-h\" style=\"color: #ffffff;\"><span class=\"number\">0<\/span><span class=\"suffix\">+<\/span><\/div><span class=\"text-below\" style=\"color: #333333;\">Cups of Coffee<\/span><\/div><\/div><\/div><\/div><div id=\"x-section-6\" class=\"x-section bg-image parallax\" style=\"margin: 0px; padding: 100px 0px;  background-image: url(http:\/\/nicolaiherzog.de\/blog\/wp-content\/uploads\/sites\/2\/2016\/03\/bg-office-02.jpg); background-color: #9b9686;\" data-x-element=\"section\" data-x-params=\"{&quot;type&quot;:&quot;image&quot;,&quot;parallax&quot;:true}\"><div id=\"\" class=\"x-container max width\" style=\"margin: 0px auto; padding: 0px; \" ><div  class=\"x-column x-sm x-1-1\" style=\"padding: 0px; \" ><hr  class=\"x-gap\" style=\"margin: 25% 0 0 0;\"><\/div><\/div><\/div><div id=\"x-section-7\" class=\"x-section center-text\" style=\"margin: 0px; padding: 50px 0px;  background-color: transparent;\" ><div id=\"\" class=\"x-container max width\" style=\"margin: 0px auto; padding: 0px; \" ><div  class=\"x-column x-sm x-1-5\" style=\"padding: 0px; \" ><img decoding=\"async\"  class=\"x-img man x-img-thumbnail\"  src=\"http:\/\/nicolaiherzog.de\/blog\/wp-content\/uploads\/sites\/2\/2016\/03\/client_0.png\" alt=\"Logo\"><hr  class=\"x-gap x-hide-xl x-hide-lg x-hide-md \" style=\"margin: 50px 0 0 0;\"><\/div><div  class=\"x-column x-sm x-1-5\" style=\"padding: 0px; \" ><img decoding=\"async\"  class=\"x-img man x-img-thumbnail\"  src=\"http:\/\/nicolaiherzog.de\/blog\/wp-content\/uploads\/sites\/2\/2016\/03\/client_1.png\" alt=\"Logo\"><hr  class=\"x-gap x-hide-xl x-hide-lg x-hide-md \" style=\"margin: 50px 0 0 0;\"><\/div><div  class=\"x-column x-sm x-1-5\" style=\"padding: 0px; \" ><img decoding=\"async\"  class=\"x-img man x-img-thumbnail\"  src=\"http:\/\/nicolaiherzog.de\/blog\/wp-content\/uploads\/sites\/2\/2016\/03\/client_2.png\" alt=\"Logo\"><hr  class=\"x-gap x-hide-xl x-hide-lg x-hide-md \" style=\"margin: 50px 0 0 0;\"><\/div><div  class=\"x-column x-sm x-1-5\" style=\"padding: 0px; \" ><img decoding=\"async\"  class=\"x-img man x-img-thumbnail\"  src=\"http:\/\/nicolaiherzog.de\/blog\/wp-content\/uploads\/sites\/2\/2016\/03\/client_3.png\" alt=\"Logo\"><hr  class=\"x-gap x-hide-xl x-hide-lg x-hide-md \" style=\"margin: 50px 0 0 0;\"><\/div><div  class=\"x-column x-sm x-1-5\" style=\"padding: 0px; \" ><img decoding=\"async\"  class=\"x-img man x-img-thumbnail\"  src=\"http:\/\/nicolaiherzog.de\/blog\/wp-content\/uploads\/sites\/2\/2016\/03\/client_4.png\" alt=\"Logo\"><\/div><\/div><\/div><div id=\"x-section-8\" class=\"x-section\" style=\"margin: 0px; padding: 0 0px;  background-color: transparent;\" ><div id=\"\" class=\"x-container\" style=\"margin: 0px auto; padding: 0px; \" ><div  class=\"x-column x-sm x-1-1\" style=\"padding: 0px; \" ><a  class=\"x-creative-cta slide-right\" href=\"http:\/\/nicolaiherzog.de\/blog\/get-in-touch\/\" style=\"padding: 65px 50px 65px 50px; color: #ffffff; background-color: #02aed6;\" data-x-element=\"creative_cta\" data-x-params=\"{&quot;animation&quot;:&quot; slide-right&quot;,&quot;bg_color&quot;:&quot;#02aed6&quot;,&quot;bg_color_hover&quot;:&quot;#02aed6&quot;}\"><span class=\"text\" style=\"font-size: 45px;\">Start your project today!<\/span><span class=\"graphic\"><i style=\"margin: 0; font-size: 75px;\" class=\"x-icon-arrow-right\" data-x-icon-s=\"&#xf061;\"><\/i><\/span><\/a><\/div><\/div><\/div><div id=\"x-section-9\" class=\"x-section dark-section bg-image parallax\" style=\"margin: 0px; padding: 50px 0px;  background-image: url(http:\/\/nicolaiherzog.de\/blog\/wp-content\/uploads\/sites\/2\/2016\/03\/bg-office-01.jpg); background-color: #27292a;\" data-x-element=\"section\" data-x-params=\"{&quot;type&quot;:&quot;image&quot;,&quot;parallax&quot;:true}\"><div id=\"\" class=\"x-container max width\" style=\"margin: 0px auto; padding: 0px; \" ><div  class=\"x-column x-sm x-3-5\" style=\"padding: 10px;  background-color:#595959;\" ><div id=\"x-google-map-1\" class=\"x-map x-google-map man\" data-x-element=\"google_map\" data-x-params=\"{&quot;lat&quot;:&quot;40.7056308&quot;,&quot;lng&quot;:&quot;-73.9780035&quot;,&quot;drag&quot;:false,&quot;zoom&quot;:&quot;12&quot;,&quot;zoomControl&quot;:false,&quot;hue&quot;:&quot;#02aed6&quot;,&quot;mapId&quot;:&quot;DEMO_MAP_ID&quot;}\" ><div class=\"x-map-inner x-google-map-inner\" style=\"padding-bottom: 445px;\"><\/div><div class=\"x-google-map-marker\" style=\"position: absolute; visibility: hidden;\" data-x-element=\"google_map_marker\" data-x-params=\"{&quot;lat&quot;:&quot;40.7056308&quot;,&quot;lng&quot;:&quot;-73.9780035&quot;,&quot;markerInfo&quot;:&quot;&quot;,&quot;startOpen&quot;:false}\"><\/div><\/div><\/div><div  class=\"x-column x-sm x-2-5\" style=\"padding: 0px; \" ><hr  class=\"x-gap\" style=\"margin: 50px 0 0 0;\"><h2  class=\"h-custom-headline man h3\" ><span>Find us.<\/span><\/h2><div  class=\"x-raw-content mts\" style=\"color: #fff;\">\n<p class=\"man\">123 Imaginary Drive, NYC<\/p>\n<\/div><hr  class=\"x-gap\" style=\"margin: 50px 0 0 0;\"><h2  class=\"h-custom-headline man h3\" ><span>Call us.<\/span><\/h2><div  class=\"x-raw-content mts\" style=\"color: #fff;\">\n<p class=\"man\">555.555.1234<\/p>\n<\/div><hr  class=\"x-gap\" style=\"margin: 50px 0 0 0;\"><h2  class=\"h-custom-headline man h3\" ><span>Email us.<\/span><\/h2><div  class=\"x-raw-content mts\" style=\"color: #fff;\">\n<p class=\"man\">info@silvertooth.com<\/p>\n<\/div><\/div><\/div><\/div>\n","protected":false},"excerpt":{"rendered":"","protected":false},"author":1,"featured_media":0,"parent":0,"menu_order":0,"comment_status":"closed","ping_status":"closed","template":"template-blank-4.php","meta":{"footnotes":""},"class_list":["post-101","page","type-page","status-publish","hentry","x-portfolio-fa6b84b13ce63b1f620cbf5a776fa76f","x-portfolio-f7531e2d0ea27233ce00b5f01c5bf335","no-post-thumbnail"],"yoast_head":"<!-- This site is optimized with the Yoast SEO plugin v27.5 - https:\/\/yoast.com\/product\/yoast-seo-wordpress\/ -->\n<title>Home - La fin de la m\u00e9ga-machine<\/title>\n<meta name=\"robots\" content=\"index, follow, max-snippet:-1, max-image-preview:large, max-video-preview:-1\" \/>\n<link rel=\"canonical\" href=\"https:\/\/www.megamaschine.org\/fr\/home\/\" \/>\n<meta property=\"og:locale\" content=\"fr_FR\" \/>\n<meta property=\"og:type\" content=\"article\" \/>\n<meta property=\"og:title\" content=\"Home - La fin de la m\u00e9ga-machine\" \/>\n<meta property=\"og:url\" content=\"https:\/\/www.megamaschine.org\/fr\/home\/\" \/>\n<meta property=\"og:site_name\" content=\"La fin de la m\u00e9ga-machine\" \/>\n<meta name=\"twitter:card\" content=\"summary_large_image\" \/>\n<meta name=\"twitter:label1\" content=\"Dur\u00e9e de lecture estim\u00e9e\" \/>\n\t<meta name=\"twitter:data1\" content=\"9 minutes\" \/>\n<script type=\"application\/ld+json\" class=\"yoast-schema-graph\">{\"@context\":\"https:\\\/\\\/schema.org\",\"@graph\":[{\"@type\":\"WebPage\",\"@id\":\"https:\\\/\\\/www.megamaschine.org\\\/fr\\\/home\\\/\",\"url\":\"https:\\\/\\\/www.megamaschine.org\\\/fr\\\/home\\\/\",\"name\":\"Home - La fin de la m\u00e9ga-machine\",\"isPartOf\":{\"@id\":\"https:\\\/\\\/www.megamaschine.org\\\/fr\\\/#website\"},\"datePublished\":\"2015-04-08T23:39:04+00:00\",\"breadcrumb\":{\"@id\":\"https:\\\/\\\/www.megamaschine.org\\\/fr\\\/home\\\/#breadcrumb\"},\"inLanguage\":\"fr-FR\",\"potentialAction\":[{\"@type\":\"ReadAction\",\"target\":[\"https:\\\/\\\/www.megamaschine.org\\\/fr\\\/home\\\/\"]}]},{\"@type\":\"BreadcrumbList\",\"@id\":\"https:\\\/\\\/www.megamaschine.org\\\/fr\\\/home\\\/#breadcrumb\",\"itemListElement\":[{\"@type\":\"ListItem\",\"position\":1,\"name\":\"Startseite\",\"item\":\"https:\\\/\\\/www.megamaschine.org\\\/fr\\\/\"},{\"@type\":\"ListItem\",\"position\":2,\"name\":\"Home\"}]},{\"@type\":\"WebSite\",\"@id\":\"https:\\\/\\\/www.megamaschine.org\\\/fr\\\/#website\",\"url\":\"https:\\\/\\\/www.megamaschine.org\\\/fr\\\/\",\"name\":\"La fin de la m\u00e9ga-machine\",\"description\":\"A Book from Fabian Scheidler\",\"potentialAction\":[{\"@type\":\"SearchAction\",\"target\":{\"@type\":\"EntryPoint\",\"urlTemplate\":\"https:\\\/\\\/www.megamaschine.org\\\/fr\\\/?s={search_term_string}\"},\"query-input\":{\"@type\":\"PropertyValueSpecification\",\"valueRequired\":true,\"valueName\":\"search_term_string\"}}],\"inLanguage\":\"fr-FR\"}]}<\/script>\n<!-- \/ Yoast SEO plugin. -->","yoast_head_json":{"title":"Home - La fin de la m\u00e9ga-machine","robots":{"index":"index","follow":"follow","max-snippet":"max-snippet:-1","max-image-preview":"max-image-preview:large","max-video-preview":"max-video-preview:-1"},"canonical":"https:\/\/www.megamaschine.org\/fr\/home\/","og_locale":"fr_FR","og_type":"article","og_title":"Home - La fin de la m\u00e9ga-machine","og_url":"https:\/\/www.megamaschine.org\/fr\/home\/","og_site_name":"La fin de la m\u00e9ga-machine","twitter_card":"summary_large_image","twitter_misc":{"Dur\u00e9e de lecture estim\u00e9e":"9 minutes"},"schema":{"@context":"https:\/\/schema.org","@graph":[{"@type":"WebPage","@id":"https:\/\/www.megamaschine.org\/fr\/home\/","url":"https:\/\/www.megamaschine.org\/fr\/home\/","name":"Home - La fin de la m\u00e9ga-machine","isPartOf":{"@id":"https:\/\/www.megamaschine.org\/fr\/#website"},"datePublished":"2015-04-08T23:39:04+00:00","breadcrumb":{"@id":"https:\/\/www.megamaschine.org\/fr\/home\/#breadcrumb"},"inLanguage":"fr-FR","potentialAction":[{"@type":"ReadAction","target":["https:\/\/www.megamaschine.org\/fr\/home\/"]}]},{"@type":"BreadcrumbList","@id":"https:\/\/www.megamaschine.org\/fr\/home\/#breadcrumb","itemListElement":[{"@type":"ListItem","position":1,"name":"Startseite","item":"https:\/\/www.megamaschine.org\/fr\/"},{"@type":"ListItem","position":2,"name":"Home"}]},{"@type":"WebSite","@id":"https:\/\/www.megamaschine.org\/fr\/#website","url":"https:\/\/www.megamaschine.org\/fr\/","name":"La fin de la m\u00e9ga-machine","description":"A Book from Fabian Scheidler","potentialAction":[{"@type":"SearchAction","target":{"@type":"EntryPoint","urlTemplate":"https:\/\/www.megamaschine.org\/fr\/?s={search_term_string}"},"query-input":{"@type":"PropertyValueSpecification","valueRequired":true,"valueName":"search_term_string"}}],"inLanguage":"fr-FR"}]}},"_links":{"self":[{"href":"https:\/\/www.megamaschine.org\/fr\/wp-json\/wp\/v2\/pages\/101","targetHints":{"allow":["GET"]}}],"collection":[{"href":"https:\/\/www.megamaschine.org\/fr\/wp-json\/wp\/v2\/pages"}],"about":[{"href":"https:\/\/www.megamaschine.org\/fr\/wp-json\/wp\/v2\/types\/page"}],"author":[{"embeddable":true,"href":"https:\/\/www.megamaschine.org\/fr\/wp-json\/wp\/v2\/users\/1"}],"replies":[{"embeddable":true,"href":"https:\/\/www.megamaschine.org\/fr\/wp-json\/wp\/v2\/comments?post=101"}],"version-history":[{"count":0,"href":"https:\/\/www.megamaschine.org\/fr\/wp-json\/wp\/v2\/pages\/101\/revisions"}],"wp:attachment":[{"href":"https:\/\/www.megamaschine.org\/fr\/wp-json\/wp\/v2\/media?parent=101"}],"curies":[{"name":"wp","href":"https:\/\/api.w.org\/{rel}","templated":true}]}}