{"id":87,"date":"2015-04-08T18:38:57","date_gmt":"2015-04-08T23:38:57","guid":{"rendered":"http:\/\/nicolaiherzog.de\/blog\/?page_id=87"},"modified":"2024-06-28T12:41:30","modified_gmt":"2024-06-28T10:41:30","slug":"auteur","status":"publish","type":"page","link":"https:\/\/www.megamaschine.org\/fr\/auteur\/","title":{"rendered":"Auteur"},"content":{"rendered":"<div id=\"cs-content\" class=\"cs-content\"><div id=\"x-section-1\" class=\"x-section cs-ta-center\" style=\"margin: 0px;padding: 100px 0px 45px; background-color: transparent;\" ><div id=\"\" class=\"x-container max width\" style=\"margin: 0px auto;padding: 0px 5%;\" ><div  class=\"x-column x-sm x-1-1\" style=\"padding: 0px;\" ><div  class=\"x-feature-box man center-text top-text cf\" style=\" max-width: none;\" data-x-element=\"feature_box\" data-x-params=\"{&quot;child&quot;:false,&quot;graphicAnimation&quot;:&quot;none&quot;,&quot;graphicAnimationOffset&quot;:&quot;50&quot;,&quot;graphicAnimationDelay&quot;:&quot;0&quot;}\"><div class=\"x-feature-box-graphic square \"><div class=\"x-feature-box-graphic-outer square\" style=\"\"><div class=\"x-feature-box-graphic-inner square\" style=\"font-size: 200px;\"><img decoding=\"async\" class=\"square\" src=\"https:\/\/www.megamaschine.org\/fr\/wp-content\/uploads\/sites\/5\/2020\/08\/Scheidler_Portrait_quer_kor_ausschn_hoch_kl.jpg\" style=\"margin: 0 auto;\"><\/div><\/div><\/div><div class=\"x-feature-box-content \"><h4 class=\"x-feature-box-title\">Fabian Scheidler<\/h4><p class=\"x-feature-box-text\"><\/p><\/div><\/div><hr  class=\"x-gap\" style=\"margin: 35px 0 0 0;\"><div id=\"\" class=\"x-text cs-ta-center\" style=\"\" ><p style=\"text-align: left;\">N\u00e9 en 1968, <strong>Fabian Scheidler<\/strong> a \u00e9tudi\u00e9 l\u2019histoire et la philosophie \u00e0 l\u2019Universit\u00e9 libre de Berlin, puis la mise en sc\u00e8ne \u00e0 l\u2019\u00c9cole sup\u00e9rieure de musique et de th\u00e9\u00e2tre \u00e0 Francfort. Il travaille et vit \u00e0 Berlin comme auteur ind\u00e9pendant pour la presse, la t\u00e9l\u00e9vision, le th\u00e9\u00e2tre et l\u2019op\u00e9ra.<\/p>\n<p style=\"text-align: left;\">En 2009, il a co-fond\u00e9 le journal t\u00e9l\u00e9vis\u00e9 ind\u00e9pendant <a href=\"http:\/\/www.kontext-tv.de\/en\" target=\"_blank\" rel=\"noopener\">Kontext TV<\/a> qui a produit depuis lors plus de 100 \u00e9missions sur des questions de justice mondiale. Il publie \u00e9galement dans des revues et journaux, dont Le Monde diplomatique, Berliner Zeitung, Frankfurter Rundschau, Taz. Die Tageszeitung, Der Freitag, Wiener Zeitung, WOZ, Jacobin, The Progressive, Common Dreams, Reporterre, Mediapart, Les Terrestres et Bl\u00e4tter f\u00fcr deutsche und internationale Politik (\u00e9dit\u00e9 par J\u00fcrgen Habermas et al). Prix m\u00e9dia Otto Brenner pour le journalisme critique en 2009. En 2010, il a \u00e9t\u00e9 coordinateur du <a href=\"https:\/\/www.attac.de\/kampagnen\/finanzmarktkrise\/bankentribunal\/startseite\/\" target=\"_blank\" rel=\"noopener\">Tribunal Attac sur les banques<\/a> \u00e0 la Volksb\u00fchne \u00e0 Berlin.<\/p>\n<p style=\"text-align: left;\">En tant que dramaturge et auteur, il a travaill\u00e9 pour le Grips Theater \u00e0 Berlin pendant plusieurs ann\u00e9es. En 2013, son op\u00e9ra \u00ab <a href=\"https:\/\/fabianscheidler.com\/death-of-a-banker\/\" target=\"_blank\" rel=\"noopener\">Mort d\u2019un banquier<\/a> \u00bb (musique : Andreas Kersting) a \u00e9t\u00e9 cr\u00e9\u00e9 au Th\u00e9\u00e2tre Gerhart Hauptmann \u00e0 G\u00f6rlitz (Allemagne).<\/p>\n<p style=\"text-align: left;\">En 2015, son livre \u00ab <a href=\"https:\/\/www.megamaschine.org\/fr\">La fin de la m\u00e9gamachine. Sur les traces d\u2019une civilisation en voie d\u2019effondrement<\/a> \u00bb a \u00e9t\u00e9 publi\u00e9 en allemand. Le livre fut traduit en n\u00e9erlandais (Lemniscaat 2018), en anglais (Zero Books 2020) et en fran\u00e7ais (Le Seuil 2020), des \u00e9ditions en chinois, espagnol, italien, turc, grec et kurde sont en pr\u00e9paration.<\/p>\n<p style=\"text-align: left;\">Il a \u00e9t\u00e9 suivi en 2017 par \u00ab <a href=\"https:\/\/www.megamaschine.org\/en\/revolutions\/\" target=\"_blank\" rel=\"noopener\">Chaos. Das neue Zeitalter der Revolutionen<\/a> \u00bb (\u00ab Chaos. Le nouvel \u00e2ge des r\u00e9volutions \u00bb). En 2019, Fabian Scheidler a publi\u00e9 la collection d\u2019essais et de photosynth\u00e8ses \u00ab <a href=\"https:\/\/fabianscheidler.com\/books\/#essays\" target=\"_blank\" rel=\"noopener\">Die volle und die leere Welt<\/a> \u00bb (\u00ab Le Plein et le vid\u00e9 \u00bb). ainsi que, en tant qu\u2019\u00e9diteur, \u00ab <a href=\"https:\/\/fabianscheidler.com\/the-fight-for-global-justice\/\" target=\"_blank\" rel=\"noopener\">Der Kampf um globale Gerechtigkeit<\/a> \u00bb (\u00ab La lutte pour la justice mondiale \u00bb)..<\/p>\n<p style=\"text-align: left;\">En 2021, la maison d\u2019\u00e9dition Piper a publi\u00e9\u00a0 \u00ab <a href=\"https:\/\/fabian-scheidler.de\/der-stoff-aus-dem-wir-sind\/\" target=\"_blank\" rel=\"noopener\">Der Stoff, aus dem wir sind. Warum wir Natur und Gesellschaft neu denken m\u00fcssen<\/a> \u00bb (\u00ab L\u2019\u00e9toffe dont nous sommes faits. Repenser la nature et la soci\u00e9t\u00e9 \u00bb), suivi par \u00ab <a href=\"https:\/\/fabianscheidler.com\/books\/#mental-field\" target=\"_blank\" rel=\"noopener\">Le champ mental. Essentiels du th\u00e9\u00e2tre<\/a>\u00a0\u00bb aux \u00e9ditions Alexander.<\/p>\n<p style=\"text-align: left;\">Nombreuses tourn\u00e9es de <a href=\"https:\/\/fabian-scheidler.de\/termine\/#vortraege\" target=\"_blank\" rel=\"noopener\">conf\u00e9rences<\/a>. Parmi les \u00e9tapes : le Club de Rome, INSEAD Fontainebleau, Ars Electronica Linz, \u00c9cole d\u2019\u00e9conomie de Paris, Literaturhaus Berlin, Klassik-Stiftung Weimar, Universit\u00e9 de Toulouse, ETH Zurich, Ludwig-Maximilian-Universit\u00e4t M\u00fcnchen, Volksb\u00fchne am Rosa-Luxemburg-Platz Berlin, Brainwash-Festival Amsterdam, Heinrich-B\u00f6ll-Stiftung et bien d\u2019autres.<\/p>\n<p style=\"text-align: left;\">Fabian Scheidler est r\u00e9guli\u00e8rement invit\u00e9 par divers m\u00e9dias, dont Radio France Culture, BBC World Service, Deutschlandradio, WDR, SWR, Bayerischer Rundfunk, ORF, Arte, 3Sat, RTL, RAI, ZEIT Online, Frankfurter Rundschau, Taz, Wiener Zeitung et Nouvel Obs.<\/p>\n<p style=\"text-align: left;\">Fabian Scheidler travaille \u00e9galement comme artiste photographe, avec de nombreuses expositions de ses \u00ab <a href=\"https:\/\/fabianscheidler.com\/photosyntheses\/\" target=\"_blank\" rel=\"noopener\">photosynth\u00e8ses<\/a> \u00bb<\/p>\n<p style=\"text-align: center;\"><a href=\"https:\/\/fabianscheidler.com\" target=\"_blank\" rel=\"noopener\"><strong>www.fabian-scheidler.com<\/strong><\/a><\/p>\n<p style=\"text-align: center;\"><strong><a href=\"https:\/\/fabianscheidler.com\/publications\/\" target=\"_blank\" rel=\"noopener\">Publications<\/a><\/strong><\/p>\n<\/div><\/div><\/div><\/div><div id=\"x-section-2\" class=\"x-section\" style=\"margin: 0px;padding: 0 0px 45px; background-color: #eaeaea;\" ><div id=\"\" class=\"x-container max width\" style=\"margin: 0px auto;padding: 0px;\" ><div  class=\"x-column x-sm x-1-1\" style=\"padding: 0px;\" ><div id=\"\" class=\"x-text links\" style=\"\" ><\/div><\/div><\/div><\/div><\/div>\n","protected":false},"excerpt":{"rendered":"","protected":false},"author":1,"featured_media":0,"parent":0,"menu_order":0,"comment_status":"closed","ping_status":"closed","template":"template-blank-4.php","meta":{"footnotes":""},"class_list":["post-87","page","type-page","status-publish","hentry","no-post-thumbnail"],"yoast_head":"<!-- This site is optimized with the Yoast SEO plugin v27.3 - https:\/\/yoast.com\/product\/yoast-seo-wordpress\/ -->\n<title>Auteur - La fin de la m\u00e9ga-machine<\/title>\n<meta name=\"robots\" content=\"index, follow, max-snippet:-1, max-image-preview:large, max-video-preview:-1\" \/>\n<link rel=\"canonical\" href=\"https:\/\/www.megamaschine.org\/fr\/auteur\/\" \/>\n<meta property=\"og:locale\" content=\"fr_FR\" \/>\n<meta property=\"og:type\" content=\"article\" \/>\n<meta property=\"og:title\" content=\"Auteur - La fin de la m\u00e9ga-machine\" \/>\n<meta property=\"og:url\" content=\"https:\/\/www.megamaschine.org\/fr\/auteur\/\" \/>\n<meta property=\"og:site_name\" content=\"La fin de la m\u00e9ga-machine\" \/>\n<meta property=\"article:modified_time\" content=\"2024-06-28T10:41:30+00:00\" \/>\n<meta name=\"twitter:card\" content=\"summary_large_image\" \/>\n<meta name=\"twitter:label1\" content=\"Dur\u00e9e de lecture estim\u00e9e\" \/>\n\t<meta name=\"twitter:data1\" content=\"4 minutes\" \/>\n<script type=\"application\/ld+json\" class=\"yoast-schema-graph\">{\"@context\":\"https:\\\/\\\/schema.org\",\"@graph\":[{\"@type\":\"WebPage\",\"@id\":\"https:\\\/\\\/www.megamaschine.org\\\/fr\\\/auteur\\\/\",\"url\":\"https:\\\/\\\/www.megamaschine.org\\\/fr\\\/auteur\\\/\",\"name\":\"Auteur - La fin de la m\u00e9ga-machine\",\"isPartOf\":{\"@id\":\"https:\\\/\\\/www.megamaschine.org\\\/fr\\\/#website\"},\"datePublished\":\"2015-04-08T23:38:57+00:00\",\"dateModified\":\"2024-06-28T10:41:30+00:00\",\"breadcrumb\":{\"@id\":\"https:\\\/\\\/www.megamaschine.org\\\/fr\\\/auteur\\\/#breadcrumb\"},\"inLanguage\":\"fr-FR\",\"potentialAction\":[{\"@type\":\"ReadAction\",\"target\":[\"https:\\\/\\\/www.megamaschine.org\\\/fr\\\/auteur\\\/\"]}]},{\"@type\":\"BreadcrumbList\",\"@id\":\"https:\\\/\\\/www.megamaschine.org\\\/fr\\\/auteur\\\/#breadcrumb\",\"itemListElement\":[{\"@type\":\"ListItem\",\"position\":1,\"name\":\"Startseite\",\"item\":\"https:\\\/\\\/www.megamaschine.org\\\/fr\\\/\"},{\"@type\":\"ListItem\",\"position\":2,\"name\":\"Auteur\"}]},{\"@type\":\"WebSite\",\"@id\":\"https:\\\/\\\/www.megamaschine.org\\\/fr\\\/#website\",\"url\":\"https:\\\/\\\/www.megamaschine.org\\\/fr\\\/\",\"name\":\"La fin de la m\u00e9ga-machine\",\"description\":\"A Book from Fabian Scheidler\",\"potentialAction\":[{\"@type\":\"SearchAction\",\"target\":{\"@type\":\"EntryPoint\",\"urlTemplate\":\"https:\\\/\\\/www.megamaschine.org\\\/fr\\\/?s={search_term_string}\"},\"query-input\":{\"@type\":\"PropertyValueSpecification\",\"valueRequired\":true,\"valueName\":\"search_term_string\"}}],\"inLanguage\":\"fr-FR\"}]}<\/script>\n<!-- \/ Yoast SEO plugin. -->","yoast_head_json":{"title":"Auteur - La fin de la m\u00e9ga-machine","robots":{"index":"index","follow":"follow","max-snippet":"max-snippet:-1","max-image-preview":"max-image-preview:large","max-video-preview":"max-video-preview:-1"},"canonical":"https:\/\/www.megamaschine.org\/fr\/auteur\/","og_locale":"fr_FR","og_type":"article","og_title":"Auteur - La fin de la m\u00e9ga-machine","og_url":"https:\/\/www.megamaschine.org\/fr\/auteur\/","og_site_name":"La fin de la m\u00e9ga-machine","article_modified_time":"2024-06-28T10:41:30+00:00","twitter_card":"summary_large_image","twitter_misc":{"Dur\u00e9e de lecture estim\u00e9e":"4 minutes"},"schema":{"@context":"https:\/\/schema.org","@graph":[{"@type":"WebPage","@id":"https:\/\/www.megamaschine.org\/fr\/auteur\/","url":"https:\/\/www.megamaschine.org\/fr\/auteur\/","name":"Auteur - La fin de la m\u00e9ga-machine","isPartOf":{"@id":"https:\/\/www.megamaschine.org\/fr\/#website"},"datePublished":"2015-04-08T23:38:57+00:00","dateModified":"2024-06-28T10:41:30+00:00","breadcrumb":{"@id":"https:\/\/www.megamaschine.org\/fr\/auteur\/#breadcrumb"},"inLanguage":"fr-FR","potentialAction":[{"@type":"ReadAction","target":["https:\/\/www.megamaschine.org\/fr\/auteur\/"]}]},{"@type":"BreadcrumbList","@id":"https:\/\/www.megamaschine.org\/fr\/auteur\/#breadcrumb","itemListElement":[{"@type":"ListItem","position":1,"name":"Startseite","item":"https:\/\/www.megamaschine.org\/fr\/"},{"@type":"ListItem","position":2,"name":"Auteur"}]},{"@type":"WebSite","@id":"https:\/\/www.megamaschine.org\/fr\/#website","url":"https:\/\/www.megamaschine.org\/fr\/","name":"La fin de la m\u00e9ga-machine","description":"A Book from Fabian Scheidler","potentialAction":[{"@type":"SearchAction","target":{"@type":"EntryPoint","urlTemplate":"https:\/\/www.megamaschine.org\/fr\/?s={search_term_string}"},"query-input":{"@type":"PropertyValueSpecification","valueRequired":true,"valueName":"search_term_string"}}],"inLanguage":"fr-FR"}]}},"_links":{"self":[{"href":"https:\/\/www.megamaschine.org\/fr\/wp-json\/wp\/v2\/pages\/87","targetHints":{"allow":["GET"]}}],"collection":[{"href":"https:\/\/www.megamaschine.org\/fr\/wp-json\/wp\/v2\/pages"}],"about":[{"href":"https:\/\/www.megamaschine.org\/fr\/wp-json\/wp\/v2\/types\/page"}],"author":[{"embeddable":true,"href":"https:\/\/www.megamaschine.org\/fr\/wp-json\/wp\/v2\/users\/1"}],"replies":[{"embeddable":true,"href":"https:\/\/www.megamaschine.org\/fr\/wp-json\/wp\/v2\/comments?post=87"}],"version-history":[{"count":41,"href":"https:\/\/www.megamaschine.org\/fr\/wp-json\/wp\/v2\/pages\/87\/revisions"}],"predecessor-version":[{"id":1772,"href":"https:\/\/www.megamaschine.org\/fr\/wp-json\/wp\/v2\/pages\/87\/revisions\/1772"}],"wp:attachment":[{"href":"https:\/\/www.megamaschine.org\/fr\/wp-json\/wp\/v2\/media?parent=87"}],"curies":[{"name":"wp","href":"https:\/\/api.w.org\/{rel}","templated":true}]}}