{"id":1059,"date":"2017-12-20T16:30:32","date_gmt":"2017-12-20T15:30:32","guid":{"rendered":"https:\/\/www.megamaschine.org\/nl\/?page_id=1059"},"modified":"2018-08-15T11:23:49","modified_gmt":"2018-08-15T09:23:49","slug":"presse-chaos","status":"publish","type":"page","link":"https:\/\/www.megamaschine.org\/nl\/presse-chaos\/","title":{"rendered":"Pressestimmen zu &#8220;Chaos&#8221;"},"content":{"rendered":"<div id=\"stimmen\" class=\"x-section\" style=\"margin: 0px; padding: 20px 0px 45px;  background-color: transparent;\" ><div id=\"\" class=\"x-container max width\" style=\"margin: 0px auto; padding: 0px; \" ><div  class=\"x-column x-sm x-1-1\" style=\"padding: 0px; \" ><div id=\"\" class=\"x-text\" style=\"\" ><h3 style=\"text-align: center;\">\u00a0Stimmen zu &#8220;Chaos. Das neue Zeitalter der Revolutionen&#8221;<\/h3>\n<\/div><hr  class=\"x-gap\" style=\"margin: 50px 0 0 0;\"><div id=\"\" class=\"x-text left-text\" style=\"\" ><p style=\"text-align: right;\"><span style=\"color: #000000;\"><img loading=\"lazy\" decoding=\"async\" class=\"size-thumbnail wp-image-650 alignright\" src=\"https:\/\/www.megamaschine.org\/nl\/wp-content\/uploads\/sites\/3\/2017\/12\/Birgit_Vanderbeke_sel.jpg\" alt=\"Birgit Vanderbeke\" width=\"150\" height=\"150\" \/><\/span><\/p>\n<p style=\"text-align: right;\"><span style=\"color: #000000;\"><strong><br \/>\n&#8220;Zu der intellektuellen Souver\u00e4nit\u00e4t kommt eine ganz eigent\u00fcmliche und unverwechselbare Bildkraft dieses Autors hinzu, mit der er den Blick der Leserin sachte, aber wirksam verr\u00fcckt und befreit. (\u2026) Man mochte nicht mehr aufh\u00f6ren zu lesen.&#8221;<\/strong><br \/>\n<em><a href=\"https:\/\/www.birgitvanderbeke.com\/single-post\/2017\/12\/06\/Reloading-Society\" target=\"_blank\">Birgit Vanderbeke<\/a>, Schriftstellerin und Ingeborg-Bachmann-Preistr\u00e4gerin<\/em><\/span><\/p>\n<p>&nbsp;<\/p>\n<p style=\"text-align: center;\"><a href=\"https:\/\/www.freitag.de\/autoren\/michael-jaeger\/an-die-zeit-nach-dem-zerfall-denken\" target=\"_blank\"><span style=\"color: #000000;\"><strong><img loading=\"lazy\" decoding=\"async\" class=\"alignleft wp-image-599\" src=\"https:\/\/www.megamaschine.org\/nl\/wp-content\/uploads\/sites\/3\/2016\/04\/Der-Freitag.png\" alt=\"Der Freitag\" width=\"178\" height=\"45\" srcset=\"https:\/\/www.megamaschine.org\/nl\/wp-content\/uploads\/sites\/3\/2016\/04\/Der-Freitag.png 356w, https:\/\/www.megamaschine.org\/nl\/wp-content\/uploads\/sites\/3\/2016\/04\/Der-Freitag-300x76.png 300w, https:\/\/www.megamaschine.org\/nl\/wp-content\/uploads\/sites\/3\/2016\/04\/Der-Freitag-100x25.png 100w\" sizes=\"auto, (max-width: 178px) 100vw, 178px\" \/><\/strong><\/span><\/a><\/p>\n<p>&nbsp;<\/p>\n<p style=\"text-align: left;\"><strong><span style=\"color: #000000;\">\u201eEin Buch, das in seiner synthetischen und konzeptionellen Kraft beeindruckend ist. Es geh\u00f6rt in die Hand aller Kritiker der gegenw\u00e4rtigen \u00d6konomie.\u201c <\/span><\/strong><em><span style=\"color: #000000;\">Michael J\u00e4ger in<\/span><\/em> <em><a href=\"https:\/\/www.freitag.de\/autoren\/michael-jaeger\/an-die-zeit-nach-dem-zerfall-denken\" target=\"_blank\">Der Freitag<\/a><\/em><i><br \/>\n<\/i><\/p>\n<p>&nbsp;<\/p>\n<p style=\"text-align: right;\"><span style=\"color: #000000;\"><strong><a href=\"http:\/\/brennstoff.com\/artikel\/fabian-scheidler-chaos\/\" target=\"_blank\"><img loading=\"lazy\" decoding=\"async\" class=\"alignright wp-image-601\" src=\"https:\/\/www.megamaschine.org\/nl\/wp-content\/uploads\/sites\/3\/2017\/12\/Brennstoff.max-1200x1200.png\" alt=\"Brennstoff\" width=\"160\" height=\"100\" \/><\/a>\u201eUnter den aktuellen Gesellschaftsanalysen gibt es wohl kaum eine, die die LeserInnen derma\u00dfen erfrischt und inspiriert zur\u00fccklassen d\u00fcrfte, wie das neue Buch von Fabian Scheidler. Wie schon sein Erfolgsbuch \u00bbDas Ende der Megamaschine\u00ab sollte auch dieses Buch in jeder Schule gelesen werden.\u201c<br \/>\n<\/strong><em>Alexander Behr im Magazin <a href=\"http:\/\/brennstoff.com\/artikel\/fabian-scheidler-chaos\/\" target=\"_blank\">Brennstoff<\/a><\/em><\/span><\/p>\n<p><a href=\"https:\/\/oxiblog.de\/chaos-ein-neues-zeitalter\/\" target=\"_blank\"><strong><img loading=\"lazy\" decoding=\"async\" class=\" wp-image-789 alignleft\" src=\"https:\/\/www.megamaschine.org\/nl\/wp-content\/uploads\/sites\/3\/2017\/12\/oxi-magazin-sel.jpg\" alt=\"Oxi\" width=\"152\" height=\"152\" \/><\/strong><\/a><\/p>\n<p style=\"text-align: left;\"><span style=\"color: #000000;\"><strong>&#8220;\u00dcberraschend und bestechend logisch.&#8221;<\/strong><br \/>\n<em>Kathrin Gerlof, <a href=\"https:\/\/oxiblog.de\/chaos-ein-neues-zeitalter\/\" target=\"_blank\">OXI Magazin<\/a><\/em><br \/>\n<\/span><\/p>\n<p style=\"text-align: right;\"><span style=\"color: #000000;\"><strong><a href=\"https:\/\/oya-online.de\/home\/index.html\" target=\"_blank\"><img loading=\"lazy\" decoding=\"async\" class=\"alignright wp-image-601\" src=\"https:\/\/www.megamaschine.org\/nl\/wp-content\/uploads\/sites\/3\/2018\/04\/oya-logo.jpg\" alt=\"Brennstoff\" width=\"160\" height=\"100\" \/><\/a>\u201eKlug, streckenweise brillant.\u201c<br \/>\n<\/strong><em>Ute Scheub, <a href=\"https:\/\/oya-online.de\/home\/index.html\" target=\"_blank\">Oya Magazin<\/a><\/em><\/span><\/p>\n<p><strong><img loading=\"lazy\" decoding=\"async\" class=\" wp-image-789 alignleft\" src=\"https:\/\/www.megamaschine.org\/nl\/wp-content\/uploads\/sites\/3\/2018\/04\/Erwin-Wagenhofer_sel_kl.jpg\" alt=\"Oya\" width=\"150\" height=\"150\" \/><\/strong><\/p>\n<p style=\"text-align: left;\"><span style=\"color: #000000;\"><strong>\u201eFabian Scheidler gelingt es, die unglaubliche Faktenf\u00fclle mit enormer Leichtigkeit zu vermitteln. Ich kann das Buch jedem unbedingt weiterempfehlen.\u201c<\/strong><br \/>\n<em><a href=\"https:\/\/www.megamaschine.org\/videos\/#wagenhofer\" target=\"_blank\">Erwin Wagenhofer<\/a>, Filmemacher (\u201eWe Feed the World\u201c, &#8220;Let\u2019s Make Money\u201c, &#8220;Alphabet\u201c)<\/em><br \/>\n<\/span><\/p>\n<p>&nbsp;<br \/>\n&nbsp;<\/p>\n<p style=\"text-align: right;\"><span style=\"color: #000000;\"><strong><a href=\"https:\/\/argument.de\/produkt\/das-argument-327\/\" target=\"_blank\"><img loading=\"lazy\" decoding=\"async\" class=\"alignright wp-image-601\" src=\"https:\/\/www.megamaschine.org\/nl\/wp-content\/uploads\/sites\/3\/2018\/08\/Argument-Logo.jpg\" alt=\"Brennstoff\" width=\"160\" height=\"100\" \/><\/a>\u201eEine machttheoretisch informierte Analyse, ideen- und erfahrungsreich, auch f\u00fcr thematisch Eingearbeitete.\u201c<br \/>\n<\/strong><em>Prof. Ulrich Brand in <a href=\"https:\/\/argument.de\/produkt\/das-argument-327\/\" target=\"_blank\">Das Argument<\/a><\/em><\/span><\/p>\n<\/div><\/div><\/div><\/div><div id=\"zitate\" class=\"x-section\" style=\"margin: 0px; padding: 20px 0px 45px;  background-color: #efefef;\" ><div id=\"\" class=\"x-container max width\" style=\"margin: 0px auto; padding: 0px; \" ><div  class=\"x-column x-sm x-1-1\" style=\"padding: 0px; \" ><div id=\"\" class=\"x-text\" style=\"\" ><h3 style=\"text-align: center;\">Artikel zum Buch<\/h3>\n<\/div><hr  class=\"x-gap\" style=\"margin: 50px 0 0 0;\"><div id=\"\" class=\"x-text none\" style=\"margin: 0.5em 0 2em; font-size: 1.1em; color: rgba(255, 255, 255, 0.5);\" ><p style=\"text-align: center;\"><span style=\"color: #000000;\"><strong><img loading=\"lazy\" decoding=\"async\" class=\"alignleft wp-image-599\" src=\"https:\/\/www.megamaschine.org\/nl\/wp-content\/uploads\/sites\/3\/2017\/12\/blaetter_logo.png\" alt=\"Bl\u00e4tter\" width=\"123\" height=\"31\" \/><\/strong><\/span><\/p>\n<p>&nbsp;<\/p>\n<p style=\"text-align: left;\"><strong><span style=\"color: #000000;\"><a href=\"https:\/\/www.blaetter.de\/archiv\/jahrgaenge\/2017\/dezember\/der-digitalisierte-mensch-unser-leben-in-der-matrix\" target=\"_blank\">Unser Leben in der Matrix: Der digitalisierte Mensch<\/a>,<\/span><\/strong><span style=\"color: #000000;\"> in:<\/span> <em><span style=\"color: #000000;\">Bl\u00e4tter f\u00fcr deutsche und internationale Politik<\/span><\/em><span style=\"color: #000000;\">, Ausgabe 12\/2017<\/span><em><br \/>\n<\/em><\/p>\n<p style=\"text-align: right;\"><span style=\"color: #000000;\"><strong><img loading=\"lazy\" decoding=\"async\" class=\"alignright wp-image-601\" src=\"\" alt=\"\" width=\"160\" height=\"100\" \/><\/strong><\/span><\/p>\n<\/div><\/div><\/div><\/div><div id=\"interviews\" class=\"x-section\" style=\"margin: 0px; padding: 20px 0px 45px;  background-color: #ffffff;\" ><div id=\"\" class=\"x-container max width\" style=\"margin: 0px auto; padding: 0px; \" ><div  class=\"x-column x-sm x-1-1\" style=\"padding: 0px; \" ><div id=\"\" class=\"x-text\" style=\"\" ><h3 style=\"text-align: center;\"> Interviews<\/h3>\n<\/div><hr  class=\"x-gap\" style=\"margin: 50px 0 0 0;\"><div id=\"links\" class=\"x-text none links\" style=\"margin: 0.5em 0 2em; font-size: 1.05em; color: rgba(255, 255, 255);\" ><ul>\n<ul>\n<ul>\n<li><a href=\"http:\/\/www.kontext-tv.de\/de\/node\/2870\" target=\"_blank\">Kontext TV<\/a>: <span style=\"color: #000000;\">David Goe\u00dfmann im Gespr\u00e4ch mit Fabian Scheidler, 2. November 2017<\/span><\/li>\n<li><a href=\"https:\/\/okto.tv\/de\/oktothek\/episode\/19743\" target=\"_blank\">Okto TV Wien<\/a><span style=\"color: #000000;\">: Richard Richter <\/span><span style=\"color: #000000;\">im Gespr\u00e4ch mit Fabian Scheidler, 23. November 2017<\/span><div class=\"x-audio player\" data-x-element-mejs><audio class=\"x-mejs x-wp-audio-shortcode advanced-controls\" id=\"audio-1059-1\" preload=\"none\" style=\"width: 100%;\" controls=\"controls\"><source type=\"audio\/mpeg\" src=\"ftp:\/\/ftp.kontext-tv.org\/386302_12167\/anonftp\/Chaos-Okto-Scheidler-Interview-2017.mp3?_=1\" \/><\/audio><\/div><\/li>\n<li><a href=\"http:\/\/brennstoff.com\/artikel\/kompass-fuer-politisches-engagement\/\" target=\"_blank\">Brennstoff<\/a>: <span style=\"color: #000000;\">Interview mit Alexander Behr, November 2017<\/span><\/li>\n<li><a href=\"http:\/\/www.wienerzeitung.at\/nachrichten\/wirtschaft\/international\/938069_500-Jahre-Kapitalismus-vor-dem-Aus.html\" target=\"_blank\">Wiener Zeitung<\/a><span style=\"color: #000000;\">: Interview mit Gerhard Lechner, 1. Januar 2018<\/span><\/li>\n<li><span style=\"color: #000000;\">OXI, Interview mit Kathrin Gerlof, Ausgabe 1\/2018 <a href=\"https:\/\/www.megamaschine.org\/nl\/wp-content\/uploads\/sites\/3\/2018\/02\/Interviw-OXI-Jan18-end.pdf\" target=\"_blank\">pdf<\/a><\/span><\/li>\n<li><span style=\"color: #000000;\"><a href=\"http:\/\/www.3sat.de\/mediathek\/?mode=play&amp;obj=72906\" target=\"_blank\">Scobel (3Sat)<\/a>: Beitrag f\u00fcr die Sendung &#8220;Marx heute&#8221;, 12.4.2018 <em><a href=\"https:\/\/www.megamaschine.org\/videos\/#scobel\" target=\"_blank\">Video auf Youtube<\/a><\/em><br \/>\n<\/span><\/li>\n<li><span style=\"color: #000000;\"><a href=\"http:\/\/www.3sat.de\/mediathek\/?mode=play&amp;obj=72947\" target=\"_blank\">Scobel (3Sat)<\/a>: Vollst\u00e4ndiges Interview, 12.4.2018 <a href=\"https:\/\/www.megamaschine.org\/videos\/#scobel-interview\" target=\"_blank\"><em>Video auf Youtube<\/em><\/a><br \/>\n<\/span><\/li>\n<li><a href=\"https:\/\/www.evolve-magazin.de\/radio-evolve\/\" target=\"_blank\">Radio Evolve<\/a><span style=\"color: #000000;\">: Thomas Steininger <\/span><span style=\"color: #000000;\">im Gespr\u00e4ch mit Fabian Scheidler, 14. Juni 2018<\/span><div class=\"x-audio player\" data-x-element-mejs><audio class=\"x-mejs x-wp-audio-shortcode advanced-controls\" id=\"audio-1059-2\" preload=\"none\" style=\"width: 100%;\" controls=\"controls\"><source type=\"audio\/mpeg\" src=\"ftp:\/\/ftp.kontext-tv.org\/386302_12167\/anonftp\/radio_evolve_megamaschine_14june2018.mp3?_=2\" \/><\/audio><\/div><\/li>\n<li><a href=\"http:\/\/lora924.de\/\" target=\"_blank\">Radio Lora<\/a><a href=\"http:\/\/lora924.de\/\" target=\"_blank\"> M\u00fcnchen<\/a><span style=\"color: #000000;\">: Renate B\u00f6rger <\/span><span style=\"color: #000000;\">im Gespr\u00e4ch mit Fabian Scheidler, April 2018<\/span><div class=\"x-audio player\" data-x-element-mejs><audio class=\"x-mejs x-wp-audio-shortcode advanced-controls\" id=\"audio-1059-3\" preload=\"none\" style=\"width: 100%;\" controls=\"controls\"><source type=\"audio\/mpeg\" src=\"ftp:\/\/ftp.kontext-tv.org\/386302_12167\/anonftp\/Radio-Lora-Interview-Apr18.mp3?_=3\" \/><\/audio><\/div><\/li>\n<\/ul>\n<\/ul>\n<\/ul>\n<\/div><\/div><\/div><\/div><div id=\"rezension\" class=\"x-section\" style=\"margin: 0px; padding: 20px 0px 45px;  background-color: #efefef;\" ><div id=\"\" class=\"x-container max width\" style=\"margin: 0px auto; padding: 0px; \" ><div  class=\"x-column x-sm x-1-1\" style=\"padding: 0px; \" ><div id=\"\" class=\"x-text\" style=\"\" ><h3 style=\"text-align: center;\">Rezensionen<\/h3>\n<\/div><hr  class=\"x-gap\" style=\"margin: 50px 0 0 0;\"><div id=\"links\" class=\"x-text none links\" style=\"margin: 0.5em 0 2em; font-size: 1.05em; color: rgba(255, 255, 255);\" ><ul>\n<ul>\n<ul>\n<li><a href=\"https:\/\/www.freitag.de\/autoren\/michael-jaeger\/an-die-zeit-nach-dem-zerfall-denken\" target=\"_blank\">Der Freitag<\/a>:<span style=\"color: #000000;\"> Rezension von Michael J\u00e4ger, Ausgabe 43\/2017<br \/>\n<\/span><\/li>\n<li><a href=\"https:\/\/oxiblog.de\/chaos-ein-neues-zeitalter\/\" target=\"_blank\">OXI Magazin<\/a>: <span style=\"color: #000000;\">Rezension von Kathrin Gerlof, 23. Oktober 2017<br \/>\n<\/span><\/li>\n<li><a href=\"http:\/\/brennstoff.com\/artikel\/fabian-scheidler-chaos\/\" target=\"_blank\">Brennstoff<\/a><span style=\"color: #000000;\">: Rezension von Alexander Behr, Ausgabe 50, November 2017<\/span><\/li>\n<li><span style=\"color: #000000;\"><a href=\"https:\/\/www.megamaschine.org\/nl\/wp-content\/uploads\/sites\/3\/2018\/02\/Rezension-Chaos-RJB.pdf\" target=\"_blank\">Pro Zukunft <\/a>(Robert-Jungk-Bibliothek f\u00fcr Zukunftsfragen): Rezension von Hans Holzinger, Ausgabe 1\/2018 <a href=\"https:\/\/www.megamaschine.org\/nl\/wp-content\/uploads\/sites\/3\/2018\/02\/Rezension-Chaos-RJB.pdf\" target=\"_blank\">pdf<\/a><br \/>\n<\/span><\/li>\n<li><span style=\"color: #000000;\">Rezension von <a href=\"https:\/\/www.birgitvanderbeke.com\/single-post\/2017\/12\/06\/Reloading-Society\" target=\"_blank\">Birgit Vanderbeke<\/a> (Buchautorin und Ingeborg-Bachmann-Preistr\u00e4gerin), 6. Dezember 2017<\/span><\/li>\n<li><span style=\"color: #000000;\"><a href=\"https:\/\/www.megamaschine.org\/nl\/wp-content\/uploads\/sites\/3\/2018\/04\/Rezension-Chaos-Forum-Wissenschaft_kl.pdf\" target=\"_blank\">Forum Wissenschaft<\/a>: Rezension von Wolfgang Neef, Ausgabe 1\/2018 <a href=\"https:\/\/www.megamaschine.org\/nl\/wp-content\/uploads\/sites\/3\/2018\/04\/Rezension-Chaos-Forum-Wissenschaft_kl.pdf\" target=\"_blank\">pdf<\/a><\/span><\/li>\n<li><span style=\"color: #000000;\"><a href=\"https:\/\/www.nachdenkseiten.de\/?p=42638\" target=\"_blank\">Nachdenkseiten<\/a>, Rezension von Heiko Flottau, 28. Februar 2018<\/span><\/li>\n<li><span style=\"color: #000000;\"><a href=\"https:\/\/www.megamaschine.org\/nl\/wp-content\/uploads\/sites\/3\/2018\/04\/Oya-Rezension-Chaos_03-2018.pdf\" target=\"_blank\">Oya<\/a>: Rezension von Ute Scheub, Ausgabe 03\/2018 <a href=\"https:\/\/www.megamaschine.org\/nl\/wp-content\/uploads\/sites\/3\/2018\/04\/Oya-Rezension-Chaos_03-2018.pdf\" target=\"_blank\">pdf<\/a><\/span><\/li>\n<li><span style=\"color: #000000;\"><a href=\"http:\/\/www.tabularasamagazin.de\/chaos-in-der-megamaschine-ein-rezensionsessay-zu-fabian-scheidlers-buch-chaos-das-neue-zeitalter-der-revolutionen\/\" target=\"_blank\">Tabularasa<\/a>,\u00a0 Rezension von Karim Akerma,27. M\u00e4rz 2018<br \/>\n<\/span><\/li>\n<li><span style=\"color: #000000;\"><a href=\"https:\/\/www.megamaschine.org\/nl\/wp-content\/uploads\/sites\/3\/2018\/05\/NeueWege_2018_04-Duchrow-Rezension-Chaos.pdf\" target=\"_blank\">Neue Wege<\/a>, Rezension von Prof. Ulrich Duchrow, Ausgabe 4\/2018 <a href=\"https:\/\/www.megamaschine.org\/nl\/wp-content\/uploads\/sites\/3\/2018\/05\/NeueWege_2018_04-Duchrow-Rezension-Chaos.pdf\" target=\"_blank\">pdf<\/a><\/span><\/li>\n<li><span style=\"color: #000000;\"><a href=\"https:\/\/www.socialnet.de\/rezensionen\/24035.php\" target=\"_blank\">Socialnet. Das Netz f\u00fcr Sozialwirtschaft,<\/a> Rezension von Jos Schnurer, 1. M\u00e4rz 2018 <\/span><\/li>\n<li><span style=\"color: #000000;\"><a href=\"https:\/\/www.megamaschine.org\/nl\/wp-content\/uploads\/sites\/3\/2018\/05\/Rezension-Chaos-Contraste-Mai18.pdf\" target=\"_blank\">Contraste<\/a>, Rezension von Peter Streiff, Mai 2018 <a href=\"https:\/\/www.megamaschine.org\/nl\/wp-content\/uploads\/sites\/3\/2018\/05\/Rezension-Chaos-Contraste-Mai18.pdf\" target=\"_blank\">pdf<\/a><\/span><\/li>\n<li><span style=\"color: #000000;\"><a href=\"https:\/\/www.srf.ch\/kultur\/literatur\/literaturclub-katastrophen-und-eskapismus-die-buchtipps-unserer-kritiker\" target=\"_blank\">Literaturclub<\/a>, Schweizer Fernsehen (SRF), Buchtipp von Milo Rau, 26. Juni 2018<\/span><\/li>\n<li><span style=\"color: #000000;\"><a href=\"https:\/\/www.megamaschine.org\/nl\/wp-content\/uploads\/sites\/3\/2018\/08\/Das_Argument327_Rez-Ulrich_Brand_Chaos_sel.pdf\">Das Argument<\/a>, Rezension von Prof. Ulrich Brand <a href=\"https:\/\/www.megamaschine.org\/nl\/wp-content\/uploads\/sites\/3\/2018\/08\/Das_Argument327_Rez-Ulrich_Brand_Chaos_sel.pdf\">pdf<\/a><\/li>\n<\/ul>\n<\/ul>\n<\/ul>\n<\/div><\/div><\/div><\/div><div id=\"pressetext\" class=\"x-section\" style=\"margin: 0px; padding: 0 0px 45px;  background-color: #ffffff;\" ><div id=\"\" class=\"x-container max width\" style=\"margin: 0px auto; padding: 0px; \" ><div  class=\"x-column x-sm x-1-1\" style=\"padding: 0px; \" ><div id=\"\" class=\"x-text links\" style=\"\" ><h3 style=\"text-align: center;\"><a href=\"https:\/\/www.megamaschine.org\/nl\/wp-content\/uploads\/sites\/3\/2017\/12\/scheidler_chaos_PM_19-9-17_3_mitIV.pdf\" target=\"_blank\">Presseank\u00fcndigung herunterladen<\/a><\/h3>\n<\/div><\/div><\/div><\/div>\n","protected":false},"excerpt":{"rendered":"","protected":false},"author":1,"featured_media":0,"parent":0,"menu_order":0,"comment_status":"closed","ping_status":"closed","template":"template-blank-4.php","meta":{"footnotes":""},"class_list":["post-1059","page","type-page","status-publish","hentry","no-post-thumbnail"],"yoast_head":"<!-- This site is optimized with the Yoast SEO plugin v27.3 - https:\/\/yoast.com\/product\/yoast-seo-wordpress\/ -->\n<title>Pressestimmen zu &quot;Chaos&quot; - NL Das Ende der Megamaschine<\/title>\n<meta name=\"robots\" content=\"index, follow, max-snippet:-1, max-image-preview:large, max-video-preview:-1\" \/>\n<link rel=\"canonical\" href=\"https:\/\/www.megamaschine.org\/nl\/presse-chaos\/\" \/>\n<meta property=\"og:locale\" content=\"nl_NL\" \/>\n<meta property=\"og:type\" content=\"article\" \/>\n<meta property=\"og:title\" content=\"Pressestimmen zu &quot;Chaos&quot; - NL Das Ende der Megamaschine\" \/>\n<meta property=\"og:url\" content=\"https:\/\/www.megamaschine.org\/nl\/presse-chaos\/\" \/>\n<meta property=\"og:site_name\" content=\"NL Das Ende der Megamaschine\" \/>\n<meta property=\"article:modified_time\" content=\"2018-08-15T09:23:49+00:00\" \/>\n<meta property=\"og:image\" content=\"https:\/\/www.megamaschine.org\/nl\/wp-content\/uploads\/sites\/3\/2017\/12\/Birgit_Vanderbeke_sel.jpg\" \/>\n<meta name=\"twitter:card\" content=\"summary_large_image\" \/>\n<meta name=\"twitter:label1\" content=\"Geschatte leestijd\" \/>\n\t<meta name=\"twitter:data1\" content=\"4 minuten\" \/>\n<script type=\"application\/ld+json\" class=\"yoast-schema-graph\">{\"@context\":\"https:\\\/\\\/schema.org\",\"@graph\":[{\"@type\":\"WebPage\",\"@id\":\"https:\\\/\\\/www.megamaschine.org\\\/nl\\\/presse-chaos\\\/\",\"url\":\"https:\\\/\\\/www.megamaschine.org\\\/nl\\\/presse-chaos\\\/\",\"name\":\"Pressestimmen zu \\\"Chaos\\\" - NL Das Ende der Megamaschine\",\"isPartOf\":{\"@id\":\"https:\\\/\\\/www.megamaschine.org\\\/nl\\\/#website\"},\"primaryImageOfPage\":{\"@id\":\"https:\\\/\\\/www.megamaschine.org\\\/nl\\\/presse-chaos\\\/#primaryimage\"},\"image\":{\"@id\":\"https:\\\/\\\/www.megamaschine.org\\\/nl\\\/presse-chaos\\\/#primaryimage\"},\"thumbnailUrl\":\"https:\\\/\\\/www.megamaschine.org\\\/nl\\\/wp-content\\\/uploads\\\/sites\\\/3\\\/2017\\\/12\\\/Birgit_Vanderbeke_sel.jpg\",\"datePublished\":\"2017-12-20T15:30:32+00:00\",\"dateModified\":\"2018-08-15T09:23:49+00:00\",\"breadcrumb\":{\"@id\":\"https:\\\/\\\/www.megamaschine.org\\\/nl\\\/presse-chaos\\\/#breadcrumb\"},\"inLanguage\":\"nl-NL\",\"potentialAction\":[{\"@type\":\"ReadAction\",\"target\":[\"https:\\\/\\\/www.megamaschine.org\\\/nl\\\/presse-chaos\\\/\"]}]},{\"@type\":\"ImageObject\",\"inLanguage\":\"nl-NL\",\"@id\":\"https:\\\/\\\/www.megamaschine.org\\\/nl\\\/presse-chaos\\\/#primaryimage\",\"url\":\"https:\\\/\\\/www.megamaschine.org\\\/nl\\\/wp-content\\\/uploads\\\/sites\\\/3\\\/2016\\\/05\\\/Chomsky.Standbild_Kontext-kor_close.jpg\",\"contentUrl\":\"https:\\\/\\\/www.megamaschine.org\\\/nl\\\/wp-content\\\/uploads\\\/sites\\\/3\\\/2016\\\/05\\\/Chomsky.Standbild_Kontext-kor_close.jpg\",\"width\":888,\"height\":891},{\"@type\":\"BreadcrumbList\",\"@id\":\"https:\\\/\\\/www.megamaschine.org\\\/nl\\\/presse-chaos\\\/#breadcrumb\",\"itemListElement\":[{\"@type\":\"ListItem\",\"position\":1,\"name\":\"Startseite\",\"item\":\"https:\\\/\\\/www.megamaschine.org\\\/nl\\\/\"},{\"@type\":\"ListItem\",\"position\":2,\"name\":\"Pressestimmen zu &#8220;Chaos&#8221;\"}]},{\"@type\":\"WebSite\",\"@id\":\"https:\\\/\\\/www.megamaschine.org\\\/nl\\\/#website\",\"url\":\"https:\\\/\\\/www.megamaschine.org\\\/nl\\\/\",\"name\":\"NL Das Ende der Megamaschine\",\"description\":\"Ein Buch von Fabian Scheidler\",\"potentialAction\":[{\"@type\":\"SearchAction\",\"target\":{\"@type\":\"EntryPoint\",\"urlTemplate\":\"https:\\\/\\\/www.megamaschine.org\\\/nl\\\/?s={search_term_string}\"},\"query-input\":{\"@type\":\"PropertyValueSpecification\",\"valueRequired\":true,\"valueName\":\"search_term_string\"}}],\"inLanguage\":\"nl-NL\"}]}<\/script>\n<!-- \/ Yoast SEO plugin. -->","yoast_head_json":{"title":"Pressestimmen zu \"Chaos\" - NL Das Ende der Megamaschine","robots":{"index":"index","follow":"follow","max-snippet":"max-snippet:-1","max-image-preview":"max-image-preview:large","max-video-preview":"max-video-preview:-1"},"canonical":"https:\/\/www.megamaschine.org\/nl\/presse-chaos\/","og_locale":"nl_NL","og_type":"article","og_title":"Pressestimmen zu \"Chaos\" - NL Das Ende der Megamaschine","og_url":"https:\/\/www.megamaschine.org\/nl\/presse-chaos\/","og_site_name":"NL Das Ende der Megamaschine","article_modified_time":"2018-08-15T09:23:49+00:00","og_image":[{"url":"https:\/\/www.megamaschine.org\/nl\/wp-content\/uploads\/sites\/3\/2017\/12\/Birgit_Vanderbeke_sel.jpg","type":"","width":"","height":""}],"twitter_card":"summary_large_image","twitter_misc":{"Geschatte leestijd":"4 minuten"},"schema":{"@context":"https:\/\/schema.org","@graph":[{"@type":"WebPage","@id":"https:\/\/www.megamaschine.org\/nl\/presse-chaos\/","url":"https:\/\/www.megamaschine.org\/nl\/presse-chaos\/","name":"Pressestimmen zu \"Chaos\" - NL Das Ende der Megamaschine","isPartOf":{"@id":"https:\/\/www.megamaschine.org\/nl\/#website"},"primaryImageOfPage":{"@id":"https:\/\/www.megamaschine.org\/nl\/presse-chaos\/#primaryimage"},"image":{"@id":"https:\/\/www.megamaschine.org\/nl\/presse-chaos\/#primaryimage"},"thumbnailUrl":"https:\/\/www.megamaschine.org\/nl\/wp-content\/uploads\/sites\/3\/2017\/12\/Birgit_Vanderbeke_sel.jpg","datePublished":"2017-12-20T15:30:32+00:00","dateModified":"2018-08-15T09:23:49+00:00","breadcrumb":{"@id":"https:\/\/www.megamaschine.org\/nl\/presse-chaos\/#breadcrumb"},"inLanguage":"nl-NL","potentialAction":[{"@type":"ReadAction","target":["https:\/\/www.megamaschine.org\/nl\/presse-chaos\/"]}]},{"@type":"ImageObject","inLanguage":"nl-NL","@id":"https:\/\/www.megamaschine.org\/nl\/presse-chaos\/#primaryimage","url":"https:\/\/www.megamaschine.org\/nl\/wp-content\/uploads\/sites\/3\/2016\/05\/Chomsky.Standbild_Kontext-kor_close.jpg","contentUrl":"https:\/\/www.megamaschine.org\/nl\/wp-content\/uploads\/sites\/3\/2016\/05\/Chomsky.Standbild_Kontext-kor_close.jpg","width":888,"height":891},{"@type":"BreadcrumbList","@id":"https:\/\/www.megamaschine.org\/nl\/presse-chaos\/#breadcrumb","itemListElement":[{"@type":"ListItem","position":1,"name":"Startseite","item":"https:\/\/www.megamaschine.org\/nl\/"},{"@type":"ListItem","position":2,"name":"Pressestimmen zu &#8220;Chaos&#8221;"}]},{"@type":"WebSite","@id":"https:\/\/www.megamaschine.org\/nl\/#website","url":"https:\/\/www.megamaschine.org\/nl\/","name":"NL Das Ende der Megamaschine","description":"Ein Buch von Fabian Scheidler","potentialAction":[{"@type":"SearchAction","target":{"@type":"EntryPoint","urlTemplate":"https:\/\/www.megamaschine.org\/nl\/?s={search_term_string}"},"query-input":{"@type":"PropertyValueSpecification","valueRequired":true,"valueName":"search_term_string"}}],"inLanguage":"nl-NL"}]}},"_links":{"self":[{"href":"https:\/\/www.megamaschine.org\/nl\/wp-json\/wp\/v2\/pages\/1059","targetHints":{"allow":["GET"]}}],"collection":[{"href":"https:\/\/www.megamaschine.org\/nl\/wp-json\/wp\/v2\/pages"}],"about":[{"href":"https:\/\/www.megamaschine.org\/nl\/wp-json\/wp\/v2\/types\/page"}],"author":[{"embeddable":true,"href":"https:\/\/www.megamaschine.org\/nl\/wp-json\/wp\/v2\/users\/1"}],"replies":[{"embeddable":true,"href":"https:\/\/www.megamaschine.org\/nl\/wp-json\/wp\/v2\/comments?post=1059"}],"version-history":[{"count":74,"href":"https:\/\/www.megamaschine.org\/nl\/wp-json\/wp\/v2\/pages\/1059\/revisions"}],"predecessor-version":[{"id":1339,"href":"https:\/\/www.megamaschine.org\/nl\/wp-json\/wp\/v2\/pages\/1059\/revisions\/1339"}],"wp:attachment":[{"href":"https:\/\/www.megamaschine.org\/nl\/wp-json\/wp\/v2\/media?parent=1059"}],"curies":[{"name":"wp","href":"https:\/\/api.w.org\/{rel}","templated":true}]}}