{"id":1096,"date":"2017-12-12T13:43:40","date_gmt":"2017-12-12T12:43:40","guid":{"rendered":"https:\/\/www.megamaschine.org\/nl\/?page_id=1096"},"modified":"2018-11-20T15:58:43","modified_gmt":"2018-11-20T14:58:43","slug":"lesereise-2018","status":"publish","type":"page","link":"https:\/\/www.megamaschine.org\/nl\/on-tour\/lesereise-2018\/","title":{"rendered":"Lesereise 2018"},"content":{"rendered":"<div id=\"x-section-1\" class=\"x-section\" style=\"margin: 0px; padding: 20px 0px 45px;  background-color: transparent;\" ><div id=\"\" class=\"x-container max width\" style=\"margin: 0px auto; padding: 0px; \" ><div  class=\"x-column x-sm x-1-1\" style=\"padding: 0px; \" ><div id=\"\" class=\"x-text\" style=\"\" ><h3 style=\"text-align: center\">Boekpresentaties en lezingen 2018<\/h3>\n<\/div><hr  class=\"x-gap\" style=\"margin: 30px 0 0 0;\"><div  class=\"x-columnize links\" >\n<ul>\n<li><strong>Berlin<\/strong>, 15. Februar 2018, 19.30 Uhr, <a href=\"http:\/\/www.grips-theater.de\/programm\/spielplan\/produktion\/196\" target=\"_blank\" rel=\"noopener\">Grips Theater<\/a> am Hansaplatz, Altonaer Str. 22, 10557 Berlin, zusammen mit <strong>Harald Schumann<\/strong> <em><a href=\"https:\/\/www.megamaschine.org\/nl\/videos\/#schumann-grips\" target=\"_blank\" rel=\"noopener\">Video-Aufzeichnung<\/a><\/em><\/li>\n<li><strong>Leipzig<\/strong>, Buchmesse, 16. M\u00e4rz 2018, 19.30 Uhr,\u00a0 <a href=\"https:\/\/www.facebook.com\/events\/1620570154694698\/\" target=\"_blank\" rel=\"noopener\">Studio Osthof<\/a>, Karl Heine-Str. 85 b, 04229 Leipzig-West <a href=\"http:\/\/www.osthofstudio.de\/blog\/blog-detail\/lesung-fabian-scheidler-leipzig-liest\/\" target=\"_blank\" rel=\"noopener\"><em>Fotos<\/em><\/a><\/li>\n<li><strong>Berlin<\/strong>, 14. April 2018, 20 Uhr, zu Gast bei <a href=\"http:\/\/www.simiwill.de\/\" target=\"_blank\" rel=\"noopener\">Simi Will<\/a>, Valentinst\u00fcberl, <span class=\"LrzXr\">Donaustra\u00dfe 112, 12043 Berlin<\/span>-Neuk\u00f6lln<\/li>\n<li><strong>Freiburg<\/strong>, 2. Mai 2018, 19 Uhr, <a href=\"https:\/\/haus-des-engagements.de\/2018\/04\/10\/fabian-scheidler-das-ende-der-megamaschine\/\" target=\"_blank\" rel=\"noopener\">Audimax der Universit\u00e4t<\/a>,\u00a0<span class=\"section-info-text\"><span class=\"widget-pane-link\">Platz der Alten Synagoge 1, 79098 Freiburg i. Br.<\/span><\/span> <em><a href=\"https:\/\/www.youtube.com\/watch?v=ubvNYb3xHyE&amp;feature=share\" target=\"_blank\" rel=\"noopener\">Video-Aufzeichnung<\/a><\/em><\/li>\n<li><strong>Berlin<\/strong>, 6. Juni 2018, 19.30 Uhr, <a href=\"http:\/\/literaturhaus-berlin.de\/\" target=\"_blank\" rel=\"noopener\">Literaturhaus<\/a>, Fasanenstr. 23, 10719 Berlin, zusammen mit <strong>Milo Rau<\/strong> <a href=\"https:\/\/www.megamaschine.org\/nl\/videos\/#milo-rau-literaturhaus\" target=\"_blank\" rel=\"noopener\"><em>Video-Aufzeichnung<\/em><\/a><\/li>\n<li><strong>Berlin<\/strong>, 16. Juni 2018, 16.00 Uhr, Grips Theater am Hansaplatz, Podiumsdiskussion <a href=\"http:\/\/www.grips-theater.de\/programm\/spielplan\/termin\/3645\" target=\"_blank\" rel=\"noopener\">&#8220;Was ist mir 68?&#8221;<\/a>, Altonaer Str. 22, 10557 Berlin<\/li>\n<li><strong>Berlin<\/strong>, 19. Juni 2018, 20.30 Uhr, <a href=\"http:\/\/www.buchhaendlerkeller-berlin.de\/index.php\/eventreader\/events\/fabian-schneider-liest-aus-chaos-das-neue-zeitalter-der-revolutionen-und-spricht-mit-michael-schneider.html\" target=\"_blank\" rel=\"noopener\">Buchh\u00e4ndlerkeller<\/a>, Carmerstr. 1, 10623 Berlin-Charlottenburg<\/li>\n<li><strong>Berlin<\/strong>, 29. Juni 2018, 20:00 Uhr, <a href=\"https:\/\/www.uelker-radziwill.de\/termine\/vortrag-fabian-scheidler-chaos-das-neue-zeitalter-der-revolutionen\" target=\"_blank\" rel=\"noopener\">Charlottchen<\/a>, Diskussion mit der SPD-Abgeordneten <strong>\u00dclker Radziwill<\/strong>, Droysenstra\u00dfe 1, 10629 Berlin<\/li>\n<li><strong>Hamburg<\/strong>, 19. August 2018, 11.30 Uhr, <a href=\"https:\/\/www.fuereinebesserewelt.info\/ueber\/konferenz2018\/\" target=\"_blank\" rel=\"noopener\">Konferenz &#8220;F\u00fcr eine bessere Welt&#8221;<\/a>, Gut Karlsh\u00f6he, Hamburg Bramfeld<\/li>\n<li><strong>Kassel<\/strong>, 6. Oktober 2018, 14.45 Uhr, <a href=\"https:\/\/www.ein-anderes-europa.de\/programm\/workshops\/?tx_frabintegration_list%5BeventGuid%5D=86e4438d-6810-40a7-ac39-fec9e9009061&amp;tx_frabintegration_list%5Baction%5D=show&amp;tx_frabintegration_list%5Bcontroller%5D=Event&amp;cHash=1f7a9ce320bbb63c17e97f98022c199c\" target=\"_blank\" rel=\"noopener\">Kongress &#8220;Ein anderes Europa ist m\u00f6glich&#8221;<\/a>, Universit\u00e4t Kassel, Raum 10, Moritzstra\u00dfe 18, 34127 Kassel<\/li>\n<li><strong>Wittenberg<\/strong>, 11. Oktober 2018, 18.30 Uhr,\u00a0Evangelische Akademie Sachsen-Anhalt, Schlo\u00dfplatz 1d, Lutherstadt Wittenberg, eine Veranstaltung der\u00a0 <a href=\"http:\/\/www.boell-sachsen-anhalt.de\/event\/chaos-das-neue-zeitalter-der-revolutionen-wittenberg\/\" target=\"_blank\" rel=\"noopener\">Heinrich-B\u00f6ll-Stiftung<\/a> \u00a0 <a href=\"https:\/\/www.facebook.com\/events\/2019536584734038\/?notif_t=events_add_page_cohost&amp;notif_id=1535464114055355\" target=\"_blank\" rel=\"noopener\">FB<\/a><\/li>\n<li><strong>Magdeburg<\/strong>, 17. Oktober 2018, 19.30 Uhr, Stadtbibliothek, Breiter Weg 109, 39104 Magdeburg, eine Veranstaltung der <a href=\"http:\/\/www.boell-sachsen-anhalt.de\/event\/chaos-das-neue-zeitalter-der-revolutionen-magdeburg\/\" target=\"_blank\" rel=\"noopener\">Heinrich-B\u00f6ll-Stiftung<\/a>\u00a0 <a href=\"https:\/\/www.facebook.com\/events\/1984387258517980\/?notif_t=events_add_page_cohost&amp;notif_id=1535980676295259\" target=\"_blank\" rel=\"noopener\">FB<\/a><\/li>\n<li><strong>Amsterdam<\/strong>, 27. Oktober 2018, 17.00 Uhr, <a href=\"https:\/\/brainwashfestival.nl\/programmas\/fabian-scheidler\/\" target=\"_blank\" rel=\"noopener\">Brainwash-Festival,<\/a> Compagnietheater, Kloveniersburgwal 50, 1012 CX Amsterdam<\/li>\n<li><strong>Bielefeld<\/strong>, 30. Oktober 2018, 20 Uhr, Buchhandlung <a href=\"http:\/\/mondo-bielefeld.de\/\" target=\"_blank\" rel=\"noopener\">Mondo<\/a>, Elsa-Br\u00e4ndstr\u00f6m-Stra\u00dfe 23, 33602 Bielefeld<\/li>\n<li><strong>Bremen<\/strong>, 31. Oktober 2018, 19 Uhr, <a href=\"https:\/\/www.vegesacker-geschichtenhaus.de\/\" target=\"_blank\" rel=\"noopener\">Vegesacker Geschichtenhaus<\/a>, Zum Alten Speicher 5a, 28759 Bremen<\/li>\n<li><strong>Celle<\/strong>, 1. November 2018, 18.30 Uhr, <a href=\"https:\/\/www.vhs-celle.de\/programm\/vortraege\/kurs\/Vortrag+Chaos+-+Das+neue+Zeitalter+der+Revolutionen\/nr\/18BCE1226\/bereich\/details\/kat\/191\/#inhalt\" target=\"_blank\" rel=\"noopener\">Volkshochschule,<\/a> in Zusammenarbeit mit der <a href=\"https:\/\/www.rosalux.de\/veranstaltung\/es_detail\/EPO69\/chaos---das-neue-zeitalter-der-revolutionen\/\" target=\"_blank\" rel=\"noopener\">Rosa-Luxemburg-Stiftung <\/a>Niedersachsen, Trift 20, 29221 Celle<\/li>\n<li><strong>Neustrelitz<\/strong>, 5. November 2018, 19.30 Uhr, <a href=\"http:\/\/www.eine-welt-mv.de\/weltwechsel-2018\/veranstaltungsort\/neustrelitz\/\" target=\"_blank\" rel=\"noopener\">Kachelofenfabrik<\/a>, Sandberg 3a, 17235 Neustrelitz<\/li>\n<li><strong>Rostock<\/strong>, 8. November 2018, 19 Uhr, <a href=\"http:\/\/www.eine-welt-mv.de\/weltwechsel-2018\/veranstaltung\/chaos-das-neue-zeitalter\/\" target=\"_blank\" rel=\"noopener\">Peter-Weiss-Haus,<\/a> Doberaner Stra\u00dfe 21, <span class=\"location\"><span class=\"tribe-address\"><span class=\"tribe-postal-code\">18057<\/span> <\/span><\/span>Rostock<\/li>\n<li><strong>Greifswald<\/strong>, 9. November 2018, 20 Uhr, Koeppenhaus, <a href=\"http:\/\/www.eine-welt-mv.de\/weltwechsel-2018\/veranstaltung\/revolution-wege-der-transformation\/\" target=\"_blank\" rel=\"noopener\">Eine-Welt-Netzwerk MW<\/a>, Bahnhofstr. 4\/5<\/li>\n<li><strong>Besigheim<\/strong>, 20. November 2018, <a href=\"https:\/\/www.wartesaal.org\/spielplan\" target=\"_blank\" rel=\"noopener\">Wartesaal<\/a>, im Bahnhof, Weinstr. 11, 74354 Besigheim<\/li>\n<li><strong>Ludwigsburg<\/strong> (bei Stuttgart), 21. November 2018, 20 Uhr, <a href=\"http:\/\/p26462.ngcobalt106.manitu.net\/wp\/events\/\" target=\"_blank\" rel=\"noopener\">DemoZ<\/a>, Wilhelmstr. 45, 71638 Ludwigsburg<\/li>\n<li><strong>M\u00fcnchen<\/strong>, 26. November 2018, 19.30 Uhr, Attac-&#8220;Palaver&#8221;, <a href=\"https:\/\/www.einewelthaus.de\/veranstaltungen\/aktuelle-veranstaltungen\/\" target=\"_blank\" rel=\"noopener\">Eine-Welt-Haus<\/a>, Schwanthalerstr. 80 RGB, 80336 M\u00fcnchen<\/li>\n<li><strong>Ravensburg<\/strong>, 27. November 2019, 20 Uhr, Buchhandlung <a href=\"https:\/\/ravensbuch.de\/\" target=\"_blank\" rel=\"noopener\">RavensBuch, <\/a>Marienplatz 34, 88212 Ravensburg<\/li>\n<li><strong>Augsburg<\/strong>, 28. November 2018, 19 Uhr, Zeughaus, Hollsaal ab, Zeugplatz 4, 86150 Augsburg<\/li>\n<li><strong>M\u00fcnchen<\/strong>, 29. November 2018, Auftakt der Tagung des <a href=\"https:\/\/kritischekommunikationswissenschaft.wordpress.com\/\" target=\"_blank\" rel=\"noopener\">Netzwerks Kritische Kommunikationswissenschaft<\/a>, Ludwig-Maximilian-Universit\u00e4t M\u00fcnchen<\/li>\n<li><strong>Berlin<\/strong>, 6. Dezember 2018, <a href=\"http:\/\/www.regenbogenfabrik.de\/\" target=\"_blank\" rel=\"noopener\">Regenbogenfabrik<\/a>, zusammen mit <strong>Ulrike Herrmann<\/strong><\/li>\n<\/ul>\n<\/div><\/div><\/div><\/div><div id=\"x-section-2\" class=\"x-section\" style=\"margin: 0px; padding: 15px 0px 45px;  background-color: transparent;\" ><div id=\"\" class=\"x-container max width\" style=\"margin: 0px auto; padding: 0px; \" ><div  class=\"x-column x-sm links x-1-1\" style=\"padding: 0px; \" ><div id=\"\" class=\"x-text\" style=\"\" ><p style=\"text-align: center\">Klik hier voor het evenementenarchief van<a href=\"http:\/\/beta.megamaschine.kontext-tv.org\/on-tour\/lesereise-2015\/\"> 2015,<\/a> <a href=\"https:\/\/www.megamaschine.org\/nl\/on-tour\/lesereise-2016\/\">2016<\/a>\u00a0en\u00a0<a href=\"https:\/\/www.megamaschine.org\/nl\/on-tour\/lesereise-2017\/\" target=\"_blank\" rel=\"noopener\">2017<\/a><\/p>\n<\/div><\/div><\/div><\/div>\n","protected":false},"excerpt":{"rendered":"","protected":false},"author":1,"featured_media":0,"parent":11,"menu_order":0,"comment_status":"closed","ping_status":"closed","template":"template-blank-4.php","meta":{"footnotes":""},"class_list":["post-1096","page","type-page","status-publish","hentry","no-post-thumbnail"],"yoast_head":"<!-- This site is optimized with the Yoast SEO plugin v27.3 - https:\/\/yoast.com\/product\/yoast-seo-wordpress\/ -->\n<title>Lesereise 2018 - NL Das Ende der Megamaschine<\/title>\n<meta name=\"robots\" content=\"index, follow, max-snippet:-1, max-image-preview:large, max-video-preview:-1\" \/>\n<link rel=\"canonical\" href=\"https:\/\/www.megamaschine.org\/nl\/on-tour\/lesereise-2018\/\" \/>\n<meta property=\"og:locale\" content=\"nl_NL\" \/>\n<meta property=\"og:type\" content=\"article\" \/>\n<meta property=\"og:title\" content=\"Lesereise 2018 - NL Das Ende der Megamaschine\" \/>\n<meta property=\"og:url\" content=\"https:\/\/www.megamaschine.org\/nl\/on-tour\/lesereise-2018\/\" \/>\n<meta property=\"og:site_name\" content=\"NL Das Ende der Megamaschine\" \/>\n<meta property=\"article:modified_time\" content=\"2018-11-20T14:58:43+00:00\" \/>\n<meta name=\"twitter:card\" content=\"summary_large_image\" \/>\n<meta name=\"twitter:label1\" content=\"Geschatte leestijd\" \/>\n\t<meta name=\"twitter:data1\" content=\"2 minuten\" \/>\n<script type=\"application\/ld+json\" class=\"yoast-schema-graph\">{\"@context\":\"https:\\\/\\\/schema.org\",\"@graph\":[{\"@type\":\"WebPage\",\"@id\":\"https:\\\/\\\/www.megamaschine.org\\\/nl\\\/on-tour\\\/lesereise-2018\\\/\",\"url\":\"https:\\\/\\\/www.megamaschine.org\\\/nl\\\/on-tour\\\/lesereise-2018\\\/\",\"name\":\"Lesereise 2018 - NL Das Ende der Megamaschine\",\"isPartOf\":{\"@id\":\"https:\\\/\\\/www.megamaschine.org\\\/nl\\\/#website\"},\"datePublished\":\"2017-12-12T12:43:40+00:00\",\"dateModified\":\"2018-11-20T14:58:43+00:00\",\"breadcrumb\":{\"@id\":\"https:\\\/\\\/www.megamaschine.org\\\/nl\\\/on-tour\\\/lesereise-2018\\\/#breadcrumb\"},\"inLanguage\":\"nl-NL\",\"potentialAction\":[{\"@type\":\"ReadAction\",\"target\":[\"https:\\\/\\\/www.megamaschine.org\\\/nl\\\/on-tour\\\/lesereise-2018\\\/\"]}]},{\"@type\":\"BreadcrumbList\",\"@id\":\"https:\\\/\\\/www.megamaschine.org\\\/nl\\\/on-tour\\\/lesereise-2018\\\/#breadcrumb\",\"itemListElement\":[{\"@type\":\"ListItem\",\"position\":1,\"name\":\"Startseite\",\"item\":\"https:\\\/\\\/www.megamaschine.org\\\/nl\\\/\"},{\"@type\":\"ListItem\",\"position\":2,\"name\":\"On Tour\",\"item\":\"https:\\\/\\\/www.megamaschine.org\\\/nl\\\/on-tour\\\/\"},{\"@type\":\"ListItem\",\"position\":3,\"name\":\"Lesereise 2018\"}]},{\"@type\":\"WebSite\",\"@id\":\"https:\\\/\\\/www.megamaschine.org\\\/nl\\\/#website\",\"url\":\"https:\\\/\\\/www.megamaschine.org\\\/nl\\\/\",\"name\":\"NL Das Ende der Megamaschine\",\"description\":\"Ein Buch von Fabian Scheidler\",\"potentialAction\":[{\"@type\":\"SearchAction\",\"target\":{\"@type\":\"EntryPoint\",\"urlTemplate\":\"https:\\\/\\\/www.megamaschine.org\\\/nl\\\/?s={search_term_string}\"},\"query-input\":{\"@type\":\"PropertyValueSpecification\",\"valueRequired\":true,\"valueName\":\"search_term_string\"}}],\"inLanguage\":\"nl-NL\"}]}<\/script>\n<!-- \/ Yoast SEO plugin. -->","yoast_head_json":{"title":"Lesereise 2018 - NL Das Ende der Megamaschine","robots":{"index":"index","follow":"follow","max-snippet":"max-snippet:-1","max-image-preview":"max-image-preview:large","max-video-preview":"max-video-preview:-1"},"canonical":"https:\/\/www.megamaschine.org\/nl\/on-tour\/lesereise-2018\/","og_locale":"nl_NL","og_type":"article","og_title":"Lesereise 2018 - NL Das Ende der Megamaschine","og_url":"https:\/\/www.megamaschine.org\/nl\/on-tour\/lesereise-2018\/","og_site_name":"NL Das Ende der Megamaschine","article_modified_time":"2018-11-20T14:58:43+00:00","twitter_card":"summary_large_image","twitter_misc":{"Geschatte leestijd":"2 minuten"},"schema":{"@context":"https:\/\/schema.org","@graph":[{"@type":"WebPage","@id":"https:\/\/www.megamaschine.org\/nl\/on-tour\/lesereise-2018\/","url":"https:\/\/www.megamaschine.org\/nl\/on-tour\/lesereise-2018\/","name":"Lesereise 2018 - NL Das Ende der Megamaschine","isPartOf":{"@id":"https:\/\/www.megamaschine.org\/nl\/#website"},"datePublished":"2017-12-12T12:43:40+00:00","dateModified":"2018-11-20T14:58:43+00:00","breadcrumb":{"@id":"https:\/\/www.megamaschine.org\/nl\/on-tour\/lesereise-2018\/#breadcrumb"},"inLanguage":"nl-NL","potentialAction":[{"@type":"ReadAction","target":["https:\/\/www.megamaschine.org\/nl\/on-tour\/lesereise-2018\/"]}]},{"@type":"BreadcrumbList","@id":"https:\/\/www.megamaschine.org\/nl\/on-tour\/lesereise-2018\/#breadcrumb","itemListElement":[{"@type":"ListItem","position":1,"name":"Startseite","item":"https:\/\/www.megamaschine.org\/nl\/"},{"@type":"ListItem","position":2,"name":"On Tour","item":"https:\/\/www.megamaschine.org\/nl\/on-tour\/"},{"@type":"ListItem","position":3,"name":"Lesereise 2018"}]},{"@type":"WebSite","@id":"https:\/\/www.megamaschine.org\/nl\/#website","url":"https:\/\/www.megamaschine.org\/nl\/","name":"NL Das Ende der Megamaschine","description":"Ein Buch von Fabian Scheidler","potentialAction":[{"@type":"SearchAction","target":{"@type":"EntryPoint","urlTemplate":"https:\/\/www.megamaschine.org\/nl\/?s={search_term_string}"},"query-input":{"@type":"PropertyValueSpecification","valueRequired":true,"valueName":"search_term_string"}}],"inLanguage":"nl-NL"}]}},"_links":{"self":[{"href":"https:\/\/www.megamaschine.org\/nl\/wp-json\/wp\/v2\/pages\/1096","targetHints":{"allow":["GET"]}}],"collection":[{"href":"https:\/\/www.megamaschine.org\/nl\/wp-json\/wp\/v2\/pages"}],"about":[{"href":"https:\/\/www.megamaschine.org\/nl\/wp-json\/wp\/v2\/types\/page"}],"author":[{"embeddable":true,"href":"https:\/\/www.megamaschine.org\/nl\/wp-json\/wp\/v2\/users\/1"}],"replies":[{"embeddable":true,"href":"https:\/\/www.megamaschine.org\/nl\/wp-json\/wp\/v2\/comments?post=1096"}],"version-history":[{"count":59,"href":"https:\/\/www.megamaschine.org\/nl\/wp-json\/wp\/v2\/pages\/1096\/revisions"}],"predecessor-version":[{"id":1424,"href":"https:\/\/www.megamaschine.org\/nl\/wp-json\/wp\/v2\/pages\/1096\/revisions\/1424"}],"up":[{"embeddable":true,"href":"https:\/\/www.megamaschine.org\/nl\/wp-json\/wp\/v2\/pages\/11"}],"wp:attachment":[{"href":"https:\/\/www.megamaschine.org\/nl\/wp-json\/wp\/v2\/media?parent=1096"}],"curies":[{"name":"wp","href":"https:\/\/api.w.org\/{rel}","templated":true}]}}