{"id":130,"date":"2016-03-29T21:32:36","date_gmt":"2016-03-29T21:32:36","guid":{"rendered":"http:\/\/nicolaiherzog.de\/blog\/?page_id=130"},"modified":"2017-12-07T17:10:11","modified_gmt":"2017-12-07T16:10:11","slug":"veroeffentlichung","status":"publish","type":"page","link":"https:\/\/www.megamaschine.org\/nl\/texte\/veroeffentlichung\/","title":{"rendered":"Ver\u00f6ffentlichungen"},"content":{"rendered":"<div id=\"zeitschriften\" class=\"x-section\" style=\"margin: 0px; padding: 25px 0px 45px;  background-color: transparent;\" ><div id=\"\" class=\"x-container max width\" style=\"margin: 0px auto; padding: 0px; \" ><div  class=\"x-column x-sm x-1-1\" style=\"padding: 0px; \" ><div id=\"\" class=\"x-text\" style=\"\" ><h3 style=\"text-align: center;\">Zeitschriften-Beitr\u00e4ge<\/h3>\n<\/div><hr  class=\"x-gap\" style=\"margin: 50px 0 0 0;\"><div id=\"\" class=\"x-text center-text links\" style=\"\" ><ul>\n<li style=\"text-align: left;\"><a href=\"https:\/\/www.blaetter.de\/archiv\/jahrgaenge\/2017\/dezember\/der-digitalisierte-mensch-unser-leben-in-der-matrix\" target=\"_blank\">Unser Leben in der Matrix: Der digitalisierte Mensch<\/a>, in: Bl\u00e4tter f\u00fcr deutsche und internationale Politik 12\/2017<\/li>\n<li style=\"text-align: left;\"><a href=\"https:\/\/www.megamaschine.org\/2017\/02\/09\/der-stoff-aus-dem-die-traeume-sind\/\" target=\"_blank\">Der Stoff, aus dem die Tr\u00e4ume sind<\/a><strong>,<\/strong> in: OXI, Februar 2017<\/li>\n<li style=\"text-align: left;\">Risse in der Megamaschine. Von der Krise des modernen Weltsystems und den Gefahren und Chancen der \u00dcbergangszeit, in: Hintergrund, 1\/2017<\/li>\n<li style=\"text-align: left;\"><a href=\"http:\/\/www.oya-online.de\/article\/read\/2328-ausstieg_aus_der_megamaschine.html\" target=\"_blank\">Ausstieg aus der Megamaschine. Warum sozial\u00f6kologischer Wandel nicht ohne eine Ver\u00e4nderung der Tiefenstrukturen unserer Wirtschaft zu haben ist<\/a>, <span style=\"color: #000000;\">in: Oya, M\u00e4rz 2016<\/span><\/li>\n<li style=\"text-align: left;\"><a href=\"https:\/\/www.megamaschine.org\/nl\/wp-content\/uploads\/sites\/3\/2016\/04\/Taz_zum_Wandel_S26_FS.pdf\" target=\"_blank\">Der Staat finanziert die Bremser<\/a>, <span style=\"color: #000000;\">in: Taz am Wochenende, 5.\/6. September 2015<\/span><\/li>\n<li style=\"text-align: left;\"><span style=\"color: #6d747a;\"><a href=\"https:\/\/www.megamaschine.org\/nl\/wp-content\/uploads\/sites\/3\/2016\/04\/Megamaschine_Agora42_kl.pdf\" target=\"_blank\">Ausstieg aus der Megamaschine<\/a><span style=\"color: #000000;\">, in: Agora42, Ausgabe 02\/2015<\/span><br \/>\n<\/span><\/li>\n<li style=\"text-align: left;\"><span style=\"color: #6d747a;\"><a href=\"http:\/\/beta.megamaschine.kontext-tv.org\/unerzogen_lernen_ohne_wachstumszwang_kl\/\" target=\"_blank\">Lernen ohne Wachstumszwang<\/a><span style=\"color: #000000;\">, in: Unerzogen, M\u00e4rz 2014 (mit Andrea Vetter)<\/span><br \/>\n<\/span><\/li>\n<li style=\"text-align: left;\"><span style=\"color: #6d747a;\"><a href=\"https:\/\/www.blaetter.de\/archiv\/jahrgaenge\/2011\/maerz\/indien-der-preis-des-wachstums\" target=\"_blank\">Indien: Der Preis der Wachstums<\/a><\/span><span style=\"color: #000000;\"><a style=\"color: #000000;\" href=\"https:\/\/www.blaetter.de\/archiv\/jahrgaenge\/2011\/maerz\/indien-der-preis-des-wachstums\" target=\"_blank\">,<\/a> in: Bl\u00e4tter f\u00fcr deutsche und internationale Politik, M\u00e4rz 2011<\/span><\/li>\n<li style=\"text-align: left;\"><a href=\"http:\/\/www.financial-crimes.net\/intransparens.php\" target=\"_blank\">Intransparenz mit System. Bankenrettungen ohne demokratische Kontrolle<\/a><span style=\"color: #000000;\">, in: \u201eFinancial Crimes\u201c, August 2010<\/span><\/li>\n<li style=\"text-align: left;\"><span style=\"color: #6d747a;\">\u201e<span style=\"color: #000000;\">Die Zeit \u2013\u00a0eine Ausgabe aus der Zukunft\u201c, 21. M\u00e4rz 2009 (Konzept und Redaktion: Fabian Scheidler und Jutta Sundermann, ausgezeichnet mit dem Otto-Brenner-Medienpreis f\u00fcr kritischen Journalismus):<\/span><\/span> <a href=\"https:\/\/www.megamaschine.org\/nl\/wp-content\/uploads\/sites\/3\/2016\/04\/zeit-plagiat_klima-3.pdf\" target=\"_blank\">Klagewelle gegen Klimas\u00fcnder<\/a> |<a href=\"https:\/\/www.megamaschine.org\/nl\/wp-content\/uploads\/sites\/3\/2016\/04\/zeit-plagiat_wachstum.pdf\" target=\"_blank\">\u00a0Besser leben mit weniger Wachstum<\/a><em> |<\/em><em><a href=\"http:\/\/www.counter-images.de\/wachstum\/zeit-plagiat_wachstum_editorial.pdf\" target=\"_blank\">\u00a0<\/a><\/em><a href=\"https:\/\/www.megamaschine.org\/nl\/wp-content\/uploads\/sites\/3\/2016\/04\/zeit-plagiat_editorial.pdf\" target=\"_blank\">Editorial<\/a><span style=\"color: #000000;\"> (alias Matthias Trocken)<\/span><\/li>\n<li style=\"text-align: left;\"><span style=\"color: #6d747a;\"><a href=\"https:\/\/www.megamaschine.org\/nl\/wp-content\/uploads\/sites\/3\/2016\/04\/Die_Unwirklichkeit_unserer_Sta\u0308dte_Kosmos_O\u0308sterreich_kl.pdf\" target=\"_blank\">Von der Unwirklichkeit unserer St\u00e4dte<\/a><span style=\"color: #000000;\">, in: Kosmos \u00d6sterreich Nr. 27 (Juni 2008), hrsg. vom \u00d6sterreichischen Kulturforum Berlin<\/span><br \/>\n<\/span><\/li>\n<\/ul>\n<\/div><\/div><\/div><\/div><div id=\"buecher\" class=\"x-section\" style=\"margin: 0px; padding: 0 0px 45px;  background-color: #efefef;\" ><div id=\"\" class=\"x-container max width\" style=\"margin: 0px auto; padding: 0px; \" ><div  class=\"x-column x-sm x-1-1\" style=\"padding: 0px; \" ><div id=\"\" class=\"x-text\" style=\"\" ><h3 style=\"text-align: center;\">B\u00fccher<\/h3>\n<\/div><hr  class=\"x-gap\" style=\"margin: 50px 0 0 0;\"><div id=\"\" class=\"x-text center-text links\" style=\"\" ><ul>\n<li style=\"text-align: left;\"><a href=\"http:\/\/www.revolutionen.org\" target=\"_blank\">Chaos. Das neue Zeitalter der Revolutionen<\/a>, Wien 2017<\/li>\n<li style=\"text-align: left;\"><a href=\"http:\/\/mediashop.at\/buecher\/das-ende-der-megamaschine\/\" target=\"_blank\">Das Ende der Megamaschine. Geschichte einer scheiternden Zivilisation<\/a>, Wien 2015<\/li>\n<li style=\"text-align: left;\"><a href=\"http:\/\/theater-in-bewegung.org\/\" target=\"_blank\">Theater in Bewegung. Globale Gerechtigkeit spielend voranbringen. Ein Handbuch<\/a>,<span style=\"color: #000000;\"> von Fabian Scheidler, Stefanie Kaluza, Marc Amann, hrsg. von Grips Werke e.V., Berlin 2010<\/span><\/li>\n<li style=\"text-align: left;\"><a href=\"http:\/\/www.counter-images.de\/buecher\/buecher_essays.html\" target=\"_blank\">Die volle und die leere Welt. Essays und Bilder<\/a>, <span style=\"color: #000000;\">Norderstedt 2007<\/span><\/li>\n<\/ul>\n<h5><strong>Buchbeitr\u00e4ge<\/strong>:<\/h5>\n<ul>\n<li style=\"text-align: left;\"><em><a href=\"https:\/\/www.megamaschine.org\/2017\/05\/13\/martin-luther-der-bauernkrieg-und-die-formation-der-kapitalistischen-megamaschine\/\" target=\"_blank\">Die Formation der kapitalistischen &#8220;Megamaschine in der Zeit von Reformation und Bauernkrieg<\/a><\/em>, in: Freie Akademie: Religi\u00f6ser Pluralismus und Deutungshoheit in der Reformation, hrsg. von Ulrich Bubenheimer und Dieter Fauth, Neu-Isenburg 2017<\/li>\n<li style=\"text-align: left;\"><span style=\"color: #000000;\"><em>Gibt es ein Leben nach dem Wachstum?<\/em>, in: <\/span><a href=\"http:\/\/www.vsa-verlag.de\/detail\/artikel\/perspektiven\/\">Perspektiven!<\/a><span style=\"color: #000000;\">, VSA Verlag, Hamburg 2004<\/span><\/li>\n<\/ul>\n<\/div><\/div><\/div><\/div><div id=\"theater\" class=\"x-section\" style=\"margin: 0px; padding: 0 0px 45px;  background-color: transparent;\" ><div id=\"\" class=\"x-container max width\" style=\"margin: 0px auto; padding: 0px; \" ><div  class=\"x-column x-sm x-1-1\" style=\"padding: 0px; \" ><div id=\"\" class=\"x-text\" style=\"\" ><h3 style=\"text-align: center;\">Theater und Oper<\/h3>\n<\/div><hr  class=\"x-gap\" style=\"margin: 50px 0 0 0;\"><div id=\"\" class=\"x-text center-text links\" style=\"\" ><ul>\n<li style=\"text-align: left;\"><span style=\"color: #000000;\"><a href=\"http:\/\/www.counter-images.de\/theaterstuecke-Dateien\/tod_eines_bankers.html\" target=\"_blank\">Tod eines Bankers.<\/a> Oper von Fabian Scheidler (Konzept und Libretto) und Andreas Kersting (Musik), uraufgef\u00fchrt am Gerhard-Hauptmann-Theater G\u00f6rlitz am 6.4.2013<\/span><\/li>\n<li style=\"text-align: left;\"><a href=\"https:\/\/web.archive.org\/web\/20071210180801\/http:\/\/www.grips-theater.de\/repertoire\/klima_01.php\" target=\"_blank\">Prima Klima<\/a>. Theaterst\u00fcck f\u00fcr Menschen ab 6, uraufgef\u00fchrt am Grips Theater Berlin am 22.11.2007, offizieller Beitrag zur <em>UN-Dekade Bildung f\u00fcr Nachhaltige Entwicklung<\/em><\/li>\n<li style=\"text-align: left;\"><a href=\"http:\/\/www.counter-images.de\/theaterstuecke-Dateien\/albatros.html\" target=\"_blank\">Der Albatros<\/a>, Theaterst\u00fcck von Fabian Scheidler nach &#8220;The Rhyme of the Ancient Mariner&#8221; von Samuel Taylor Coleridge, Urauff\u00fchrung am Monsun Theater Hamburg am 17.5.2001<\/li>\n<\/ul>\n<\/div><\/div><\/div><\/div>\n","protected":false},"excerpt":{"rendered":"","protected":false},"author":1,"featured_media":0,"parent":33,"menu_order":0,"comment_status":"closed","ping_status":"closed","template":"template-blank-4.php","meta":{"footnotes":""},"class_list":["post-130","page","type-page","status-publish","hentry","no-post-thumbnail"],"yoast_head":"<!-- This site is optimized with the Yoast SEO plugin v27.5 - https:\/\/yoast.com\/product\/yoast-seo-wordpress\/ -->\n<title>Ver\u00f6ffentlichungen - NL Das Ende der Megamaschine<\/title>\n<meta name=\"robots\" content=\"index, follow, max-snippet:-1, max-image-preview:large, max-video-preview:-1\" \/>\n<link rel=\"canonical\" href=\"https:\/\/www.megamaschine.org\/nl\/texte\/veroeffentlichung\/\" \/>\n<meta property=\"og:locale\" content=\"nl_NL\" \/>\n<meta property=\"og:type\" content=\"article\" \/>\n<meta property=\"og:title\" content=\"Ver\u00f6ffentlichungen - NL Das Ende der Megamaschine\" \/>\n<meta property=\"og:url\" content=\"https:\/\/www.megamaschine.org\/nl\/texte\/veroeffentlichung\/\" \/>\n<meta property=\"og:site_name\" content=\"NL Das Ende der Megamaschine\" \/>\n<meta property=\"article:modified_time\" content=\"2017-12-07T16:10:11+00:00\" \/>\n<meta name=\"twitter:card\" content=\"summary_large_image\" \/>\n<meta name=\"twitter:label1\" content=\"Geschatte leestijd\" \/>\n\t<meta name=\"twitter:data1\" content=\"3 minuten\" \/>\n<script type=\"application\/ld+json\" class=\"yoast-schema-graph\">{\"@context\":\"https:\\\/\\\/schema.org\",\"@graph\":[{\"@type\":\"WebPage\",\"@id\":\"https:\\\/\\\/www.megamaschine.org\\\/nl\\\/texte\\\/veroeffentlichung\\\/\",\"url\":\"https:\\\/\\\/www.megamaschine.org\\\/nl\\\/texte\\\/veroeffentlichung\\\/\",\"name\":\"Ver\u00f6ffentlichungen - NL Das Ende der Megamaschine\",\"isPartOf\":{\"@id\":\"https:\\\/\\\/www.megamaschine.org\\\/nl\\\/#website\"},\"datePublished\":\"2016-03-29T21:32:36+00:00\",\"dateModified\":\"2017-12-07T16:10:11+00:00\",\"breadcrumb\":{\"@id\":\"https:\\\/\\\/www.megamaschine.org\\\/nl\\\/texte\\\/veroeffentlichung\\\/#breadcrumb\"},\"inLanguage\":\"nl-NL\",\"potentialAction\":[{\"@type\":\"ReadAction\",\"target\":[\"https:\\\/\\\/www.megamaschine.org\\\/nl\\\/texte\\\/veroeffentlichung\\\/\"]}]},{\"@type\":\"BreadcrumbList\",\"@id\":\"https:\\\/\\\/www.megamaschine.org\\\/nl\\\/texte\\\/veroeffentlichung\\\/#breadcrumb\",\"itemListElement\":[{\"@type\":\"ListItem\",\"position\":1,\"name\":\"Startseite\",\"item\":\"https:\\\/\\\/www.megamaschine.org\\\/nl\\\/\"},{\"@type\":\"ListItem\",\"position\":2,\"name\":\"Texte\",\"item\":\"https:\\\/\\\/www.megamaschine.org\\\/nl\\\/texte\\\/\"},{\"@type\":\"ListItem\",\"position\":3,\"name\":\"Ver\u00f6ffentlichungen\"}]},{\"@type\":\"WebSite\",\"@id\":\"https:\\\/\\\/www.megamaschine.org\\\/nl\\\/#website\",\"url\":\"https:\\\/\\\/www.megamaschine.org\\\/nl\\\/\",\"name\":\"NL Das Ende der Megamaschine\",\"description\":\"Ein Buch von Fabian Scheidler\",\"potentialAction\":[{\"@type\":\"SearchAction\",\"target\":{\"@type\":\"EntryPoint\",\"urlTemplate\":\"https:\\\/\\\/www.megamaschine.org\\\/nl\\\/?s={search_term_string}\"},\"query-input\":{\"@type\":\"PropertyValueSpecification\",\"valueRequired\":true,\"valueName\":\"search_term_string\"}}],\"inLanguage\":\"nl-NL\"}]}<\/script>\n<!-- \/ Yoast SEO plugin. -->","yoast_head_json":{"title":"Ver\u00f6ffentlichungen - NL Das Ende der Megamaschine","robots":{"index":"index","follow":"follow","max-snippet":"max-snippet:-1","max-image-preview":"max-image-preview:large","max-video-preview":"max-video-preview:-1"},"canonical":"https:\/\/www.megamaschine.org\/nl\/texte\/veroeffentlichung\/","og_locale":"nl_NL","og_type":"article","og_title":"Ver\u00f6ffentlichungen - NL Das Ende der Megamaschine","og_url":"https:\/\/www.megamaschine.org\/nl\/texte\/veroeffentlichung\/","og_site_name":"NL Das Ende der Megamaschine","article_modified_time":"2017-12-07T16:10:11+00:00","twitter_card":"summary_large_image","twitter_misc":{"Geschatte leestijd":"3 minuten"},"schema":{"@context":"https:\/\/schema.org","@graph":[{"@type":"WebPage","@id":"https:\/\/www.megamaschine.org\/nl\/texte\/veroeffentlichung\/","url":"https:\/\/www.megamaschine.org\/nl\/texte\/veroeffentlichung\/","name":"Ver\u00f6ffentlichungen - NL Das Ende der Megamaschine","isPartOf":{"@id":"https:\/\/www.megamaschine.org\/nl\/#website"},"datePublished":"2016-03-29T21:32:36+00:00","dateModified":"2017-12-07T16:10:11+00:00","breadcrumb":{"@id":"https:\/\/www.megamaschine.org\/nl\/texte\/veroeffentlichung\/#breadcrumb"},"inLanguage":"nl-NL","potentialAction":[{"@type":"ReadAction","target":["https:\/\/www.megamaschine.org\/nl\/texte\/veroeffentlichung\/"]}]},{"@type":"BreadcrumbList","@id":"https:\/\/www.megamaschine.org\/nl\/texte\/veroeffentlichung\/#breadcrumb","itemListElement":[{"@type":"ListItem","position":1,"name":"Startseite","item":"https:\/\/www.megamaschine.org\/nl\/"},{"@type":"ListItem","position":2,"name":"Texte","item":"https:\/\/www.megamaschine.org\/nl\/texte\/"},{"@type":"ListItem","position":3,"name":"Ver\u00f6ffentlichungen"}]},{"@type":"WebSite","@id":"https:\/\/www.megamaschine.org\/nl\/#website","url":"https:\/\/www.megamaschine.org\/nl\/","name":"NL Das Ende der Megamaschine","description":"Ein Buch von Fabian Scheidler","potentialAction":[{"@type":"SearchAction","target":{"@type":"EntryPoint","urlTemplate":"https:\/\/www.megamaschine.org\/nl\/?s={search_term_string}"},"query-input":{"@type":"PropertyValueSpecification","valueRequired":true,"valueName":"search_term_string"}}],"inLanguage":"nl-NL"}]}},"_links":{"self":[{"href":"https:\/\/www.megamaschine.org\/nl\/wp-json\/wp\/v2\/pages\/130","targetHints":{"allow":["GET"]}}],"collection":[{"href":"https:\/\/www.megamaschine.org\/nl\/wp-json\/wp\/v2\/pages"}],"about":[{"href":"https:\/\/www.megamaschine.org\/nl\/wp-json\/wp\/v2\/types\/page"}],"author":[{"embeddable":true,"href":"https:\/\/www.megamaschine.org\/nl\/wp-json\/wp\/v2\/users\/1"}],"replies":[{"embeddable":true,"href":"https:\/\/www.megamaschine.org\/nl\/wp-json\/wp\/v2\/comments?post=130"}],"version-history":[{"count":47,"href":"https:\/\/www.megamaschine.org\/nl\/wp-json\/wp\/v2\/pages\/130\/revisions"}],"predecessor-version":[{"id":1094,"href":"https:\/\/www.megamaschine.org\/nl\/wp-json\/wp\/v2\/pages\/130\/revisions\/1094"}],"up":[{"embeddable":true,"href":"https:\/\/www.megamaschine.org\/nl\/wp-json\/wp\/v2\/pages\/33"}],"wp:attachment":[{"href":"https:\/\/www.megamaschine.org\/nl\/wp-json\/wp\/v2\/media?parent=130"}],"curies":[{"name":"wp","href":"https:\/\/api.w.org\/{rel}","templated":true}]}}