{"id":46,"date":"2016-03-29T16:19:53","date_gmt":"2016-03-29T16:19:53","guid":{"rendered":"http:\/\/nicolaiherzog.de\/blog\/?page_id=46"},"modified":"2018-11-20T16:02:06","modified_gmt":"2018-11-20T15:02:06","slug":"lesereise-2016","status":"publish","type":"page","link":"https:\/\/www.megamaschine.org\/nl\/on-tour\/lesereise-2016\/","title":{"rendered":"Lesereise 2016"},"content":{"rendered":"<div id=\"x-section-1\" class=\"x-section\" style=\"margin: 0px; padding: 20px 0px 45px;  background-color: transparent;\" ><div id=\"\" class=\"x-container max width\" style=\"margin: 0px auto; padding: 0px; \" ><div  class=\"x-column x-sm x-1-1\" style=\"padding: 0px; \" ><div id=\"\" class=\"x-text\" style=\"\" ><h3 style=\"text-align: center\">Boekpresentaties en lezingen 2016<\/h3>\n<\/div><hr  class=\"x-gap\" style=\"margin: 30px 0 0 0;\"><div  class=\"x-columnize links\" >\n<ul>\n<li><strong><span style=\"color: #000000\">Berlin<\/span><\/strong><span style=\"color: #000000\">, 20. Februar 2016, 19 Uhr, Dahlemer Salon<\/span><\/li>\n<li><span style=\"color: #000000\"><strong>Duisburg<\/strong>, 29. Februar 2016, 19 Uhr,<\/span> <a href=\"http:\/\/www.stiftung-duisburg.de\/\">Stiftung f\u00fcr Umwelt, Gesundheit und Soziales<\/a><span style=\"color: #000000\">, Grammatikoff, Am Dellplatz 16 a<\/span><\/li>\n<li><span style=\"color: #000000\"><strong>Leipziger<\/strong> <strong>Buchmesse<\/strong>, 18. M\u00e4rz 2016, 20 Uhr,<\/span> <a href=\"http:\/\/www.umweltbibliothek-leipzig.de\/aktuelle-veranstaltungen.html\">Umweltbibliothek<\/a><span style=\"color: #000000\"> (Haus der Demokratie), Bernhard-G\u00f6ring-Str. 152<\/span><\/li>\n<li><span style=\"color: #000000\"><strong>Halle<\/strong>, 14. April 2016, 18.30 Uhr, Franckesche Stiftungen, Haus 31, HS 1. Etage, Franckeplatz 1. Eine Veranstaltung der<\/span> <a href=\"http:\/\/www.boell-sachsen-anhalt.de\/event\/das-ende-der-megamaschine\/\">Heinrich-B\u00f6ll-Stiftung Sachsen-Anhalt<\/a>. <em><a href=\"https:\/\/www.youtube.com\/watch?v=4bT5C1s_cFc\" target=\"_blank\" rel=\"noopener\">Video-Aufzeichnung<\/a><\/em><\/li>\n<li><span style=\"color: #000000\"><strong>Berlin<\/strong><\/span>, 15. April 2016, 20 Uhr, <a href=\"http:\/\/provinz-berlin.de\/?p=3546\">Caf\u00e9 Provinz<\/a>, <span style=\"color: #000000\">Bouch\u00e9stra\u00dfe 79A, 12435 Berlin-Treptow<\/span><\/li>\n<li><strong>Dortmund<\/strong>, 18. April 2016, 19 Uhr, Auslandsgesellschaft, Steinstr. 48, 44147 Dortmund. Eine Veranstaltung des <a href=\"http:\/\/dortmund-hellweg.dgb.de\/termine\/++co++72ea068e-ea87-11e5-b1a5-52540023ef1a\">DGB Dormund<\/a> in Kooperation mit Attac Dortmund.<\/li>\n<li><strong>Hamburg<\/strong>, 21. April 2016, 19 Uhr, Staatsbibliothek, Von-Melle-Park 3, 20146 Hamburg. Eine Veranstaltung von <a href=\"http:\/\/calendar.boell.de\/de\/event\/das-ende-der-megamaschine\">Umdenken\/Heinrich-B\u00f6ll-Stiftung Hamburg<\/a>.<\/li>\n<li><strong>Breklum<\/strong>, 22.\/23. April 2016, Vortrag und Workshop bei den <a href=\"http:\/\/www.tagederutopie.de\/index.php?id=13\">Tagen der Utopie<\/a>, Bildungszentrum f\u00fcr Nachhaltige Entwicklung, 25821 Breklum (bei Husum)<\/li>\n<li><strong>Moosach bei M\u00fcnchen<\/strong>, 30. April 2016, 20 Uhr, <a href=\"http:\/\/www.meta-theater.com\/3104-das-ende-der-megamaschine-mit-fabian-scheidler\">Meta Theater<\/a>, Osteranger 8, 85665 Moosach. <em>Sendung von <a href=\"http:\/\/www.radiomuenchen.net\/podcast-archiv\/sendeformate\/abends-unterwegs\/984-die-geschichte-einer-scheiternden-zivilisation-von-fabian-scheidler.html\" target=\"_blank\" rel=\"noopener\">Radio M\u00fcnchen<\/a><\/em><\/li>\n<li><strong>Heidenheim<\/strong><strong>, <\/strong>2. Mai 2016, 19 Uhr, <a href=\"http:\/\/veranstaltungen.heidenheim.de\/veranstaltungen\/id\/68669\/%22Das%20Ende%20der%20Megamaschine.%20Geschichte%20einer%20scheiternden%20Zivilisation%22\/Elmar-Doch-Haus\/B%C3%BChne\/\" target=\"_blank\" rel=\"noopener\">Elmar-Doch-Haus<\/a>, Hauptstrasse 34, 89522 Heidenheim.<\/li>\n<li><strong>T\u00fcbingen<\/strong>, 3. Mai 2016, 20 Uhr, <a href=\"https:\/\/www.megamaschine.org\/nl\/wp-content\/uploads\/sites\/3\/2016\/04\/Flyer_Tuebingen_Acosta_Scheidler.pdf\" target=\"_blank\" rel=\"noopener\">Universit\u00e4t<\/a>, Verf\u00fcgungsgeb\u00e4ude, Raum 001, Wilhelmstr. 19, 72074 T\u00fcbingen<\/li>\n<li><strong>Besigheim<\/strong>, 4. Mai 2016, 20 Uhr, <a href=\"http:\/\/www.wartesaal.org\/\">Wartesaal<\/a>, Weinstr. 11, 74354 Besigheim. <em><a href=\"https:\/\/www.youtube.com\/watch?v=to9qTZQmi_Y\" target=\"_blank\" rel=\"noopener\">Video-Aufzeichnung<\/a><\/em><\/li>\n<li><span style=\"color: #000000\"><strong>Augsburg<\/strong><\/span>, 5. Mai 2016, 19.30 Uhr, <a href=\"http:\/\/grandhotel-cosmopolis.org\/de\/\" target=\"_blank\" rel=\"noopener\">Grandhotel Cosmopolis<\/a>, Springerg\u00e4sschen 5, 86152 Augsburg<\/li>\n<li><strong><span style=\"color: #000000\">Lichtenfels<\/span>, <\/strong> 7. Mai 2016, <a href=\"http:\/\/www.freie-akademie-online.de\/index.php\/die-naechste-tagung\" target=\"_blank\" rel=\"noopener\">Freie Akademie<\/a>, Schlo\u00df Schney. Vortrag zum Thema &#8220;Egalit\u00e4re Bewegungen in der Reformationszeit und die Entstehung des modernen Weltsystems&#8221;. <em><a href=\"https:\/\/www.megamaschine.org\/videos\/#reformation\" target=\"_blank\" rel=\"noopener\">Video-Aufzeichnung<\/a><\/em><\/li>\n<li><span style=\"color: #000000\"><strong>Mannheim<\/strong><\/span>, 8. Mai 2016, 19 Uhr, <a href=\"http:\/\/www.theateroliv.de\/\">Theater oliv<\/a>, Am Me\u00dfpl. 7, 68169 Mannheim<\/li>\n<li><span style=\"color: #000000\"><strong>L\u00f6rrach<\/strong><\/span>, 10. Mai 2016, 19.30 Uhr, <a href=\"http:\/\/www.werkraum-schoepflin.de\/482.0.html\" target=\"_blank\" rel=\"noopener\">Werkraum Sch\u00f6pflin<\/a>, Franz-Ehret-Stra\u00dfe 7, 79541 L\u00f6rrach-Brombach<\/li>\n<li><span style=\"color: #000000\"><strong>Freiburg<\/strong><\/span>, 12. Mai 2016, 20 Uhr, Buchhandlung <a href=\"http:\/\/www.josfritz.de\/\" target=\"_blank\" rel=\"noopener\">Jos Fritz<\/a>, Wilhelmstr. 15, 79098 Freiburg. <em>Sendung von <a href=\"https:\/\/rdl.de\/beitrag\/focus-europa-debatte-20052016\" target=\"_blank\" rel=\"noopener\">Radio Dreyeckland<\/a><\/em><\/li>\n<li><strong>Verden<\/strong> <strong>(bei Bremen)<\/strong>, 1. Juli 2016, 19 Uhr, <a href=\"http:\/\/www.attac-netzwerk.de\/attacademie\" target=\"_blank\" rel=\"noopener\">Attacademie<\/a>, &#8220;Halle 57&#8221;, Artilleriestr. 14, 27283 Verden<\/li>\n<li><strong>Heichelheim (bei Weimar)<\/strong>, 23. August 2016, Vortrag und Workshop, <a href=\"http:\/\/www.undjetzt-konferenz.de\/\" target=\"_blank\" rel=\"noopener\">Undjetzt?!-Konferenz<\/a>, M\u00fchle am See<\/li>\n<li><span style=\"color: #000000\"><strong>Z\u00fcrich<\/strong><\/span>, 7. September 2016, 19 Uhr, <a href=\"http:\/\/www.wandellust.ch\" target=\"_blank\" rel=\"noopener\">Wandellust<\/a>, Zollikerstrasse 74, 8008 Z\u00fcrich, zusammen mit Marcel H\u00e4nggi<\/li>\n<li><span style=\"color: #000000\"><strong>Z\u00fcrich<\/strong><\/span>, 8. September 2016, 20 Uhr, <a href=\"http:\/\/www.spheres.cc\/\" target=\"_blank\" rel=\"noopener\">Caf\u00e9 Sph\u00e8res<\/a>, Hardturmstrasse 66, 8005 Z\u00fcrich<\/li>\n<li><span style=\"color: #000000\"><strong>Z\u00fcrich<\/strong><\/span>, 9. September 2016, 15.20 Uhr, ETH, Keynote f\u00fcr die Fachtagung Nachhaltiges Bauen und Erneuerbare Energien (\u00d6konzentrum \/ <a href=\"http:\/\/www.brenet.ch\/programm\/\" target=\"_blank\" rel=\"noopener\">Brenet<\/a>)<\/li>\n<li><strong>Kyritz<\/strong>, 16. September 2016, 19 Uhr, Hotel Bluhm, im Rahmen der <a href=\"http:\/\/bbb.wandelwoche.org\/touren\/abschluss-der-wandelwoche-2016-in-kyritz\/\" target=\"_blank\" rel=\"noopener\">Wandelwoche<\/a>. Eine Veranstaltung der <a href=\"http:\/\/calendar.boell.de\/de\/event\/das-ende-der-megamaschine-lesung-mit-fabian-scheidler\" target=\"_blank\" rel=\"noopener\">Heinrich-B\u00f6ll-Stiftung Brandenburg<\/a>.<\/li>\n<li><strong><span style=\"color: #000000\">Frankfurt\/M<\/span>.<\/strong>, 23. September 2016, 9.30 Uhr, Goethe-Universit\u00e4t, <a href=\"https:\/\/dgsf-tagung-2016.de\/vortraege-und-workshops\/vortraege-und-workshops-am-freitag.html\" target=\"_blank\" rel=\"noopener\">Keynote<\/a> f\u00fcr die Jahrestagung der Deutschen Gesellschaft f\u00fcr Familientherapie und Systemische Therapie (DGSF) <em><a href=\"https:\/\/www.megamaschine.org\/videos\/#dgsf\" target=\"_blank\" rel=\"noopener\">Video-Aufzeichnung<\/a><\/em><\/li>\n<li><strong>Frankfurt\/M.<\/strong>, 24. September 2016, 11 Uhr, Goethe-Universit\u00e4t, <a href=\"https:\/\/dgsf-tagung-2016.de\/vortraege-und-workshops\/vortraege-und-workshops-am-samstag.html\" target=\"_blank\" rel=\"noopener\">Podium<\/a> &#8220;Unser neoliberaler Alltag und unsere Handlungsspielr\u00e4ume&#8221;, zusammen mit Claus Leggewie, DGSF-Jahrestagung<\/li>\n<li><span style=\"color: #000000\"><strong>Waidhofen <\/strong>(Nieder\u00f6sterreich)<\/span>, 3. Oktober 2016, 19 Uhr, Vortrag im Rahmen der Reihe <a href=\"http:\/\/www.wirtschaft2050.at\/#veranstaltungsdetails\" target=\"_blank\" rel=\"noopener\">&#8220;Mission: Wirtschaft 2050&#8221;<\/a>. <em><a href=\"https:\/\/www.youtube.com\/watch?v=pk9C3cVdeJc\" target=\"_blank\" rel=\"noopener\">Video-Aufzeichnung<\/a> <\/em><\/li>\n<li><strong><span style=\"color: #000000\">Wien<\/span>, <\/strong> 4. Oktober 2016, 19 Uhr, <a href=\"https:\/\/www.buechereien.wien.at\/de\/programm\/veranstaltungskalender\/3959\" target=\"_blank\" rel=\"noopener\">Hauptb\u00fccherei,<\/a> zusammen mit Christian Felber, Urban-Loritz-Platz 2a, 1070 Wien <em><a href=\"https:\/\/www.megamaschine.org\/videos\/#felber\" target=\"_blank\" rel=\"noopener\">Video-Aufzeichnung<\/a><\/em><\/li>\n<li><strong><span style=\"color: #000000\">Schrems<\/span>, <\/strong>5. Oktober 2016, 19 Uhr, <a href=\"http:\/\/w4tler.at\/akademie-kurse\/vortrag-fabian-scheidler\" target=\"_blank\" rel=\"noopener\">GEA Akademie<\/a>, Waldviertler Werkst\u00e4tten, Niederschremserstr. 4b, A-3943 Schrems <em><a href=\"https:\/\/www.youtube.com\/watch?v=QtnLfWduNf4\" target=\"_blank\" rel=\"noopener\">Video-Aufzeichnung<\/a><\/em><\/li>\n<li><strong>Linz<\/strong>, 6. Oktober 2016, 19 Uhr, \u00a0<a href=\"https:\/\/tabakfabrik-linz.at\/events\/lesung-fabian-scheidler-und-diskussion\/\" target=\"_blank\" rel=\"noopener\">Tabakfabrik<\/a>, Behrens-K\u00fcche, Peter-Behrens-Platz 15, 4020 Linz <em><a href=\"https:\/\/dorftv.at\/video\/25942\" target=\"_blank\" rel=\"noopener\">Video-Aufzeichnung<\/a><\/em><\/li>\n<li><span style=\"color: #000000\"><strong>Salzburg<\/strong><\/span>, 7. Oktober 2016, 19 Uhr, <a href=\"https:\/\/jungk-bibliothek.org\/2016\/09\/27\/fortschrittsmythen-oder-das-ende-der-megamaschine-berliner-autor-fabian-scheidler-zu-gast-in-der-jbz-am-fr-den-7-oktober-2016\/\" target=\"_blank\" rel=\"noopener\">Robert-Jungk-Bibliothek f\u00fcr Zukunftsfragen<\/a>, Strubergasse 18, 5020 Salzburg <a href=\"https:\/\/jungk-bibliothek.org\/2016\/10\/09\/die-krise-als-systemkrise-wahrnehmen-der-historiker-fabian-scheidler-zu-gast-in-der-jbz\/\" target=\"_blank\" rel=\"noopener\"><em>Nachlese<\/em><\/a><\/li>\n<li><strong>W\u00fcrzburg<\/strong>, 4. November 2016, 19 Uhr, <a href=\"https:\/\/www.bergwaldprojekt.de\/\" target=\"_blank\" rel=\"noopener\">Bergwaldprojekt e.V.<\/a>, Veitsh\u00f6chheimer Str. 1b, 97080 W\u00fcrzburg<\/li>\n<li><strong>Hannover<\/strong>, 16. November 2016, 19 Uhr, Pavillon, Lister Meile 4, 30161 Hannover. Eine Veranstaltung der <a href=\"http:\/\/calendar.boell.de\/de\/event\/fabian-scheidler-das-ende-der-megamaschine\" target=\"_blank\" rel=\"noopener\">Heinrich-B\u00f6ll-Stiftung Niedersachsen<\/a> im Rahmen der Reihe <a href=\"http:\/\/pavillon-hannover.de\/programm\/veranstaltung\/?nr=16534\" target=\"_blank\" rel=\"noopener\">Book.Look<\/a><\/li>\n<li><strong>Marburg<\/strong>, 7. Dezember 2016, 18 Uhr, Universit\u00e4t, H\u00f6rsaalgeb\u00e4ude, Raum +1\/0030, im Rahmen der Ringvorlesung <a href=\"https:\/\/www.facebook.com\/PluraleOekonomikMarburg\/\" target=\"_blank\" rel=\"noopener\">&#8220;Plurale \u00d6konomik&#8221;<\/a><\/li>\n<li><strong>Eberswalde bei Berlin<\/strong>, 13. Dezember 2016, 19 Uhr, <a href=\"http:\/\/calendar.boell.de\/de\/event\/eberswalder-nachhaltigkeitsgesellschaft\" target=\"_blank\" rel=\"noopener\">Eberswalder Nachhaltigkeitsgesellschaft<\/a>, Alte Forstakademie, Schicklerstr. 3, 16225 Eberswalde<\/li>\n<\/ul>\n<\/div><\/div><\/div><\/div><div id=\"x-section-2\" class=\"x-section\" style=\"margin: 0px; padding: 15px 0px 45px;  background-color: transparent;\" ><div id=\"\" class=\"x-container max width\" style=\"margin: 0px auto; padding: 0px; \" ><div  class=\"x-column x-sm links x-1-1\" style=\"padding: 0px; \" ><div id=\"\" class=\"x-text\" style=\"\" ><p style=\"text-align: center\">Klik hier voor het evenementenarchief voor<a href=\"http:\/\/beta.megamaschine.kontext-tv.org\/on-tour\/lesereise-2015\/\"> 2015.<\/a><\/p>\n<\/div><\/div><\/div><\/div>\n","protected":false},"excerpt":{"rendered":"","protected":false},"author":1,"featured_media":0,"parent":11,"menu_order":0,"comment_status":"closed","ping_status":"closed","template":"template-blank-4.php","meta":{"footnotes":""},"class_list":["post-46","page","type-page","status-publish","hentry","no-post-thumbnail"],"yoast_head":"<!-- This site is optimized with the Yoast SEO plugin v27.3 - https:\/\/yoast.com\/product\/yoast-seo-wordpress\/ -->\n<title>Lesereise 2016 - NL Das Ende der Megamaschine<\/title>\n<meta name=\"robots\" content=\"index, follow, max-snippet:-1, max-image-preview:large, max-video-preview:-1\" \/>\n<link rel=\"canonical\" href=\"https:\/\/www.megamaschine.org\/nl\/on-tour\/lesereise-2016\/\" \/>\n<meta property=\"og:locale\" content=\"nl_NL\" \/>\n<meta property=\"og:type\" content=\"article\" \/>\n<meta property=\"og:title\" content=\"Lesereise 2016 - NL Das Ende der Megamaschine\" \/>\n<meta property=\"og:url\" content=\"https:\/\/www.megamaschine.org\/nl\/on-tour\/lesereise-2016\/\" \/>\n<meta property=\"og:site_name\" content=\"NL Das Ende der Megamaschine\" \/>\n<meta property=\"article:modified_time\" content=\"2018-11-20T15:02:06+00:00\" \/>\n<meta name=\"twitter:card\" content=\"summary_large_image\" \/>\n<meta name=\"twitter:label1\" content=\"Geschatte leestijd\" \/>\n\t<meta name=\"twitter:data1\" content=\"3 minuten\" \/>\n<script type=\"application\/ld+json\" class=\"yoast-schema-graph\">{\"@context\":\"https:\\\/\\\/schema.org\",\"@graph\":[{\"@type\":\"WebPage\",\"@id\":\"https:\\\/\\\/www.megamaschine.org\\\/nl\\\/on-tour\\\/lesereise-2016\\\/\",\"url\":\"https:\\\/\\\/www.megamaschine.org\\\/nl\\\/on-tour\\\/lesereise-2016\\\/\",\"name\":\"Lesereise 2016 - NL Das Ende der Megamaschine\",\"isPartOf\":{\"@id\":\"https:\\\/\\\/www.megamaschine.org\\\/nl\\\/#website\"},\"datePublished\":\"2016-03-29T16:19:53+00:00\",\"dateModified\":\"2018-11-20T15:02:06+00:00\",\"breadcrumb\":{\"@id\":\"https:\\\/\\\/www.megamaschine.org\\\/nl\\\/on-tour\\\/lesereise-2016\\\/#breadcrumb\"},\"inLanguage\":\"nl-NL\",\"potentialAction\":[{\"@type\":\"ReadAction\",\"target\":[\"https:\\\/\\\/www.megamaschine.org\\\/nl\\\/on-tour\\\/lesereise-2016\\\/\"]}]},{\"@type\":\"BreadcrumbList\",\"@id\":\"https:\\\/\\\/www.megamaschine.org\\\/nl\\\/on-tour\\\/lesereise-2016\\\/#breadcrumb\",\"itemListElement\":[{\"@type\":\"ListItem\",\"position\":1,\"name\":\"Startseite\",\"item\":\"https:\\\/\\\/www.megamaschine.org\\\/nl\\\/\"},{\"@type\":\"ListItem\",\"position\":2,\"name\":\"On Tour\",\"item\":\"https:\\\/\\\/www.megamaschine.org\\\/nl\\\/on-tour\\\/\"},{\"@type\":\"ListItem\",\"position\":3,\"name\":\"Lesereise 2016\"}]},{\"@type\":\"WebSite\",\"@id\":\"https:\\\/\\\/www.megamaschine.org\\\/nl\\\/#website\",\"url\":\"https:\\\/\\\/www.megamaschine.org\\\/nl\\\/\",\"name\":\"NL Das Ende der Megamaschine\",\"description\":\"Ein Buch von Fabian Scheidler\",\"potentialAction\":[{\"@type\":\"SearchAction\",\"target\":{\"@type\":\"EntryPoint\",\"urlTemplate\":\"https:\\\/\\\/www.megamaschine.org\\\/nl\\\/?s={search_term_string}\"},\"query-input\":{\"@type\":\"PropertyValueSpecification\",\"valueRequired\":true,\"valueName\":\"search_term_string\"}}],\"inLanguage\":\"nl-NL\"}]}<\/script>\n<!-- \/ Yoast SEO plugin. -->","yoast_head_json":{"title":"Lesereise 2016 - NL Das Ende der Megamaschine","robots":{"index":"index","follow":"follow","max-snippet":"max-snippet:-1","max-image-preview":"max-image-preview:large","max-video-preview":"max-video-preview:-1"},"canonical":"https:\/\/www.megamaschine.org\/nl\/on-tour\/lesereise-2016\/","og_locale":"nl_NL","og_type":"article","og_title":"Lesereise 2016 - NL Das Ende der Megamaschine","og_url":"https:\/\/www.megamaschine.org\/nl\/on-tour\/lesereise-2016\/","og_site_name":"NL Das Ende der Megamaschine","article_modified_time":"2018-11-20T15:02:06+00:00","twitter_card":"summary_large_image","twitter_misc":{"Geschatte leestijd":"3 minuten"},"schema":{"@context":"https:\/\/schema.org","@graph":[{"@type":"WebPage","@id":"https:\/\/www.megamaschine.org\/nl\/on-tour\/lesereise-2016\/","url":"https:\/\/www.megamaschine.org\/nl\/on-tour\/lesereise-2016\/","name":"Lesereise 2016 - NL Das Ende der Megamaschine","isPartOf":{"@id":"https:\/\/www.megamaschine.org\/nl\/#website"},"datePublished":"2016-03-29T16:19:53+00:00","dateModified":"2018-11-20T15:02:06+00:00","breadcrumb":{"@id":"https:\/\/www.megamaschine.org\/nl\/on-tour\/lesereise-2016\/#breadcrumb"},"inLanguage":"nl-NL","potentialAction":[{"@type":"ReadAction","target":["https:\/\/www.megamaschine.org\/nl\/on-tour\/lesereise-2016\/"]}]},{"@type":"BreadcrumbList","@id":"https:\/\/www.megamaschine.org\/nl\/on-tour\/lesereise-2016\/#breadcrumb","itemListElement":[{"@type":"ListItem","position":1,"name":"Startseite","item":"https:\/\/www.megamaschine.org\/nl\/"},{"@type":"ListItem","position":2,"name":"On Tour","item":"https:\/\/www.megamaschine.org\/nl\/on-tour\/"},{"@type":"ListItem","position":3,"name":"Lesereise 2016"}]},{"@type":"WebSite","@id":"https:\/\/www.megamaschine.org\/nl\/#website","url":"https:\/\/www.megamaschine.org\/nl\/","name":"NL Das Ende der Megamaschine","description":"Ein Buch von Fabian Scheidler","potentialAction":[{"@type":"SearchAction","target":{"@type":"EntryPoint","urlTemplate":"https:\/\/www.megamaschine.org\/nl\/?s={search_term_string}"},"query-input":{"@type":"PropertyValueSpecification","valueRequired":true,"valueName":"search_term_string"}}],"inLanguage":"nl-NL"}]}},"_links":{"self":[{"href":"https:\/\/www.megamaschine.org\/nl\/wp-json\/wp\/v2\/pages\/46","targetHints":{"allow":["GET"]}}],"collection":[{"href":"https:\/\/www.megamaschine.org\/nl\/wp-json\/wp\/v2\/pages"}],"about":[{"href":"https:\/\/www.megamaschine.org\/nl\/wp-json\/wp\/v2\/types\/page"}],"author":[{"embeddable":true,"href":"https:\/\/www.megamaschine.org\/nl\/wp-json\/wp\/v2\/users\/1"}],"replies":[{"embeddable":true,"href":"https:\/\/www.megamaschine.org\/nl\/wp-json\/wp\/v2\/comments?post=46"}],"version-history":[{"count":90,"href":"https:\/\/www.megamaschine.org\/nl\/wp-json\/wp\/v2\/pages\/46\/revisions"}],"predecessor-version":[{"id":1428,"href":"https:\/\/www.megamaschine.org\/nl\/wp-json\/wp\/v2\/pages\/46\/revisions\/1428"}],"up":[{"embeddable":true,"href":"https:\/\/www.megamaschine.org\/nl\/wp-json\/wp\/v2\/pages\/11"}],"wp:attachment":[{"href":"https:\/\/www.megamaschine.org\/nl\/wp-json\/wp\/v2\/media?parent=46"}],"curies":[{"name":"wp","href":"https:\/\/api.w.org\/{rel}","templated":true}]}}