{"id":48,"date":"2016-03-29T16:20:07","date_gmt":"2016-03-29T16:20:07","guid":{"rendered":"http:\/\/nicolaiherzog.de\/blog\/?page_id=48"},"modified":"2018-11-20T16:02:33","modified_gmt":"2018-11-20T15:02:33","slug":"lesereise-2015","status":"publish","type":"page","link":"https:\/\/www.megamaschine.org\/nl\/on-tour\/lesereise-2015\/","title":{"rendered":"Lesereise 2015"},"content":{"rendered":"<div id=\"x-section-1\" class=\"x-section\" style=\"margin: 0px; padding: 20px 0px 45px;  background-color: #ffffff;\" ><div id=\"\" class=\"x-container max width\" style=\"margin: 0px auto; padding: 0px; \" ><div  class=\"x-column x-sm x-1-1\" style=\"padding: 0px; \" ><div id=\"\" class=\"x-text\" style=\"\" ><h3 style=\"text-align: center\">Boekpresentaties en lezingen\u00a0 2015<\/h3>\n<\/div><hr  class=\"x-gap\" style=\"margin: 30px 0 0 0;\"><div  class=\"x-columnize links\" >\n<ul>\n<li><span style=\"color: #000000\"><strong>Leipziger<\/strong><\/span> Buchmesse: 13. M\u00e4rz, 14 Uhr, Sachbuchforum, Halle 3, E211<\/li>\n<li><strong><span style=\"color: #000000\">Wien<\/span><\/strong>: 27. April, 19.30 Uhr, <a href=\"https:\/\/www.wien.gv.at\/vadb\/internet\/AdvPrSrv.asp?Layout=VAErgebnis_neu&amp;Type=K&amp;ID=400289&amp;return=\" target=\"_blank\" rel=\"noopener\">Aktionsradius<\/a>, Gau\u00dfplatz 11, mit Ulrich Brand (Universit\u00e4t Wien) und Karin K\u00fcblb\u00f6ck (Attac \u00d6sterreich)<\/li>\n<li><span style=\"color: #000000\"><strong>Berlin<\/strong><\/span>: 29. Mai, 20 Uhr, Roter Salon, <a href=\"http:\/\/www.volksbuehne-berlin.de\/praxis\/lesen_fabian_scheidler\/?id_datum=9143\" target=\"_blank\" rel=\"noopener\">Volksb\u00fchne am Rosa-Luxemburg-Platz<\/a>, mit Daniela Dahn <em><a href=\"https:\/\/www.youtube.com\/watch?v=rrR_VaVIdCo\" target=\"_blank\" rel=\"noopener\">Video-Aufzeichnung<\/a><\/em><\/li>\n<li><span style=\"color: #000000\"><strong>Bonn<\/strong><\/span>, 1. Juni, 19 Uhr, Universit\u00e4t<em>, <\/em> Regina-Pacis-Weg 3 (gemeinsam mit <a href=\"http:\/\/www.attac-netzwerk.de\/bonn\/termine\/\" target=\"_blank\" rel=\"noopener\">Attac Bonn<\/a>)<\/li>\n<li><span style=\"color: #000000\"><strong>K\u00f6ln<\/strong><\/span>, 2. Juni, 20 Uhr, <a href=\"http:\/\/www.der-andere-buchladen-koeln.de\" target=\"_blank\" rel=\"noopener\">Der andere Buchladen<\/a>, Weyertal 32<\/li>\n<li><span style=\"color: #000000\"><strong>D\u00fcsseldorf<\/strong><\/span>, 3. Juni, 20 Uhr, Buchhandlung BiBaBuZe,<br \/>\nAachener Stra\u00dfe 1<\/li>\n<li><span style=\"color: #000000\"><strong>Halle<\/strong><\/span> (Saale), 10. Juni, 19.30 Uhr, Caf\u00e9 Feez in der K&amp;K-Passage, Franckestr. 1<\/li>\n<li><span style=\"color: #000000\"><strong>Leipzig<\/strong><\/span>, 11. Juni, 19.30 Uhr, Cineding, Karl-Heine-Str. 83 (mit dem <a href=\"http:\/\/www.konzeptwerk-neue-oekonomie.org\/\" target=\"_blank\" rel=\"noopener\">Konzeptwerk Neue \u00d6konomie<\/a>)<\/li>\n<li><span style=\"color: #000000\"><strong>Frankfurt\/M.<\/strong><\/span>, 30. Juni, 19.30 Uhr, <a href=\"http:\/\/www.club-voltaire.de\/veranstaltungen\/\" target=\"_blank\" rel=\"noopener\">Club Voltaire<\/a>, 2. Stock, Kleine Hochstra\u00dfe 5<\/li>\n<li><span style=\"color: #000000\"><strong>Mainz<\/strong><\/span>, 1. Juli, 19.30 Uhr, DGB-Haus, Kaiserstr. 26-30<\/li>\n<li><span style=\"color: #000000\"><strong>Berlin<\/strong><\/span>, 2. Juli, 20 Uhr, <a href=\"http:\/\/www.regenbogenfabrik.de\/news-aktuell\/das-ende-der-megamaschine.html\" target=\"_blank\" rel=\"noopener\">Regenbogenkino<\/a>, Lausitzer Str. 22<\/li>\n<li><span style=\"color: #000000\"><strong>Marburg<\/strong><\/span>, 6. August 2015, <a href=\"http:\/\/www.attac.de\/soak\/programm\/veranstaltungen\/?tx_frabintegration_list&#091;eventGuid&#093;=445ac97b-a4dd-4c92-afcf-99263146911d&amp;tx_frabintegration_list&#091;action&#093;=show&amp;tx_frabintegration_list&#091;controller&#093;=Event&amp;cHash=6b9ee37f60b44f86abe7abef82f4ee7c\" target=\"_blank\" rel=\"noopener\">Attac Sommerakademie<\/a><\/li>\n<li><span style=\"color: #000000\"><strong>Berlin<\/strong><\/span>, 11. September 2015, 14.30 Uhr, <a href=\"http:\/\/www.solikon2015.org\/de\/ende-megamaschine-und-kampf-um-eine-postkapitalistische-zukunft\" target=\"_blank\" rel=\"noopener\">Kongress Solidarische \u00d6konomie und Transformation<\/a>, Raum MA 750<\/li>\n<li><span style=\"color: #000000\"><strong>Graz<\/strong><\/span>, 21. Oktober 2015 (<a href=\"https:\/\/elevate.at\/campus\/event\/e15maschine\/\" target=\"_blank\" rel=\"noopener\">Vortrag<\/a>); 24. Oktober (<a href=\"https:\/\/elevate.at\/diskursprogramm\/event\/e15exitcapitalism\/\" target=\"_blank\" rel=\"noopener\">Workshop<\/a>), <a href=\"https:\/\/elevate.at\/home\/\" target=\"_blank\" rel=\"noopener\">Elevate Festival<\/a><\/li>\n<li><strong><span style=\"color: #000000\">M\u00fcnchen<\/span><\/strong>, 26. Oktober 2015, 19.30 Uhr, <a href=\"http:\/\/www.einewelthaus.de\/events\/attac-palaver-fabian-scheidler-das-ende-der-megamaschine\/\" target=\"_blank\" rel=\"noopener\">Eine-Welt-Haus<\/a>, Schwanthalerstr. 80<\/li>\n<li><strong><span style=\"color: #000000\">Regensburg<\/span><\/strong>, 27. Oktober 2015, 19.30 Uhr, <a href=\"http:\/\/www.ebw-regensburg.de\/das-ende-der-megamaschine-geschichte-einer-scheiternden-zivilisation\/\" target=\"_blank\" rel=\"noopener\">Evangelisches Bildungswerk<\/a>, Am \u00d6lberg 2<\/li>\n<li><span style=\"color: #000000\"><strong>Stuttgart<\/strong><\/span>, 28. Oktober 2015, 19.30 Uhr, <a href=\"http:\/\/welthaus-stuttgart.de\/termine\/das-ende-der-megamaschine\/\" target=\"_blank\" rel=\"noopener\">Welthaus Stuttgart<\/a>, Charlottenplatz 17<\/li>\n<li><span style=\"color: #000000\"><strong>Z\u00fcrich<\/strong><\/span>, 29. Oktober 2015, 19 Uhr, <a href=\"http:\/\/www.rotefabrik.ch\/de\/konzept\/eventdetail.php?id=23802\" target=\"_blank\" rel=\"noopener\">Rote Fabrik<\/a>, Seestr. 395<\/li>\n<li><span style=\"color: #000000\"><strong>Freiburg i. Br.<\/strong><\/span>, 30. Oktober 2015, 20 Uhr, <a href=\"http:\/\/ttfreiburg.de\/ai1ec-event\/lesung-das-ende-der-megamaschine\/?instance_id=5712\" target=\"_blank\" rel=\"noopener\">Uni Freiburg (<\/a>in Kooperation mit der Landeszentrale f\u00fcr Politische Bildung Baden-W\u00fcrttemberg), KG1, H\u00f6rsaal 1015, Platz der Universit\u00e4t<\/li>\n<li><span style=\"color: #000000\"><strong>Heidelberg<\/strong><\/span>, 2. November 2015, 20 Uhr mit Prof. Ulrich Duchrow, <a href=\"http:\/\/dai-heidelberg.de\/de\/veranstaltungen\/das-ende-der-megamaschine-und-die-antwort-der-religionen-11842\/\" target=\"_blank\" rel=\"noopener\">Deutsch-Amerikanisches Institut<\/a>, Sofienstr. 12<\/li>\n<li><strong><span style=\"color: #000000\">Greifswald<\/span><\/strong>, 9. November 2015, 20 Uhr, <a href=\"http:\/\/www.kulturkalender.greifswald.de\/events\/35949#.VjM76aTnu24\" target=\"_blank\" rel=\"noopener\">Literaturzentrum Koeppenhaus<\/a>, Bahnhofstr. 4<\/li>\n<li><strong><span style=\"color: #000000\">Hamburg<\/span><\/strong>, 20. November 2015, 19 Uhr, <a href=\"http:\/\/www.werkstatt3.de\/das-ende-der-megamaschine\" target=\"_blank\" rel=\"noopener\">W3 Werkstatt f\u00fcr internationale Kultur und Politik<\/a> (in Kooperation mit der Rosa-Luxemburg-Stiftung Hamburg; gef\u00f6rdert von der Landeszentrale f\u00fcr politische Bildung)<\/li>\n<li><span style=\"color: #000000\"><strong>M\u00fcnchen<\/strong><\/span>, 24. November 2015, 19 Uhr, <a href=\"http:\/\/www.hochschultage.org\/hochschultage-2015\/muenchen2015\" target=\"_blank\" rel=\"noopener\">M\u00fcnchner Hochschultage<\/a>, Hochschule M\u00fcnchen, Dachauer Str. 98b, Raum E 0103<\/li>\n<li><span style=\"color: #000000\"><strong>Potsdam<\/strong><\/span>, 30. November 2015, 19.30 Uhr, <a href=\"http:\/\/www.brandenburg.rosalux.de\/event\/54536\/das-ende-der-megamaschine-geschichte-einer-scheiternden-zivilisation-1.html\" target=\"_blank\" rel=\"noopener\">Buchladen Sputnik<\/a> (in Zusammenarbeit mit der Rosa-Luxemburg-Stiftung Brandenburg), Charlottenstr. 28<\/li>\n<\/ul>\n<\/div><\/div><\/div><\/div><div id=\"x-section-2\" class=\"x-section\" style=\"margin: 0px; padding: 45px 0px;  background-color: #efefef;\" ><div id=\"\" class=\"x-container max width\" style=\"margin: 0px auto; padding: 0px; \" ><div  class=\"x-column x-sm x-1-1\" style=\"padding: 0px; \" ><div id=\"\" class=\"x-text\" style=\"\" ><h3 style=\"text-align: center\"><\/h3>\n<\/div><hr  class=\"x-gap\" style=\"margin: 30px 0 0 0;\"><div  class=\"x-columnize links\" ><\/div><\/div><\/div><\/div>\n","protected":false},"excerpt":{"rendered":"","protected":false},"author":1,"featured_media":0,"parent":11,"menu_order":0,"comment_status":"closed","ping_status":"closed","template":"template-blank-4.php","meta":{"footnotes":""},"class_list":["post-48","page","type-page","status-publish","hentry","no-post-thumbnail"],"yoast_head":"<!-- This site is optimized with the Yoast SEO plugin v27.3 - https:\/\/yoast.com\/product\/yoast-seo-wordpress\/ -->\n<title>Lesereise 2015 - NL Das Ende der Megamaschine<\/title>\n<meta name=\"robots\" content=\"index, follow, max-snippet:-1, max-image-preview:large, max-video-preview:-1\" \/>\n<link rel=\"canonical\" href=\"https:\/\/www.megamaschine.org\/nl\/on-tour\/lesereise-2015\/\" \/>\n<meta property=\"og:locale\" content=\"nl_NL\" \/>\n<meta property=\"og:type\" content=\"article\" \/>\n<meta property=\"og:title\" content=\"Lesereise 2015 - NL Das Ende der Megamaschine\" \/>\n<meta property=\"og:url\" content=\"https:\/\/www.megamaschine.org\/nl\/on-tour\/lesereise-2015\/\" \/>\n<meta property=\"og:site_name\" content=\"NL Das Ende der Megamaschine\" \/>\n<meta property=\"article:modified_time\" content=\"2018-11-20T15:02:33+00:00\" \/>\n<meta name=\"twitter:card\" content=\"summary_large_image\" \/>\n<meta name=\"twitter:label1\" content=\"Geschatte leestijd\" \/>\n\t<meta name=\"twitter:data1\" content=\"2 minuten\" \/>\n<script type=\"application\/ld+json\" class=\"yoast-schema-graph\">{\"@context\":\"https:\\\/\\\/schema.org\",\"@graph\":[{\"@type\":\"WebPage\",\"@id\":\"https:\\\/\\\/www.megamaschine.org\\\/nl\\\/on-tour\\\/lesereise-2015\\\/\",\"url\":\"https:\\\/\\\/www.megamaschine.org\\\/nl\\\/on-tour\\\/lesereise-2015\\\/\",\"name\":\"Lesereise 2015 - NL Das Ende der Megamaschine\",\"isPartOf\":{\"@id\":\"https:\\\/\\\/www.megamaschine.org\\\/nl\\\/#website\"},\"datePublished\":\"2016-03-29T16:20:07+00:00\",\"dateModified\":\"2018-11-20T15:02:33+00:00\",\"breadcrumb\":{\"@id\":\"https:\\\/\\\/www.megamaschine.org\\\/nl\\\/on-tour\\\/lesereise-2015\\\/#breadcrumb\"},\"inLanguage\":\"nl-NL\",\"potentialAction\":[{\"@type\":\"ReadAction\",\"target\":[\"https:\\\/\\\/www.megamaschine.org\\\/nl\\\/on-tour\\\/lesereise-2015\\\/\"]}]},{\"@type\":\"BreadcrumbList\",\"@id\":\"https:\\\/\\\/www.megamaschine.org\\\/nl\\\/on-tour\\\/lesereise-2015\\\/#breadcrumb\",\"itemListElement\":[{\"@type\":\"ListItem\",\"position\":1,\"name\":\"Startseite\",\"item\":\"https:\\\/\\\/www.megamaschine.org\\\/nl\\\/\"},{\"@type\":\"ListItem\",\"position\":2,\"name\":\"On Tour\",\"item\":\"https:\\\/\\\/www.megamaschine.org\\\/nl\\\/on-tour\\\/\"},{\"@type\":\"ListItem\",\"position\":3,\"name\":\"Lesereise 2015\"}]},{\"@type\":\"WebSite\",\"@id\":\"https:\\\/\\\/www.megamaschine.org\\\/nl\\\/#website\",\"url\":\"https:\\\/\\\/www.megamaschine.org\\\/nl\\\/\",\"name\":\"NL Das Ende der Megamaschine\",\"description\":\"Ein Buch von Fabian Scheidler\",\"potentialAction\":[{\"@type\":\"SearchAction\",\"target\":{\"@type\":\"EntryPoint\",\"urlTemplate\":\"https:\\\/\\\/www.megamaschine.org\\\/nl\\\/?s={search_term_string}\"},\"query-input\":{\"@type\":\"PropertyValueSpecification\",\"valueRequired\":true,\"valueName\":\"search_term_string\"}}],\"inLanguage\":\"nl-NL\"}]}<\/script>\n<!-- \/ Yoast SEO plugin. -->","yoast_head_json":{"title":"Lesereise 2015 - NL Das Ende der Megamaschine","robots":{"index":"index","follow":"follow","max-snippet":"max-snippet:-1","max-image-preview":"max-image-preview:large","max-video-preview":"max-video-preview:-1"},"canonical":"https:\/\/www.megamaschine.org\/nl\/on-tour\/lesereise-2015\/","og_locale":"nl_NL","og_type":"article","og_title":"Lesereise 2015 - NL Das Ende der Megamaschine","og_url":"https:\/\/www.megamaschine.org\/nl\/on-tour\/lesereise-2015\/","og_site_name":"NL Das Ende der Megamaschine","article_modified_time":"2018-11-20T15:02:33+00:00","twitter_card":"summary_large_image","twitter_misc":{"Geschatte leestijd":"2 minuten"},"schema":{"@context":"https:\/\/schema.org","@graph":[{"@type":"WebPage","@id":"https:\/\/www.megamaschine.org\/nl\/on-tour\/lesereise-2015\/","url":"https:\/\/www.megamaschine.org\/nl\/on-tour\/lesereise-2015\/","name":"Lesereise 2015 - NL Das Ende der Megamaschine","isPartOf":{"@id":"https:\/\/www.megamaschine.org\/nl\/#website"},"datePublished":"2016-03-29T16:20:07+00:00","dateModified":"2018-11-20T15:02:33+00:00","breadcrumb":{"@id":"https:\/\/www.megamaschine.org\/nl\/on-tour\/lesereise-2015\/#breadcrumb"},"inLanguage":"nl-NL","potentialAction":[{"@type":"ReadAction","target":["https:\/\/www.megamaschine.org\/nl\/on-tour\/lesereise-2015\/"]}]},{"@type":"BreadcrumbList","@id":"https:\/\/www.megamaschine.org\/nl\/on-tour\/lesereise-2015\/#breadcrumb","itemListElement":[{"@type":"ListItem","position":1,"name":"Startseite","item":"https:\/\/www.megamaschine.org\/nl\/"},{"@type":"ListItem","position":2,"name":"On Tour","item":"https:\/\/www.megamaschine.org\/nl\/on-tour\/"},{"@type":"ListItem","position":3,"name":"Lesereise 2015"}]},{"@type":"WebSite","@id":"https:\/\/www.megamaschine.org\/nl\/#website","url":"https:\/\/www.megamaschine.org\/nl\/","name":"NL Das Ende der Megamaschine","description":"Ein Buch von Fabian Scheidler","potentialAction":[{"@type":"SearchAction","target":{"@type":"EntryPoint","urlTemplate":"https:\/\/www.megamaschine.org\/nl\/?s={search_term_string}"},"query-input":{"@type":"PropertyValueSpecification","valueRequired":true,"valueName":"search_term_string"}}],"inLanguage":"nl-NL"}]}},"_links":{"self":[{"href":"https:\/\/www.megamaschine.org\/nl\/wp-json\/wp\/v2\/pages\/48","targetHints":{"allow":["GET"]}}],"collection":[{"href":"https:\/\/www.megamaschine.org\/nl\/wp-json\/wp\/v2\/pages"}],"about":[{"href":"https:\/\/www.megamaschine.org\/nl\/wp-json\/wp\/v2\/types\/page"}],"author":[{"embeddable":true,"href":"https:\/\/www.megamaschine.org\/nl\/wp-json\/wp\/v2\/users\/1"}],"replies":[{"embeddable":true,"href":"https:\/\/www.megamaschine.org\/nl\/wp-json\/wp\/v2\/comments?post=48"}],"version-history":[{"count":10,"href":"https:\/\/www.megamaschine.org\/nl\/wp-json\/wp\/v2\/pages\/48\/revisions"}],"predecessor-version":[{"id":1429,"href":"https:\/\/www.megamaschine.org\/nl\/wp-json\/wp\/v2\/pages\/48\/revisions\/1429"}],"up":[{"embeddable":true,"href":"https:\/\/www.megamaschine.org\/nl\/wp-json\/wp\/v2\/pages\/11"}],"wp:attachment":[{"href":"https:\/\/www.megamaschine.org\/nl\/wp-json\/wp\/v2\/media?parent=48"}],"curies":[{"name":"wp","href":"https:\/\/api.w.org\/{rel}","templated":true}]}}