{"id":832,"date":"2017-01-23T16:00:44","date_gmt":"2017-01-23T15:00:44","guid":{"rendered":"https:\/\/www.megamaschine.org\/nl\/?page_id=832"},"modified":"2018-11-20T16:01:13","modified_gmt":"2018-11-20T15:01:13","slug":"lesereise-2017","status":"publish","type":"page","link":"https:\/\/www.megamaschine.org\/nl\/on-tour\/lesereise-2017\/","title":{"rendered":"Lesereise 2017"},"content":{"rendered":"<div id=\"x-section-1\" class=\"x-section\" style=\"margin: 0px; padding: 20px 0px 45px;  background-color: transparent;\" ><div id=\"\" class=\"x-container max width\" style=\"margin: 0px auto; padding: 0px; \" ><div  class=\"x-column x-sm x-1-1\" style=\"padding: 0px; \" ><div id=\"\" class=\"x-text\" style=\"\" ><h3 style=\"text-align: center\">Boekpresentaties en lezingen 2017<\/h3>\n<\/div><hr  class=\"x-gap\" style=\"margin: 30px 0 0 0;\"><div  class=\"x-columnize links\" >\n<ul>\n<li><strong>M\u00fcnchen<\/strong>, 17. Februar 2017, 19 Uhr, Altes Rathaus, Marienplatz 15, Er\u00f6ffnungsveranstaltung der <a href=\"http:\/\/www.friedenskonferenz.info\/\" target=\"_blank\" rel=\"noopener\">M\u00fcnchner Friedenskonferenz<\/a> &#8211; <a href=\"https:\/\/www.megamaschine.org\/nl\/videos\/#friedenskonferenz\" target=\"_blank\" rel=\"noopener\"><em>Video-Aufzeichnung<\/em><\/a><\/li>\n<li><strong><span style=\"color: #000000\">Lindau<\/span><\/strong><span style=\"color: #000000\">, 22. M\u00e4rz 2017, 19.30 Uhr, Gew\u00f6lbesaal-Hospitalstiftung, Schmiedgasse 18, 88131 Lindau<br \/>\n<\/span><\/li>\n<li><span style=\"color: #000000\"><strong>Konstanz<\/strong>, 23. M\u00e4rz 2016, 19.30 Uhr,<\/span><i> <\/i><a href=\"http:\/\/www.vhs-konstanz-singen.de\/index.php?id=103&amp;kathaupt=11&amp;knr=171-10203&amp;kursname=Fabian+Scheidler+Das+Ende+der+Megamaschine\" target=\"_blank\" rel=\"noopener\">Volkshochschule<\/a>, Katzgasse 7, 78462 Konstanz<\/li>\n<li><span style=\"color: #000000\"><strong>Rottweil<\/strong> 24. M\u00e4rz 2017, 19.30 Uhr, <a href=\"http:\/\/www.agenda-rw.de\/erneuerbar.html\" target=\"_blank\" rel=\"noopener\">Lokale Agenda 21<\/a>, <\/span>Kapuziner-Refektorium, Neutorstr. 4-6, 78628 Rottweil<\/li>\n<li><span style=\"color: #000000\"><strong>Stuttgart<\/strong>, 25. M\u00e4rz 2017, 12 Uhr \/ 20 Uhr, <\/span>Internationale <a href=\"http:\/\/transformationstagung.org\/\" target=\"_blank\" rel=\"noopener\">Transformationstagung<\/a>, Forum 3, <span class=\"_Xbe\">Gymnasiumstra\u00dfe 21, 70173 Stuttgart<\/span><\/li>\n<li><strong>Hamburg<\/strong>, 14. April 2017, 12 Uhr, Kongress <a href=\"http:\/\/networkaq.net\/\" target=\"_blank\" rel=\"noopener\">Challenging Capitalist Modernity III<\/a>, Universit\u00e4t Hamburg, Audimax<\/li>\n<li><strong>Berlin<\/strong>, 26. April 2017, 19 Uhr, <a href=\"http:\/\/sprechsaal.eobanus.de\/\" target=\"_blank\" rel=\"noopener\">Sprechsaal<\/a>, Marienstr. 26, 10117 Berlin<\/li>\n<li><strong>Proschim<\/strong> (Lausitz), 22.5.2017, 20 Uhr, im Rahmen des <a href=\"https:\/\/www.lausitzcamp.de\/\" target=\"_blank\" rel=\"noopener\">Klimacamps Lausitz<\/a><\/li>\n<li><strong>Bechstedt<\/strong> (Th\u00fcringen),\u00a0 18. Juni 2017, 19.30 Uhr, <a href=\"http:\/\/kulturnaturhof.de\/veranstaltungen\/commons-sommerschule-2017\" target=\"_blank\" rel=\"noopener\">Kulturnaturhof<\/a><\/li>\n<li><strong>Bechstedt<\/strong>, 19. Juni 2017, 9.30 Uhr, Workshop<a href=\"http:\/\/commons-sommerschule.webcoach.at\/w16\/commons\/index.php\/Programm_2017\" target=\"_blank\" rel=\"noopener\"> (Commons Sommerschule)<\/a><\/li>\n<li><strong>Suhl<\/strong> (Th\u00fcringen), 19. Juni 2017, 20 Uhr, <a href=\"http:\/\/provinzkultur.de\/veranstaltung\/alle-veranstaltungen\/das-ende-der-megamaschine-lesung\/\" target=\"_blank\" rel=\"noopener\">Arena Sch\u00f6ne Aussicht<\/a>, Gewerbestra\u00dfe 3, 98544 Zella-Mehlis<\/li>\n<li><strong>Kulturkosmos M\u00fcritz,<\/strong><a href=\"http:\/\/move-utopia.de\/\" target=\"_blank\" rel=\"noopener\"> Move Utopia<\/a>, 23. Juni 2017, 16 Uhr, Workshop, 17248 L\u00e4rz<\/li>\n<li><strong>Frankfurt\/M.<\/strong>, 30. Juni 2017, 17.15 Uhr, Keynote beim <a href=\"https:\/\/nodeforum.org\/announcements\/node17\/\" target=\"_blank\" rel=\"noopener\">17. Node Symposium &#8220;Designing Hope&#8221;<\/a>, Mousonturm<\/li>\n<li><strong>L\u00fcbeck<\/strong>, 9. Oktober 2017, 18.30 Uhr, <a href=\"https:\/\/service02.luebeck.de\/vhs\/index.php?id=19&amp;kathaupt=12&amp;knr=BV102-050\" target=\"_blank\" rel=\"noopener\">Volkshochschule, <\/a><span class=\"address ng-binding\">Falkenplatz 10<\/span>, <span class=\"plz ng-binding\">23564 L\u00fcbeck<\/span><\/li>\n<li><strong>Wismar<\/strong>, 10. Oktober 2017, 18.30 Uhr, <a href=\"https:\/\/www.rosalux.de\/veranstaltung\/es_detail\/7RTRB\/das-ende-der-megamaschine\/\" target=\"_blank\" rel=\"noopener\">Filmb\u00fcro Mecklenburg-Vorpommern<\/a>, B\u00fcrgermeister-Haupt-Stra\u00dfe 51-53, 23966 Wismar<\/li>\n<li><strong>Witzenhausen<\/strong>, 15. Oktober 2017, 17 Uhr, Transition Haus, <span class=\"_Xbe\">Br\u00fcckenstra\u00dfe 20, 37213 Witzenhausen<\/span><\/li>\n<li><strong>Paderborn<\/strong>, 17. Oktober 2017, 19:00 Uhr, <a href=\"http:\/\/www.attac-paderborn.de\/vortrag-fabian-scheidler-das-ende-der-megamaschine\/\" target=\"_blank\" rel=\"noopener\">Universit\u00e4t<\/a>, H\u00f6rsaal O1<\/li>\n<li><strong>Aachen<\/strong>, 18. Oktober 2017, 18 Uhr, <a href=\"http:\/\/movieaachen.de\/event\/zur-globalen-megamaschine-gibt-es-keine-alternative\/\" target=\"_blank\" rel=\"noopener\">Haus der evangelischen Kirche<\/a>, Fr\u00e8re-Roger-Stra\u00dfe 8-10, 52062 Aachen<\/li>\n<li><strong>M\u00f6nchengladbach<\/strong>, 19. Oktober 2017, 19 Uhr, <a href=\"http:\/\/www.attac-netzwerk.de\/moenchengladbach\/start\/\" target=\"_blank\" rel=\"noopener\">Volkshochschule<\/a>, L\u00fcpertzender Stra\u00dfe 85, 41061 M\u00f6nchengladbach<\/li>\n<li><strong>Veitsh\u00f6chheim (bei W\u00fcrzburg)<\/strong>, 23. Oktober 2017, 19 Uhr, Gymnasium Veitsh\u00f6chheim, G\u00fcnterslebener Str. 45, 97209 Veitsh\u00f6chheim<\/li>\n<li><strong>Ansbach<\/strong>, 24. Oktober 2017, 20 Uhr, <a href=\"http:\/\/www.kammerspiele.com\/stuecke\/fabian-scheidler-autorenlesung-das-ende-der-megamaschine\/\" target=\"_blank\" rel=\"noopener\">Kammerspiele,<\/a> <span class=\"_Xbe\">Maximilianstra\u00dfe 29, 91522 Ansbach<\/span><\/li>\n<li><strong>Schloss Tempelhof<\/strong>, 20 Uhr, 25. Oktober 2017, <span class=\"_Xbe\"><a href=\"https:\/\/www.schloss-tempelhof.de\/veranstaltung\/das-ender-der-megamaschine\/\" target=\"_blank\" rel=\"noopener\">Tempelhof 3<\/a>, 74594 Kre\u00dfberg<\/span><\/li>\n<li><strong>Winterthur<\/strong>, 14. November 2017, <a href=\"https:\/\/www.nnff.ch\/events\/11-14-2017\/\" target=\"_blank\" rel=\"noopener\">Club of Rome<\/a>, Lagerhausstrasse 9, 8400 Winterthur, zusammen mit Hans Widmer<\/li>\n<li><strong>Z\u00fcrich<\/strong>, 15. November 2017, 19.30 Uhr, <a href=\"https:\/\/www.nnff.ch\/events\/11-15-2017-1\/\" target=\"_blank\" rel=\"noopener\">Zentrum Karl der Gro\u00dfe<\/a>, Kirchgasse 14. 8001 Z\u00fcrich<\/li>\n<li><strong>Egerkingen <\/strong>(Schweiz), 17. November 2017<\/li>\n<li><strong>Sonthofen (Allg\u00e4u)<\/strong>, 20. November 2017, 20 Uhr, <a href=\"http:\/\/www.attac-oberallgaeu.de\/oberallgaeu\/termine\/eventansicht\/cal\/event\/\/view-list%7Cpage_id-12705\/tx_cal_phpicalendar\/\/Autorenleseung_Fabian_Scheidler\/?tx_cal_controller%5Byear%5D=2017&amp;tx_cal_controller%5Bmonth%5D=11&amp;tx_cal_controller%5Bday%5D=20&amp;cHash=9d40124e8f81a2dee195b461e2199c3e\" target=\"_blank\" rel=\"noopener\">Gasthof Traube<\/a>,\u00a0Gr\u00fcntenstra\u00dfe 11, 87527 Sonthofen<\/li>\n<li><strong>Salzburg<\/strong>, 21. November 2017, 19 Uhr, <a href=\"https:\/\/jungk-bibliothek.org\/2017\/10\/31\/zeitenwende-von-den-krisen-des-kapitalismus-zu-neuen-ufern-zukunftsbuch-mit-fabian-scheidler-aus-berlin-21-11\/\" target=\"_blank\" rel=\"noopener\">Robert-Jungk-Bibliothek f\u00fcr Zukunftsfragen<\/a>, Strubergasse 18, 5020 Salzburg<\/li>\n<li><strong>Wien<\/strong>, 22. November 2017, 19 Uhr, <a href=\"https:\/\/www.buechereien.wien.at\/de\/programm\/veranstaltungskalender\/4700\" target=\"_blank\" rel=\"noopener\">Hauptb\u00fccherei<\/a>, Urban-Loritz-Platz 2a, 1070 Wien, zusammen mit Erwin Wagenhofer<\/li>\n<li><strong>M\u00f6dling (bei Wien)<\/strong>, 23. November 2017, 19 Uhr, <a href=\"https:\/\/www.stadtgaleriekultur.info\/\" target=\"_blank\" rel=\"noopener\">Stadtgalerie<\/a> , Kaiserin-Elisabeth-Str. 1, 2340 M\u00f6dling<\/li>\n<\/ul>\n<\/div><\/div><\/div><\/div><div id=\"x-section-2\" class=\"x-section\" style=\"margin: 0px; padding: 15px 0px 45px;  background-color: transparent;\" ><div id=\"\" class=\"x-container max width\" style=\"margin: 0px auto; padding: 0px; \" ><div  class=\"x-column x-sm links x-1-1\" style=\"padding: 0px; \" ><div id=\"\" class=\"x-text\" style=\"\" ><p style=\"text-align: center\">Klik hier voor het evenementenarchief<a href=\"http:\/\/beta.megamaschine.kontext-tv.org\/on-tour\/lesereise-2015\/\">\u00a02015 <\/a>en\u00a0<a href=\"https:\/\/www.megamaschine.org\/nl\/on-tour\/lesereise-2016\/\">2016<\/a><\/p>\n<\/div><\/div><\/div><\/div>\n","protected":false},"excerpt":{"rendered":"","protected":false},"author":1,"featured_media":0,"parent":11,"menu_order":0,"comment_status":"closed","ping_status":"closed","template":"template-blank-4.php","meta":{"footnotes":""},"class_list":["post-832","page","type-page","status-publish","hentry","no-post-thumbnail"],"yoast_head":"<!-- This site is optimized with the Yoast SEO plugin v27.3 - https:\/\/yoast.com\/product\/yoast-seo-wordpress\/ -->\n<title>Lesereise 2017 - NL Das Ende der Megamaschine<\/title>\n<meta name=\"robots\" content=\"index, follow, max-snippet:-1, max-image-preview:large, max-video-preview:-1\" \/>\n<link rel=\"canonical\" href=\"https:\/\/www.megamaschine.org\/nl\/on-tour\/lesereise-2017\/\" \/>\n<meta property=\"og:locale\" content=\"nl_NL\" \/>\n<meta property=\"og:type\" content=\"article\" \/>\n<meta property=\"og:title\" content=\"Lesereise 2017 - NL Das Ende der Megamaschine\" \/>\n<meta property=\"og:url\" content=\"https:\/\/www.megamaschine.org\/nl\/on-tour\/lesereise-2017\/\" \/>\n<meta property=\"og:site_name\" content=\"NL Das Ende der Megamaschine\" \/>\n<meta property=\"article:modified_time\" content=\"2018-11-20T15:01:13+00:00\" \/>\n<meta name=\"twitter:card\" content=\"summary_large_image\" \/>\n<meta name=\"twitter:label1\" content=\"Geschatte leestijd\" \/>\n\t<meta name=\"twitter:data1\" content=\"2 minuten\" \/>\n<script type=\"application\/ld+json\" class=\"yoast-schema-graph\">{\"@context\":\"https:\\\/\\\/schema.org\",\"@graph\":[{\"@type\":\"WebPage\",\"@id\":\"https:\\\/\\\/www.megamaschine.org\\\/nl\\\/on-tour\\\/lesereise-2017\\\/\",\"url\":\"https:\\\/\\\/www.megamaschine.org\\\/nl\\\/on-tour\\\/lesereise-2017\\\/\",\"name\":\"Lesereise 2017 - NL Das Ende der Megamaschine\",\"isPartOf\":{\"@id\":\"https:\\\/\\\/www.megamaschine.org\\\/nl\\\/#website\"},\"datePublished\":\"2017-01-23T15:00:44+00:00\",\"dateModified\":\"2018-11-20T15:01:13+00:00\",\"breadcrumb\":{\"@id\":\"https:\\\/\\\/www.megamaschine.org\\\/nl\\\/on-tour\\\/lesereise-2017\\\/#breadcrumb\"},\"inLanguage\":\"nl-NL\",\"potentialAction\":[{\"@type\":\"ReadAction\",\"target\":[\"https:\\\/\\\/www.megamaschine.org\\\/nl\\\/on-tour\\\/lesereise-2017\\\/\"]}]},{\"@type\":\"BreadcrumbList\",\"@id\":\"https:\\\/\\\/www.megamaschine.org\\\/nl\\\/on-tour\\\/lesereise-2017\\\/#breadcrumb\",\"itemListElement\":[{\"@type\":\"ListItem\",\"position\":1,\"name\":\"Startseite\",\"item\":\"https:\\\/\\\/www.megamaschine.org\\\/nl\\\/\"},{\"@type\":\"ListItem\",\"position\":2,\"name\":\"On Tour\",\"item\":\"https:\\\/\\\/www.megamaschine.org\\\/nl\\\/on-tour\\\/\"},{\"@type\":\"ListItem\",\"position\":3,\"name\":\"Lesereise 2017\"}]},{\"@type\":\"WebSite\",\"@id\":\"https:\\\/\\\/www.megamaschine.org\\\/nl\\\/#website\",\"url\":\"https:\\\/\\\/www.megamaschine.org\\\/nl\\\/\",\"name\":\"NL Das Ende der Megamaschine\",\"description\":\"Ein Buch von Fabian Scheidler\",\"potentialAction\":[{\"@type\":\"SearchAction\",\"target\":{\"@type\":\"EntryPoint\",\"urlTemplate\":\"https:\\\/\\\/www.megamaschine.org\\\/nl\\\/?s={search_term_string}\"},\"query-input\":{\"@type\":\"PropertyValueSpecification\",\"valueRequired\":true,\"valueName\":\"search_term_string\"}}],\"inLanguage\":\"nl-NL\"}]}<\/script>\n<!-- \/ Yoast SEO plugin. -->","yoast_head_json":{"title":"Lesereise 2017 - NL Das Ende der Megamaschine","robots":{"index":"index","follow":"follow","max-snippet":"max-snippet:-1","max-image-preview":"max-image-preview:large","max-video-preview":"max-video-preview:-1"},"canonical":"https:\/\/www.megamaschine.org\/nl\/on-tour\/lesereise-2017\/","og_locale":"nl_NL","og_type":"article","og_title":"Lesereise 2017 - NL Das Ende der Megamaschine","og_url":"https:\/\/www.megamaschine.org\/nl\/on-tour\/lesereise-2017\/","og_site_name":"NL Das Ende der Megamaschine","article_modified_time":"2018-11-20T15:01:13+00:00","twitter_card":"summary_large_image","twitter_misc":{"Geschatte leestijd":"2 minuten"},"schema":{"@context":"https:\/\/schema.org","@graph":[{"@type":"WebPage","@id":"https:\/\/www.megamaschine.org\/nl\/on-tour\/lesereise-2017\/","url":"https:\/\/www.megamaschine.org\/nl\/on-tour\/lesereise-2017\/","name":"Lesereise 2017 - NL Das Ende der Megamaschine","isPartOf":{"@id":"https:\/\/www.megamaschine.org\/nl\/#website"},"datePublished":"2017-01-23T15:00:44+00:00","dateModified":"2018-11-20T15:01:13+00:00","breadcrumb":{"@id":"https:\/\/www.megamaschine.org\/nl\/on-tour\/lesereise-2017\/#breadcrumb"},"inLanguage":"nl-NL","potentialAction":[{"@type":"ReadAction","target":["https:\/\/www.megamaschine.org\/nl\/on-tour\/lesereise-2017\/"]}]},{"@type":"BreadcrumbList","@id":"https:\/\/www.megamaschine.org\/nl\/on-tour\/lesereise-2017\/#breadcrumb","itemListElement":[{"@type":"ListItem","position":1,"name":"Startseite","item":"https:\/\/www.megamaschine.org\/nl\/"},{"@type":"ListItem","position":2,"name":"On Tour","item":"https:\/\/www.megamaschine.org\/nl\/on-tour\/"},{"@type":"ListItem","position":3,"name":"Lesereise 2017"}]},{"@type":"WebSite","@id":"https:\/\/www.megamaschine.org\/nl\/#website","url":"https:\/\/www.megamaschine.org\/nl\/","name":"NL Das Ende der Megamaschine","description":"Ein Buch von Fabian Scheidler","potentialAction":[{"@type":"SearchAction","target":{"@type":"EntryPoint","urlTemplate":"https:\/\/www.megamaschine.org\/nl\/?s={search_term_string}"},"query-input":{"@type":"PropertyValueSpecification","valueRequired":true,"valueName":"search_term_string"}}],"inLanguage":"nl-NL"}]}},"_links":{"self":[{"href":"https:\/\/www.megamaschine.org\/nl\/wp-json\/wp\/v2\/pages\/832","targetHints":{"allow":["GET"]}}],"collection":[{"href":"https:\/\/www.megamaschine.org\/nl\/wp-json\/wp\/v2\/pages"}],"about":[{"href":"https:\/\/www.megamaschine.org\/nl\/wp-json\/wp\/v2\/types\/page"}],"author":[{"embeddable":true,"href":"https:\/\/www.megamaschine.org\/nl\/wp-json\/wp\/v2\/users\/1"}],"replies":[{"embeddable":true,"href":"https:\/\/www.megamaschine.org\/nl\/wp-json\/wp\/v2\/comments?post=832"}],"version-history":[{"count":77,"href":"https:\/\/www.megamaschine.org\/nl\/wp-json\/wp\/v2\/pages\/832\/revisions"}],"predecessor-version":[{"id":1427,"href":"https:\/\/www.megamaschine.org\/nl\/wp-json\/wp\/v2\/pages\/832\/revisions\/1427"}],"up":[{"embeddable":true,"href":"https:\/\/www.megamaschine.org\/nl\/wp-json\/wp\/v2\/pages\/11"}],"wp:attachment":[{"href":"https:\/\/www.megamaschine.org\/nl\/wp-json\/wp\/v2\/media?parent=832"}],"curies":[{"name":"wp","href":"https:\/\/api.w.org\/{rel}","templated":true}]}}