{"id":983,"date":"2017-07-24T21:01:26","date_gmt":"2017-07-24T19:01:26","guid":{"rendered":"https:\/\/www.megamaschine.org\/nl\/?page_id=983"},"modified":"2018-06-28T13:21:45","modified_gmt":"2018-06-28T11:21:45","slug":"revolutionen","status":"publish","type":"page","link":"https:\/\/www.megamaschine.org\/nl\/revolutionen\/","title":{"rendered":"Chaos. Das neue Zeitalter der Revolutionen"},"content":{"rendered":"<div id=\"x-section-1\" class=\"x-section\" style=\"margin: 0px; padding: 0px 0px 45px;  background-color: #ffffff;\" ><div id=\"\" class=\"x-container max width\" style=\"margin: 0px auto; padding: 0px; \" ><div  class=\"x-column x-sm x-1-1\" style=\"padding: 0px; \" ><div id=\"\" class=\"x-text\" style=\"\" ><h3 style=\"text-align: center;\">Fabian Scheidler<a href=\"https:\/\/www.megamaschine.org\/nl\/wp-content\/uploads\/sites\/3\/2016\/03\/Buchcover-in-Ansicht-1.png\" rel=\"attachment wp-att-310\"><br \/>\n<\/a><img loading=\"lazy\" decoding=\"async\" class=\"wp-image-987 size-medium aligncenter\" src=\"https:\/\/www.megamaschine.org\/nl\/wp-content\/uploads\/sites\/3\/2017\/07\/scheidler_chaos_3d_farbe_426-244x300.jpg\" alt=\"scheidler_chaos_3d_farbe_426\" width=\"244\" height=\"300\" srcset=\"https:\/\/www.megamaschine.org\/nl\/wp-content\/uploads\/sites\/3\/2017\/07\/scheidler_chaos_3d_farbe_426-244x300.jpg 244w, https:\/\/www.megamaschine.org\/nl\/wp-content\/uploads\/sites\/3\/2017\/07\/scheidler_chaos_3d_farbe_426-768x943.jpg 768w, https:\/\/www.megamaschine.org\/nl\/wp-content\/uploads\/sites\/3\/2017\/07\/scheidler_chaos_3d_farbe_426-834x1024.jpg 834w, https:\/\/www.megamaschine.org\/nl\/wp-content\/uploads\/sites\/3\/2017\/07\/scheidler_chaos_3d_farbe_426-100x123.jpg 100w, https:\/\/www.megamaschine.org\/nl\/wp-content\/uploads\/sites\/3\/2017\/07\/scheidler_chaos_3d_farbe_426-1084x1330.jpg 1084w\" sizes=\"auto, (max-width: 244px) 100vw, 244px\" \/><\/h3>\n<h2 style=\"text-align: center;\">Chaos<\/h2>\n<h3 style=\"text-align: center;\">Das neue Zeitalter der Revolutionen<\/h3>\n<\/div><\/div><\/div><\/div><div id=\"x-section-2\" class=\"x-section center-text\" style=\"margin: 0px; padding: 45 0px 45px;  background-color: #ffffff;\" ><div id=\"\" class=\"x-container max width\" style=\"margin: 0px auto 35px; padding: 0px; \" ><div  class=\"x-column x-sm x-2-3\" style=\"padding: 0px; \" ><div id=\"\" class=\"x-text center-text\" style=\"\" ><p style=\"text-align: center;\"><span style=\"color: #ffffff;\">.<\/span><span style=\"color: #000000;\"><strong>Erscheint am 1. Oktober 2017 im Promedia Verlag Wien<\/strong><br \/>\nISBN 978-3-85371-426-3, br., 240 Seiten, 17,90 Euro<\/span><\/p>\n<p style=\"text-align: center;\"><span style=\"color: #000000;\"><img loading=\"lazy\" decoding=\"async\" class=\"alignnone wp-image-995 size-medium\" src=\"https:\/\/www.megamaschine.org\/nl\/wp-content\/uploads\/sites\/3\/2017\/07\/Chaos-Cover-grob-neu-212x300.jpg\" alt=\"Chaos-Cover-grob-neu\" width=\"212\" height=\"300\" srcset=\"https:\/\/www.megamaschine.org\/nl\/wp-content\/uploads\/sites\/3\/2017\/07\/Chaos-Cover-grob-neu-212x300.jpg 212w, https:\/\/www.megamaschine.org\/nl\/wp-content\/uploads\/sites\/3\/2017\/07\/Chaos-Cover-grob-neu-100x141.jpg 100w, https:\/\/www.megamaschine.org\/nl\/wp-content\/uploads\/sites\/3\/2017\/07\/Chaos-Cover-grob-neu.jpg 469w\" sizes=\"auto, (max-width: 212px) 100vw, 212px\" \/><\/span><\/p>\n<p style=\"text-align: center;\"><span style=\"color: #000000;\">E-Book: 14,90 Euro<br \/>\n<\/span><\/p>\n<p style=\"text-align: center;\"><span style=\"color: #000000;\"><em>\u00a0<\/em><\/span><\/p>\n<p style=\"text-align: center;\">Nach dem Erfolg seines Werkes <em>Das Ende der Megamaschine. Geschichte einer scheiternden Zivilisation<\/em>, das sich mit der Entstehungsgeschichte globaler Krisen besch\u00e4ftigt, widmet sich der Berliner Autor und Journalist Fabian Scheidler in seinem neuen Buch <em>Chaos. Das neue Zeitalter der Revolutionen<\/em> der Gegenwart und Zukunft.<\/p>\n<p style=\"text-align: center;\">Weltweit breitet sich zunehmend Chaos aus: Der Klimawandel wird zur Realit\u00e4t, der Graben zwischen Arm und Reich vertieft sich, Staaten zerfallen oder stehen vor dem Bankrott, w\u00e4hrend die UNO die gr\u00f6\u00dften Fluchtbewegungen seit dem Zweiten Weltkrieg registriert. Diese Krisen bringen die traditionellen politischen Systeme, die keine angemessenen Antworten darauf finden, in Bedr\u00e4ngnis und f\u00fchren zu weltanschaulichen Verwerfungen. Der Glaube an den Fortschritt weicht zusehends Skepsis, Angst und Unsicherheit, religi\u00f6s-fundamentalistische und politisch rechte Str\u00f6mungen erhalten Auftrieb.<\/p>\n<p style=\"text-align: center;\">Fabian Scheidler zeigt, wie die kapitalistische \u201eMegamaschine\u201c nach 500 Jahren Expansion in eine ihrer tiefsten Krisen geraten ist. Wir bewegen uns in eine chaotische \u00dcbergangsphase hinein, die einige Jahrzehnte andauern kann und deren Ausgang vollkommen offen ist. W\u00e4hrend die alten Ordnungen br\u00fcchig werden, entflammt ein Kampf darum, wer die Zukunft bestimmen und wie diese aussehen wird.<\/p>\n<p style=\"text-align: center;\">Werden sich autorit\u00e4re Kr\u00e4fte durchsetzen oder k\u00f6nnen soziale und \u00f6kologische Bewegungen die systemischen Risse nutzen, um eine gerechtere und friedlichere Welt aufzubauen? Welche Rolle spielt Chinas Aufstieg in der neuen Weltunordnung? Und wo zeichnen sich neue Wege des Wirtschaftens und Zusammenlebens ab, die das gegenw\u00e4rtige System der \u201eglobalen Apartheid\u201c \u00fcberwinden k\u00f6nnten?<\/p>\n<p style=\"text-align: center;\"><em>Chaos. Das neue Zeitalter der Revolutionen<\/em> lotet Gefahren und Chancen dieser \u00dcbergangszeit aus und bietet einen Kompass f\u00fcr politisches Engagement in Zeiten wachsender Un\u00fcbersichtlichkeit.<\/p>\n<p style=\"text-align: center;\"><strong><a href=\"https:\/\/www.megamaschine.org\/presse-chaos\/\">Stimmen zum Buch und Interviews<\/a><\/strong><\/p>\n<p style=\"text-align: center;\"><a href=\"https:\/\/www.megamaschine.org\/nl\/wp-content\/uploads\/sites\/3\/2017\/09\/Scheidler_Chaos_PM.pdf\"><strong>Presse-Ank\u00fcndigung (pdf)<\/strong><\/a><\/p>\n<p style=\"text-align: center;\"><strong><a href=\"https:\/\/www.megamaschine.org\/nl\/wp-content\/uploads\/sites\/3\/2017\/10\/scheidler_chaos_Inhalt-Einleitung.pdf\" target=\"_blank\">Inhaltsverzeichnis und Einleitung (pdf)<\/a><\/strong><\/p>\n<p>&nbsp;<\/p>\n<\/div><a  class=\"x-btn my-btn x-btn-transparent x-btn-small\"  href=\"https:\/\/ml05.ispgateway.de\/mailman\/listinfo\/newsletter_megamaschine.org\"  target=\"_blank\" rel=\"noopener noreferrer\" data-x-element=\"extra\" data-x-params=\"{&quot;type&quot;:&quot;popover&quot;,&quot;trigger&quot;:&quot;hover&quot;,&quot;placement&quot;:&quot;top&quot;,&quot;title&quot;:&quot;&quot;,&quot;content&quot;:&quot;Zum Abonnieren bitte hier klicken! &quot;}\"  data-options=\"thumbnail: ''\">Newsletter abonnieren<\/a><\/div><div  class=\"x-column x-sm x-1-3\" style=\"padding: 0px; \" ><hr  class=\"x-gap\" style=\"margin: 50px 0 0 0;\"><div id=\"\" class=\"x-text\" style=\"\" ><p><strong><a href=\"https:\/\/www.buchreport.de\/bestseller\/buch\/isbn\/9783853714263.htm\/\" target=\"_blank\">Spiegel-Besstseller 2018<\/a><\/strong><\/p>\n<h6><a href=\"https:\/\/www.megamaschine.org\/presse-chaos\/\">Stimmen zum Buch<\/a><\/h6>\n<p><strong><em>&#8220;Ein Buch, das in seiner synthetischen und konzeptionellen Kraft beeindruckend ist. Es geh\u00f6rt in die Hand aller Kritiker der gegenw\u00e4rtigen \u00d6konomie.&#8221;<\/em><\/strong><br \/>\n<em>Der Freitag<\/em><\/p>\n<p><strong><em>\u00a0&#8220;Zu der intellektuellen Souver\u00e4nit\u00e4t kommt eine ganz eigent\u00fcmliche und unverwechselbare Bildkraft dieses Autors hinzu, mit der er den Blick der Leserin sachte, aber wirksam verr\u00fcckt und befreit. (\u2026) Man mochte nicht mehr aufh\u00f6ren zu lesen.&#8221;<\/em><\/strong><br \/>\n<em>Birgit Vanderbeke, Schriftstellerin und Ingeborg-Bachmann-Preistr\u00e4gerin<\/em><\/p>\n<p><em><strong>&#8220;\u00dcberraschend und bestechend logisch.&#8221;<\/strong> <\/em><br \/>\n<em>Kathrin Gerlof, OXI<\/em><\/p>\n<p><em><strong>&#8220;Unter den aktuellen Gesellschaftsanalysen gibt es wohl kaum eine, die die LeserInnen derma\u00dfen erfrischt und inspiriert zur\u00fccklassen d\u00fcrfte, wie das neue Buch von Fabian Scheidler. Wie schon sein Erfolgsbuch \u00bbDas Ende der Megamaschine\u00ab sollte auch dieses Buch in jeder Schule gelesen werden.&#8221;<\/strong> <\/em><br \/>\n<em>Alexander Behr in &#8220;Brennstoff&#8221;<\/em><\/p>\n<p><strong><em>\u201eKlug, streckenweise brillant.\u201c<\/em><br \/>\n<\/strong><em>Ute Scheub, Oya Magazin<\/em><\/p>\n<h6><strong>Stimmen zu &#8220;Das Ende der Megamaschine. Geschichte einer scheiternden Zivilisation&#8221;<\/strong><\/h6>\n<p><em><strong>&#8220;Mehr wert als alles, was ich im Geschichtsunterricht gelernt habe.&#8221;<\/strong><\/em><br \/>\n<em>Christian Felber,<\/em><br \/>\n<em> \u00d6konom,\u00a0Begr\u00fcnder der &#8220;Gemeinwohl\u00f6konomie&#8221;<\/em><\/p>\n<p><em><strong><span style=\"color: #000000;\">&#8220;TOP 10 der Zukunftsliteratur 2015&#8221;<\/span><\/strong><span style=\"color: #000000;\"><strong><br \/>\n<\/strong>Robert-Jungk-Bibliothek f\u00fcr Zukunftsfragen<\/span><\/em><\/p>\n<p style=\"text-align: center;\"><em><span style=\"color: #000000;\"><strong>&#8220;Ein originelles und sehr spannendes Buch. Es hilft dabei, die globale Megamaschine, die unsere Zukunft bedroht, zu durchschauen und zu \u00fcberwinden&#8221;<\/strong><br \/>\nProf. Ernst Ulrich von Weizs\u00e4cker, Pr\u00e4sident des Club of Rome<\/span><\/em><\/p>\n<p style=\"text-align: center;\"><em><span style=\"color: #000000;\"><strong>&#8220;\u00dcberaus lesenswert&#8221;<\/strong><br \/>\nAnnette Jensen, Taz<\/span><\/em><\/p>\n<p style=\"text-align: center;\"><em><span style=\"color: #000000;\"><strong>&#8220;Ein gro\u00dfer Wurf&#8221;<\/strong><br \/>\nProf. Andrea Komlosy,<br \/>\nYale University,\u00a0Universit\u00e4t Wien<\/span><\/em><\/p>\n<p style=\"text-align: center;\"><em><span style=\"color: #000000;\"><strong>&#8220;Dieses Buch sollte in alle Lehrpl\u00e4ne der Schulen und Universit\u00e4ten aufgenommen werden.&#8221;<br \/>\n<\/strong>Prof. Ulrich Duchrow,<br \/>\nPublik Forum<\/span><\/em><\/p>\n<p style=\"text-align: center;\"><em><span style=\"color: #000000;\"><strong>&#8220;Fundiert und originell&#8221;<\/strong><strong><br \/>\n<\/strong>Ute Scheub, Zeitpunkt<\/span><\/em><\/p>\n<p style=\"text-align: center;\"><em><span style=\"color: #000000;\"><strong>&#8220;Nicht nur eine \u00f6konomische, sondern auch eine bemerkenswerte psychologische Geschichte des Kapitalismus&#8221;<\/strong><br \/>\nBarbara Dyttrich, Woz<\/span><\/em><\/p>\n<p style=\"text-align: center;\"><em><span style=\"color: #000000;\"><strong>&#8220;Scheidler gelingt es, komplexe Entwicklungen zu erkl\u00e4ren und hilft so bei der Tour durch den Dschungel sonstiger Un\u00fcbersichtlichkeit.&#8221;<\/strong><br \/>\nMarianne B\u00e4umler, K\u00f6lner Stadtanzeiger<\/span><\/em><\/p>\n<\/div><\/div><\/div><\/div><span id=\"x-responsive-text-1\" data-x-element-responsive-text=\"{&quot;selector&quot;:&quot;.resp-h&quot;,&quot;compression&quot;:&quot;1.5&quot;,&quot;minFontSize&quot;:&quot;24px&quot;,&quot;maxFontSize&quot;:&quot;72px&quot;}\"><\/span>\n","protected":false},"excerpt":{"rendered":"","protected":false},"author":1,"featured_media":0,"parent":0,"menu_order":0,"comment_status":"closed","ping_status":"closed","template":"template-blank-4.php","meta":{"footnotes":""},"class_list":["post-983","page","type-page","status-publish","hentry","no-post-thumbnail"],"yoast_head":"<!-- This site is optimized with the Yoast SEO plugin v27.3 - https:\/\/yoast.com\/product\/yoast-seo-wordpress\/ -->\n<title>Chaos. Das neue Zeitalter der Revolutionen - NL Das Ende der Megamaschine<\/title>\n<meta name=\"robots\" content=\"index, follow, max-snippet:-1, max-image-preview:large, max-video-preview:-1\" \/>\n<link rel=\"canonical\" href=\"https:\/\/www.megamaschine.org\/nl\/revolutionen\/\" \/>\n<meta property=\"og:locale\" content=\"nl_NL\" \/>\n<meta property=\"og:type\" content=\"article\" \/>\n<meta property=\"og:title\" content=\"Chaos. Das neue Zeitalter der Revolutionen - NL Das Ende der Megamaschine\" \/>\n<meta property=\"og:url\" content=\"https:\/\/www.megamaschine.org\/nl\/revolutionen\/\" \/>\n<meta property=\"og:site_name\" content=\"NL Das Ende der Megamaschine\" \/>\n<meta property=\"article:modified_time\" content=\"2018-06-28T11:21:45+00:00\" \/>\n<meta property=\"og:image\" content=\"https:\/\/www.megamaschine.org\/nl\/wp-content\/uploads\/sites\/3\/2017\/07\/scheidler_chaos_3d_farbe_426-244x300.jpg\" \/>\n<meta name=\"twitter:card\" content=\"summary_large_image\" \/>\n<meta name=\"twitter:label1\" content=\"Geschatte leestijd\" \/>\n\t<meta name=\"twitter:data1\" content=\"4 minuten\" \/>\n<script type=\"application\/ld+json\" class=\"yoast-schema-graph\">{\"@context\":\"https:\\\/\\\/schema.org\",\"@graph\":[{\"@type\":\"WebPage\",\"@id\":\"https:\\\/\\\/www.megamaschine.org\\\/nl\\\/revolutionen\\\/\",\"url\":\"https:\\\/\\\/www.megamaschine.org\\\/nl\\\/revolutionen\\\/\",\"name\":\"Chaos. Das neue Zeitalter der Revolutionen - NL Das Ende der Megamaschine\",\"isPartOf\":{\"@id\":\"https:\\\/\\\/www.megamaschine.org\\\/nl\\\/#website\"},\"primaryImageOfPage\":{\"@id\":\"https:\\\/\\\/www.megamaschine.org\\\/nl\\\/revolutionen\\\/#primaryimage\"},\"image\":{\"@id\":\"https:\\\/\\\/www.megamaschine.org\\\/nl\\\/revolutionen\\\/#primaryimage\"},\"thumbnailUrl\":\"https:\\\/\\\/www.megamaschine.org\\\/nl\\\/wp-content\\\/uploads\\\/sites\\\/3\\\/2017\\\/07\\\/scheidler_chaos_3d_farbe_426-244x300.jpg\",\"datePublished\":\"2017-07-24T19:01:26+00:00\",\"dateModified\":\"2018-06-28T11:21:45+00:00\",\"breadcrumb\":{\"@id\":\"https:\\\/\\\/www.megamaschine.org\\\/nl\\\/revolutionen\\\/#breadcrumb\"},\"inLanguage\":\"nl-NL\",\"potentialAction\":[{\"@type\":\"ReadAction\",\"target\":[\"https:\\\/\\\/www.megamaschine.org\\\/nl\\\/revolutionen\\\/\"]}]},{\"@type\":\"ImageObject\",\"inLanguage\":\"nl-NL\",\"@id\":\"https:\\\/\\\/www.megamaschine.org\\\/nl\\\/revolutionen\\\/#primaryimage\",\"url\":\"https:\\\/\\\/www.megamaschine.org\\\/nl\\\/wp-content\\\/uploads\\\/sites\\\/3\\\/2017\\\/07\\\/scheidler_chaos_3d_farbe_426.jpg\",\"contentUrl\":\"https:\\\/\\\/www.megamaschine.org\\\/nl\\\/wp-content\\\/uploads\\\/sites\\\/3\\\/2017\\\/07\\\/scheidler_chaos_3d_farbe_426.jpg\",\"width\":2345,\"height\":2878},{\"@type\":\"BreadcrumbList\",\"@id\":\"https:\\\/\\\/www.megamaschine.org\\\/nl\\\/revolutionen\\\/#breadcrumb\",\"itemListElement\":[{\"@type\":\"ListItem\",\"position\":1,\"name\":\"Startseite\",\"item\":\"https:\\\/\\\/www.megamaschine.org\\\/nl\\\/\"},{\"@type\":\"ListItem\",\"position\":2,\"name\":\"Chaos. Das neue Zeitalter der Revolutionen\"}]},{\"@type\":\"WebSite\",\"@id\":\"https:\\\/\\\/www.megamaschine.org\\\/nl\\\/#website\",\"url\":\"https:\\\/\\\/www.megamaschine.org\\\/nl\\\/\",\"name\":\"NL Das Ende der Megamaschine\",\"description\":\"Ein Buch von Fabian Scheidler\",\"potentialAction\":[{\"@type\":\"SearchAction\",\"target\":{\"@type\":\"EntryPoint\",\"urlTemplate\":\"https:\\\/\\\/www.megamaschine.org\\\/nl\\\/?s={search_term_string}\"},\"query-input\":{\"@type\":\"PropertyValueSpecification\",\"valueRequired\":true,\"valueName\":\"search_term_string\"}}],\"inLanguage\":\"nl-NL\"}]}<\/script>\n<!-- \/ Yoast SEO plugin. -->","yoast_head_json":{"title":"Chaos. Das neue Zeitalter der Revolutionen - NL Das Ende der Megamaschine","robots":{"index":"index","follow":"follow","max-snippet":"max-snippet:-1","max-image-preview":"max-image-preview:large","max-video-preview":"max-video-preview:-1"},"canonical":"https:\/\/www.megamaschine.org\/nl\/revolutionen\/","og_locale":"nl_NL","og_type":"article","og_title":"Chaos. Das neue Zeitalter der Revolutionen - NL Das Ende der Megamaschine","og_url":"https:\/\/www.megamaschine.org\/nl\/revolutionen\/","og_site_name":"NL Das Ende der Megamaschine","article_modified_time":"2018-06-28T11:21:45+00:00","og_image":[{"url":"https:\/\/www.megamaschine.org\/nl\/wp-content\/uploads\/sites\/3\/2017\/07\/scheidler_chaos_3d_farbe_426-244x300.jpg","type":"","width":"","height":""}],"twitter_card":"summary_large_image","twitter_misc":{"Geschatte leestijd":"4 minuten"},"schema":{"@context":"https:\/\/schema.org","@graph":[{"@type":"WebPage","@id":"https:\/\/www.megamaschine.org\/nl\/revolutionen\/","url":"https:\/\/www.megamaschine.org\/nl\/revolutionen\/","name":"Chaos. Das neue Zeitalter der Revolutionen - NL Das Ende der Megamaschine","isPartOf":{"@id":"https:\/\/www.megamaschine.org\/nl\/#website"},"primaryImageOfPage":{"@id":"https:\/\/www.megamaschine.org\/nl\/revolutionen\/#primaryimage"},"image":{"@id":"https:\/\/www.megamaschine.org\/nl\/revolutionen\/#primaryimage"},"thumbnailUrl":"https:\/\/www.megamaschine.org\/nl\/wp-content\/uploads\/sites\/3\/2017\/07\/scheidler_chaos_3d_farbe_426-244x300.jpg","datePublished":"2017-07-24T19:01:26+00:00","dateModified":"2018-06-28T11:21:45+00:00","breadcrumb":{"@id":"https:\/\/www.megamaschine.org\/nl\/revolutionen\/#breadcrumb"},"inLanguage":"nl-NL","potentialAction":[{"@type":"ReadAction","target":["https:\/\/www.megamaschine.org\/nl\/revolutionen\/"]}]},{"@type":"ImageObject","inLanguage":"nl-NL","@id":"https:\/\/www.megamaschine.org\/nl\/revolutionen\/#primaryimage","url":"https:\/\/www.megamaschine.org\/nl\/wp-content\/uploads\/sites\/3\/2017\/07\/scheidler_chaos_3d_farbe_426.jpg","contentUrl":"https:\/\/www.megamaschine.org\/nl\/wp-content\/uploads\/sites\/3\/2017\/07\/scheidler_chaos_3d_farbe_426.jpg","width":2345,"height":2878},{"@type":"BreadcrumbList","@id":"https:\/\/www.megamaschine.org\/nl\/revolutionen\/#breadcrumb","itemListElement":[{"@type":"ListItem","position":1,"name":"Startseite","item":"https:\/\/www.megamaschine.org\/nl\/"},{"@type":"ListItem","position":2,"name":"Chaos. Das neue Zeitalter der Revolutionen"}]},{"@type":"WebSite","@id":"https:\/\/www.megamaschine.org\/nl\/#website","url":"https:\/\/www.megamaschine.org\/nl\/","name":"NL Das Ende der Megamaschine","description":"Ein Buch von Fabian Scheidler","potentialAction":[{"@type":"SearchAction","target":{"@type":"EntryPoint","urlTemplate":"https:\/\/www.megamaschine.org\/nl\/?s={search_term_string}"},"query-input":{"@type":"PropertyValueSpecification","valueRequired":true,"valueName":"search_term_string"}}],"inLanguage":"nl-NL"}]}},"_links":{"self":[{"href":"https:\/\/www.megamaschine.org\/nl\/wp-json\/wp\/v2\/pages\/983","targetHints":{"allow":["GET"]}}],"collection":[{"href":"https:\/\/www.megamaschine.org\/nl\/wp-json\/wp\/v2\/pages"}],"about":[{"href":"https:\/\/www.megamaschine.org\/nl\/wp-json\/wp\/v2\/types\/page"}],"author":[{"embeddable":true,"href":"https:\/\/www.megamaschine.org\/nl\/wp-json\/wp\/v2\/users\/1"}],"replies":[{"embeddable":true,"href":"https:\/\/www.megamaschine.org\/nl\/wp-json\/wp\/v2\/comments?post=983"}],"version-history":[{"count":39,"href":"https:\/\/www.megamaschine.org\/nl\/wp-json\/wp\/v2\/pages\/983\/revisions"}],"predecessor-version":[{"id":1311,"href":"https:\/\/www.megamaschine.org\/nl\/wp-json\/wp\/v2\/pages\/983\/revisions\/1311"}],"wp:attachment":[{"href":"https:\/\/www.megamaschine.org\/nl\/wp-json\/wp\/v2\/media?parent=983"}],"curies":[{"name":"wp","href":"https:\/\/api.w.org\/{rel}","templated":true}]}}