{"id":113,"date":"2016-03-27T17:16:00","date_gmt":"2016-03-27T17:16:00","guid":{"rendered":"http:\/\/nicolaiherzog.de\/blog\/?page_id=113"},"modified":"2018-06-27T12:16:17","modified_gmt":"2018-06-27T10:16:17","slug":"demo-home","status":"publish","type":"page","link":"https:\/\/www.megamaschine.org\/nl2\/","title":{"rendered":"Das Ende der Megamaschine"},"content":{"rendered":"<div id=\"x-section-1\" class=\"x-section\" style=\"margin: 0px; padding: 0px;  background-color: transparent;\" ><div id=\"\" class=\"x-container max width\" style=\"margin: 0px auto; padding: 0px; \" ><div  class=\"x-column x-sm x-1-1\" style=\"padding: 0px; \" >\n\t\t\t<!-- START Home Slider REVOLUTION SLIDER 6.7.40 --><p class=\"rs-p-wp-fix\"><\/p>\n\t\t\t<rs-module-wrap id=\"rev_slider_2_1_wrapper\" data-source=\"gallery\" style=\"visibility:hidden;background:transparent;padding:0;margin:0px auto;margin-top:0;margin-bottom:0;\">\n\t\t\t\t<rs-module id=\"rev_slider_2_1\" style=\"\" data-version=\"6.7.40\">\n\t\t\t\t\t<rs-slides style=\"overflow: hidden; position: absolute;\">\n\t\t\t\t\t\t<rs-slide style=\"position: absolute;\" data-key=\"rs-8\" data-title=\"Slide\" data-duration=\"5000\" data-anim=\"adpr:false;\">\n\t\t\t\t\t\t\t<img decoding=\"async\" src=\"\/\/www.megamaschine.org\/nl2\/wp-content\/plugins\/revslider\/sr6\/assets\/assets\/dummy.png\" alt=\"\" title=\"Das Ende der Megamaschine\" class=\"rev-slidebg tp-rs-img rs-lazyload\" data-lazyload=\"\/\/www.megamaschine.org\/www-2\/wp-content\/uploads\/2016\/03\/industry-611668_1920-1.jpg\" data-parallax=\"off\" data-no-retina>\n<!---->\t\t\t\t\t<\/rs-slide>\n\t\t\t\t\t\t<rs-slide style=\"position: absolute;\" data-key=\"rs-9\" data-title=\"Slide\" data-duration=\"5000\" data-anim=\"adpr:false;\">\n\t\t\t\t\t\t\t<img decoding=\"async\" src=\"\/\/www.megamaschine.org\/nl2\/wp-content\/plugins\/revslider\/sr6\/assets\/assets\/dummy.png\" alt=\"\" title=\"Das Ende der Megamaschine\" class=\"rev-slidebg tp-rs-img rs-lazyload\" data-lazyload=\"\/\/www.megamaschine.org\/www-2\/wp-content\/uploads\/2016\/03\/Mine-und-Hoelle-1.jpg\" data-parallax=\"off\" data-no-retina>\n<!---->\t\t\t\t\t<\/rs-slide>\n\t\t\t\t\t\t<rs-slide style=\"position: absolute;\" data-key=\"rs-10\" data-title=\"Slide\" data-duration=\"5000\" data-anim=\"adpr:false;\">\n\t\t\t\t\t\t\t<img decoding=\"async\" src=\"\/\/www.megamaschine.org\/nl2\/wp-content\/plugins\/revslider\/sr6\/assets\/assets\/dummy.png\" alt=\"\" title=\"Das Ende der Megamaschine\" class=\"rev-slidebg tp-rs-img rs-lazyload\" data-lazyload=\"\/\/www.megamaschine.org\/www-2\/wp-content\/uploads\/2016\/03\/Conquista1-1.jpg\" data-parallax=\"off\" data-no-retina>\n<!---->\t\t\t\t\t<\/rs-slide>\n\t\t\t\t\t\t<rs-slide style=\"position: absolute;\" data-key=\"rs-11\" data-title=\"Slide\" data-duration=\"5000\" data-anim=\"adpr:false;\">\n\t\t\t\t\t\t\t<img decoding=\"async\" src=\"\/\/www.megamaschine.org\/nl2\/wp-content\/plugins\/revslider\/sr6\/assets\/assets\/dummy.png\" alt=\"\" title=\"Das Ende der Megamaschine\" class=\"rev-slidebg tp-rs-img rs-lazyload\" data-lazyload=\"\/\/www.megamaschine.org\/www-2\/wp-content\/uploads\/2016\/03\/Hartmann_Maschinenhalle_1868_01-1.jpg\" data-parallax=\"3\" data-no-retina>\n<!---->\t\t\t\t\t<\/rs-slide>\n\t\t\t\t\t\t<rs-slide style=\"position: absolute;\" data-key=\"rs-12\" data-title=\"Slide\" data-duration=\"5000\" data-anim=\"adpr:false;\">\n\t\t\t\t\t\t\t<img decoding=\"async\" src=\"\/\/www.megamaschine.org\/nl2\/wp-content\/plugins\/revslider\/sr6\/assets\/assets\/dummy.png\" alt=\"\" title=\"Das Ende der Megamaschine\" class=\"rev-slidebg tp-rs-img rs-lazyload\" data-lazyload=\"\/\/www.megamaschine.org\/www-2\/wp-content\/uploads\/2016\/03\/Kawah_Ijen_-East_Java_-Indonesia_-sulphur-31July2009-1.jpg\" data-parallax=\"off\" data-no-retina>\n<!---->\t\t\t\t\t<\/rs-slide>\n\t\t\t\t\t<\/rs-slides>\n\t\t\t\t\t<rs-static-layers class=\"rs-stl-visible\"><!--\n\n\t\t\t\t\t\t\t--><rs-layer\n\t\t\t\t\t\t\t\tid=\"slider-2-slide-2-layer-1\" \n\t\t\t\t\t\t\t\tclass=\"rs-layer-static\"\n\t\t\t\t\t\t\t\tdata-type=\"text\"\n\t\t\t\t\t\t\t\tdata-color=\"rgba(255, 255, 255, 1)\"\n\t\t\t\t\t\t\t\tdata-rsp_ch=\"on\"\n\t\t\t\t\t\t\t\tdata-xy=\"x:c;xo:-1px,-1px,-1px,1px;y:m;yo:-1px,-1px,-1px,0;\"\n\t\t\t\t\t\t\t\tdata-text=\"s:60;l:22,22,22,60;\"\n\t\t\t\t\t\t\t\tdata-onslides=\"s:1;\"\n\t\t\t\t\t\t\t\tdata-frame_0=\"tp:600;\"\n\t\t\t\t\t\t\t\tdata-frame_1=\"tp:600;e:power2.inOut;st:500;sR:500;\"\n\t\t\t\t\t\t\t\tdata-frame_999=\"o:0;tp:600;e:nothing;st:w;sR:8200;\"\n\t\t\t\t\t\t\t\tstyle=\"z-index:5;font-family:'Lato';\"\n\t\t\t\t\t\t\t><b> Het einde van de megamachine<\/b> \n\t\t\t\t\t\t\t<\/rs-layer><!--\n\n\t\t\t\t\t\t\t--><rs-layer\n\t\t\t\t\t\t\t\tid=\"slider-2-slide-2-layer-2\" \n\t\t\t\t\t\t\t\tclass=\"rs-layer-static\"\n\t\t\t\t\t\t\t\tdata-type=\"text\"\n\t\t\t\t\t\t\t\tdata-color=\"rgba(255, 255, 255, 1)\"\n\t\t\t\t\t\t\t\tdata-rsp_ch=\"on\"\n\t\t\t\t\t\t\t\tdata-xy=\"x:c;xo:199px;y:m;yo:54px;\"\n\t\t\t\t\t\t\t\tdata-text=\"s:25;l:22;\"\n\t\t\t\t\t\t\t\tdata-onslides=\"s:1;\"\n\t\t\t\t\t\t\t\tdata-frame_0=\"tp:600;\"\n\t\t\t\t\t\t\t\tdata-frame_1=\"tp:600;e:power2.inOut;st:500;sR:500;\"\n\t\t\t\t\t\t\t\tdata-frame_999=\"o:0;tp:600;e:nothing;st:w;sR:8200;\"\n\t\t\t\t\t\t\t\tstyle=\"z-index:6;font-family:'Lato';\"\n\t\t\t\t\t\t\t>\u2014 Fabian Scheidler \n\t\t\t\t\t\t\t<\/rs-layer><!--\n\t\t\t\t\t--><\/rs-static-layers>\n\t\t\t\t<\/rs-module>\n\t\t\t\t<script>\n\t\t\t\t\tsetREVStartSize({c: 'rev_slider_2_1',rl:[1240,1024,778,480],el:[],gw:[1240,1024,778,480],gh:[600,600,500,400],type:'standard',justify:'',layout:'fullwidth',mh:\"0\"});if (window.RS_MODULES!==undefined && window.RS_MODULES.modules!==undefined && window.RS_MODULES.modules[\"revslider21\"]!==undefined) {window.RS_MODULES.modules[\"revslider21\"].once = false;window.revapi2 = undefined;if (window.RS_MODULES.checkMinimal!==undefined) window.RS_MODULES.checkMinimal()}\n\t\t\t\t<\/script>\n\t\t\t<\/rs-module-wrap>\n\t\t\t<!-- END REVOLUTION SLIDER -->\n<\/div><\/div><\/div><div id=\"x-section-2\" class=\"x-section\" style=\"margin: 0px; padding: 0px 0px 45px;  background-color: #efefef;\" ><div id=\"\" class=\"x-container max width\" style=\"margin: 0px auto; padding: 0px; \" ><div  class=\"x-column x-sm x-1-1\" style=\"padding: 0px; \" ><div id=\"\" class=\"x-text\" style=\"\" ><h3 style=\"text-align: left;\"><a href=\"https:\/\/www.megamaschine.org\/nl2\/wp-content\/uploads\/sites\/4\/2016\/03\/Buchcover-in-Ansicht-1.png\" rel=\"attachment wp-att-310\"><br \/>\n<\/a><\/h3>\n<p><a href=\"https:\/\/www.megamaschine.org\/nl2\/wp-content\/uploads\/sites\/4\/2016\/03\/Buchcover-in-Ansicht-1.png\" rel=\"attachment wp-att-310\"><img loading=\"lazy\" decoding=\"async\" class=\"aligncenter wp-image-310 size-full\" src=\"https:\/\/www.megamaschine.org\/nl2\/wp-content\/uploads\/sites\/4\/2016\/03\/Buchcover-in-Ansicht-1.png\" alt=\"Buchcover-in-Ansicht\" width=\"300\" height=\"300\" \/><\/a><\/p>\n<h3 style=\"text-align: center;\">Geschichte einer scheiternden Zivilisation<\/h3>\n<\/div><\/div><\/div><\/div><div id=\"x-section-3\" class=\"x-section center-text\" style=\"margin: 0px; padding: 45 0px 45px;  background-color: #ffffff;\" ><div id=\"\" class=\"x-container max width\" style=\"margin: 0px auto 35px; padding: 0px; \" ><div  class=\"x-column x-sm x-2-3\" style=\"padding: 0px; \" ><div id=\"\" class=\"x-text center-text\" style=\"\" ><p style=\"text-align: center;\"><span style=\"color: #ffffff;\">.<\/span><span style=\"color: #000000;\"><strong>Erschienen am 1. M\u00e4rz 2015 im PROMEDIA VERLAG WIEN<\/strong><br \/>\nISBN 978-3-85371-384-6, br., 272 Seiten, bebildert, 19,90 Euro<\/span><\/p>\n<p style=\"text-align: center;\"><span style=\"color: #000000;\"><a href=\"http:\/\/www.mediashop.at\/typolight\/index.php\/buecher\/items\/fabian-scheidler---das-ende-der-megamaschine\"><img loading=\"lazy\" decoding=\"async\" class=\"aligncenter wp-image-505\" src=\"https:\/\/www.megamaschine.org\/nl2\/wp-content\/uploads\/sites\/4\/2016\/04\/Scheidler-Megamaschine-1-211x300.jpg\" alt=\"Das Ende der Megamaschine \u2014 Fabian Scheidler\" width=\"317\" height=\"450\" srcset=\"https:\/\/www.megamaschine.org\/nl2\/wp-content\/uploads\/sites\/4\/2016\/04\/Scheidler-Megamaschine-1-211x300.jpg 211w, https:\/\/www.megamaschine.org\/nl2\/wp-content\/uploads\/sites\/4\/2016\/04\/Scheidler-Megamaschine-1-768x1090.jpg 768w, https:\/\/www.megamaschine.org\/nl2\/wp-content\/uploads\/sites\/4\/2016\/04\/Scheidler-Megamaschine-1-722x1024.jpg 722w, https:\/\/www.megamaschine.org\/nl2\/wp-content\/uploads\/sites\/4\/2016\/04\/Scheidler-Megamaschine-1-100x142.jpg 100w, https:\/\/www.megamaschine.org\/nl2\/wp-content\/uploads\/sites\/4\/2016\/04\/Scheidler-Megamaschine-1-1084x1538.jpg 1084w, https:\/\/www.megamaschine.org\/nl2\/wp-content\/uploads\/sites\/4\/2016\/04\/Scheidler-Megamaschine-1.jpg 1748w\" sizes=\"auto, (max-width: 317px) 100vw, 317px\" \/><\/a><\/span><\/p>\n<p style=\"text-align: center;\"><span style=\"color: #000000;\">E-Book: 15,90 Euro<br \/>\n<\/span><\/p>\n<p style=\"text-align: center;\"><span style=\"color: #000000;\"><em><br \/>\n<\/em><span style=\"font-weight: 400;\"><em>Das Ende der Megamaschine<\/em> legt die Wurzeln der Zerst\u00f6rungskr\u00e4fte frei, die heute die menschliche Zukunft infrage stellen. In einer Spurensuche durch f\u00fcnf Jahrtausende f\u00fchrt das Buch zu den Urspr\u00fcngen \u00f6konomischer, milit\u00e4rischer und ideologischer Macht. Der Autor erz\u00e4hlt\u00a0die Vorgeschichte und Genese des modernen Weltsystems, das Mensch und Natur einer radikalen Ausbeutung unterwirft. Dabei demontiert er Fortschrittsmythen der westlichen Zivilisation und zeigt, wie die Logik der endlosen Geldvermehrung von Anfang an menschliche Gesellschaften und \u00d6kosysteme zerr\u00fcttet hat. <\/span><\/span><\/p>\n<p style=\"text-align: center;\"><span style=\"color: #000000;\"><span style=\"font-weight: 400;\">Die wachsende Instabilit\u00e4t und der absehbare Niedergang der globalen Megamaschine er\u00f6ffnen heute jedoch M\u00f6glichkeiten f\u00fcr tiefgreifende Ver\u00e4nderungen, zu denen jeder von uns etwas beitragen kann.<\/span><\/span><\/p>\n<p style=\"text-align: center;\"><a href=\"https:\/\/www.megamaschine.org\/nl2\/wp-content\/uploads\/sites\/4\/2017\/02\/Pressedossier_MM_2017_web.pdf\">Pressedossier (.pdf)<\/a><\/p>\n<p><a href=\"https:\/\/www.megamaschine.org\/nl2\/wp-content\/uploads\/sites\/4\/2016\/04\/Megamaschine_Inhaltsverzeichnis-1.pdf\">Inhaltsverzeichnis (.pdf)<\/a><\/p>\n<p style=\"text-align: center;\"><a href=\"http:\/\/p2pfoundation.net\/End_of_the_Megamachine\" target=\"_blank\">English Summary<\/a><\/p>\n<\/div><a  class=\"x-btn my-btn x-btn-transparent x-btn-small\"  href=\"https:\/\/ml05.ispgateway.de\/mailman\/listinfo\/newsletter_megamaschine.org\"  target=\"_blank\" rel=\"noopener noreferrer\" data-x-element=\"extra\" data-x-params=\"{&quot;type&quot;:&quot;popover&quot;,&quot;trigger&quot;:&quot;hover&quot;,&quot;placement&quot;:&quot;top&quot;,&quot;title&quot;:&quot;&quot;,&quot;content&quot;:&quot;Zum Abonnieren bitte hier klicken! &quot;}\"  data-options=\"thumbnail: ''\">Newsletter abonnieren<\/a><\/div><div  class=\"x-column x-sm x-1-3\" style=\"padding: 0px; \" ><hr  class=\"x-gap\" style=\"margin: 50px 0 0 0;\"><div id=\"\" class=\"x-text\" style=\"\" ><p><em><strong>\u201eDas Thema k\u00f6nnte nicht wichtiger sein. Ein sehr wertvoller und hochaktueller Beitrag.\u00a0 Der Ansatz des Buches gef\u00e4llt mir sehr.\u201c<\/strong><\/em><br \/>\n<em>Prof. Noam Chomsky, Massachusetts Institute of Technology<\/em><\/p>\n<p style=\"text-align: center;\"><em><span style=\"color: #000000;\"><strong>&#8222;Ein originelles und sehr spannendes Buch. Es hilft dabei, die globale Megamaschine, die unsere Zukunft bedroht, zu durchschauen und zu \u00fcberwinden&#8220;<\/strong><br \/>\nProf. Ernst Ulrich von Weizs\u00e4cker, Pr\u00e4sident des Club of Rome<\/span><\/em><\/p>\n<p><em><strong>&#8222;Mehr wert als alles, was ich im Geschichtsunterricht gelernt habe.&#8220;<\/strong><\/em><br \/>\n<em>Christian Felber,<\/em><br \/>\n<em> \u00d6konom,\u00a0Begr\u00fcnder der &#8222;Gemeinwohl\u00f6konomie&#8220;<\/em><\/p>\n<p><em><strong><span style=\"color: #000000;\">&#8222;TOP 10 der Zukunftsliteratur 2015&#8220;<\/span><\/strong><span style=\"color: #000000;\"><strong><br \/>\n<\/strong>Robert-Jungk-Bibliothek f\u00fcr Zukunftsfragen<\/span><\/em><\/p>\n<p style=\"text-align: center;\"><em><span style=\"color: #000000;\"><strong>&#8222;Ein gro\u00dfer Wurf&#8220;<\/strong><br \/>\nProf. Andrea Komlosy,<br \/>\nYale University,\u00a0Universit\u00e4t Wien<\/span><\/em><\/p>\n<p style=\"text-align: center;\"><em><span style=\"color: #000000;\"><strong>&#8222;Dieses Buch sollte in alle Lehrpl\u00e4ne der Schulen und Universit\u00e4ten aufgenommen werden.&#8220;<br \/>\n<\/strong>Prof. Ulrich Duchrow,<br \/>\nPublik Forum<\/span><\/em><\/p>\n<p style=\"text-align: center;\"><em><span style=\"color: #000000;\"><strong>&#8222;\u00dcberaus lesenswert&#8220;<\/strong><br \/>\nAnnette Jensen, Taz<\/span><\/em><\/p>\n<p style=\"text-align: center;\"><em><span style=\"color: #000000;\"><strong>&#8222;Fundiert und originell&#8220;<\/strong><strong><br \/>\n<\/strong>Ute Scheub, Zeitpunkt<\/span><\/em><\/p>\n<p style=\"text-align: center;\"><em><span style=\"color: #000000;\"><strong>&#8222;Nicht nur eine \u00f6konomische, sondern auch eine bemerkenswerte psychologische Geschichte des Kapitalismus&#8220;<\/strong><br \/>\nBarbara Dyttrich, Woz<\/span><\/em><\/p>\n<p style=\"text-align: center;\"><em><span style=\"color: #000000;\"><strong>&#8222;Scheidler gelingt es, komplexe Entwicklungen zu erkl\u00e4ren und hilft so bei der Tour durch den Dschungel sonstiger Un\u00fcbersichtlichkeit.&#8220;<\/strong><br \/>\nMarianne B\u00e4umler, K\u00f6lner Stadtanzeiger<\/span><\/em><\/p>\n<\/div><\/div><\/div><\/div><span id=\"x-responsive-text-1\" data-x-element-responsive-text=\"{&quot;selector&quot;:&quot;.resp-h&quot;,&quot;compression&quot;:&quot;1.5&quot;,&quot;minFontSize&quot;:&quot;24px&quot;,&quot;maxFontSize&quot;:&quot;72px&quot;}\"><\/span>\n","protected":false},"excerpt":{"rendered":"","protected":false},"author":1,"featured_media":0,"parent":0,"menu_order":0,"comment_status":"closed","ping_status":"closed","template":"template-blank-4.php","meta":{"footnotes":""},"class_list":["post-113","page","type-page","status-publish","hentry","no-post-thumbnail"],"yoast_head":"<!-- This site is optimized with the Yoast SEO plugin v27.4 - https:\/\/yoast.com\/product\/yoast-seo-wordpress\/ -->\n<title>Das Ende der Megamaschine - NL2 Het einde van de megamachine<\/title>\n<meta name=\"robots\" content=\"index, follow, max-snippet:-1, max-image-preview:large, max-video-preview:-1\" \/>\n<link rel=\"canonical\" href=\"https:\/\/www.megamaschine.org\/nl2\/\" \/>\n<meta property=\"og:locale\" content=\"de_DE\" \/>\n<meta property=\"og:type\" content=\"article\" \/>\n<meta property=\"og:title\" content=\"Das Ende der Megamaschine - NL2 Het einde van de megamachine\" \/>\n<meta property=\"og:url\" content=\"https:\/\/www.megamaschine.org\/nl2\/\" \/>\n<meta property=\"og:site_name\" content=\"NL2 Het einde van de megamachine\" \/>\n<meta property=\"article:modified_time\" content=\"2018-06-27T10:16:17+00:00\" \/>\n<meta property=\"og:image\" content=\"https:\/\/www.megamaschine.org\/nl2\/wp-content\/uploads\/sites\/4\/2016\/03\/Buchcover-in-Ansicht-1.png\" \/>\n<meta name=\"twitter:card\" content=\"summary_large_image\" \/>\n<meta name=\"twitter:label1\" content=\"Gesch\u00e4tzte Lesezeit\" \/>\n\t<meta name=\"twitter:data1\" content=\"3\u00a0Minuten\" \/>\n<script type=\"application\/ld+json\" class=\"yoast-schema-graph\">{\"@context\":\"https:\\\/\\\/schema.org\",\"@graph\":[{\"@type\":\"WebPage\",\"@id\":\"https:\\\/\\\/www.megamaschine.org\\\/nl2\\\/\",\"url\":\"https:\\\/\\\/www.megamaschine.org\\\/nl2\\\/\",\"name\":\"Das Ende der Megamaschine - NL2 Het einde van de megamachine\",\"isPartOf\":{\"@id\":\"https:\\\/\\\/www.megamaschine.org\\\/nl2\\\/#website\"},\"primaryImageOfPage\":{\"@id\":\"https:\\\/\\\/www.megamaschine.org\\\/nl2\\\/#primaryimage\"},\"image\":{\"@id\":\"https:\\\/\\\/www.megamaschine.org\\\/nl2\\\/#primaryimage\"},\"thumbnailUrl\":\"https:\\\/\\\/www.megamaschine.org\\\/nl2\\\/wp-content\\\/uploads\\\/sites\\\/4\\\/2016\\\/03\\\/Buchcover-in-Ansicht-1.png\",\"datePublished\":\"2016-03-27T17:16:00+00:00\",\"dateModified\":\"2018-06-27T10:16:17+00:00\",\"breadcrumb\":{\"@id\":\"https:\\\/\\\/www.megamaschine.org\\\/nl2\\\/#breadcrumb\"},\"inLanguage\":\"de\",\"potentialAction\":[{\"@type\":\"ReadAction\",\"target\":[\"https:\\\/\\\/www.megamaschine.org\\\/nl2\\\/\"]}]},{\"@type\":\"ImageObject\",\"inLanguage\":\"de\",\"@id\":\"https:\\\/\\\/www.megamaschine.org\\\/nl2\\\/#primaryimage\",\"url\":\"https:\\\/\\\/www.megamaschine.org\\\/nl2\\\/wp-content\\\/uploads\\\/sites\\\/4\\\/2016\\\/03\\\/Buchcover-in-Ansicht-1.png\",\"contentUrl\":\"https:\\\/\\\/www.megamaschine.org\\\/nl2\\\/wp-content\\\/uploads\\\/sites\\\/4\\\/2016\\\/03\\\/Buchcover-in-Ansicht-1.png\"},{\"@type\":\"BreadcrumbList\",\"@id\":\"https:\\\/\\\/www.megamaschine.org\\\/nl2\\\/#breadcrumb\",\"itemListElement\":[{\"@type\":\"ListItem\",\"position\":1,\"name\":\"Startseite\",\"item\":\"https:\\\/\\\/www.megamaschine.org\\\/nl2\\\/\"},{\"@type\":\"ListItem\",\"position\":2,\"name\":\"Das Ende der Megamaschine\"}]},{\"@type\":\"WebSite\",\"@id\":\"https:\\\/\\\/www.megamaschine.org\\\/nl2\\\/#website\",\"url\":\"https:\\\/\\\/www.megamaschine.org\\\/nl2\\\/\",\"name\":\"NL2 Het einde van de megamachine\",\"description\":\"Ein Buch von Fabian Scheidler\",\"potentialAction\":[{\"@type\":\"SearchAction\",\"target\":{\"@type\":\"EntryPoint\",\"urlTemplate\":\"https:\\\/\\\/www.megamaschine.org\\\/nl2\\\/?s={search_term_string}\"},\"query-input\":{\"@type\":\"PropertyValueSpecification\",\"valueRequired\":true,\"valueName\":\"search_term_string\"}}],\"inLanguage\":\"de\"}]}<\/script>\n<!-- \/ Yoast SEO plugin. -->","yoast_head_json":{"title":"Das Ende der Megamaschine - NL2 Het einde van de megamachine","robots":{"index":"index","follow":"follow","max-snippet":"max-snippet:-1","max-image-preview":"max-image-preview:large","max-video-preview":"max-video-preview:-1"},"canonical":"https:\/\/www.megamaschine.org\/nl2\/","og_locale":"de_DE","og_type":"article","og_title":"Das Ende der Megamaschine - NL2 Het einde van de megamachine","og_url":"https:\/\/www.megamaschine.org\/nl2\/","og_site_name":"NL2 Het einde van de megamachine","article_modified_time":"2018-06-27T10:16:17+00:00","og_image":[{"url":"https:\/\/www.megamaschine.org\/nl2\/wp-content\/uploads\/sites\/4\/2016\/03\/Buchcover-in-Ansicht-1.png","type":"","width":"","height":""}],"twitter_card":"summary_large_image","twitter_misc":{"Gesch\u00e4tzte Lesezeit":"3\u00a0Minuten"},"schema":{"@context":"https:\/\/schema.org","@graph":[{"@type":"WebPage","@id":"https:\/\/www.megamaschine.org\/nl2\/","url":"https:\/\/www.megamaschine.org\/nl2\/","name":"Das Ende der Megamaschine - NL2 Het einde van de megamachine","isPartOf":{"@id":"https:\/\/www.megamaschine.org\/nl2\/#website"},"primaryImageOfPage":{"@id":"https:\/\/www.megamaschine.org\/nl2\/#primaryimage"},"image":{"@id":"https:\/\/www.megamaschine.org\/nl2\/#primaryimage"},"thumbnailUrl":"https:\/\/www.megamaschine.org\/nl2\/wp-content\/uploads\/sites\/4\/2016\/03\/Buchcover-in-Ansicht-1.png","datePublished":"2016-03-27T17:16:00+00:00","dateModified":"2018-06-27T10:16:17+00:00","breadcrumb":{"@id":"https:\/\/www.megamaschine.org\/nl2\/#breadcrumb"},"inLanguage":"de","potentialAction":[{"@type":"ReadAction","target":["https:\/\/www.megamaschine.org\/nl2\/"]}]},{"@type":"ImageObject","inLanguage":"de","@id":"https:\/\/www.megamaschine.org\/nl2\/#primaryimage","url":"https:\/\/www.megamaschine.org\/nl2\/wp-content\/uploads\/sites\/4\/2016\/03\/Buchcover-in-Ansicht-1.png","contentUrl":"https:\/\/www.megamaschine.org\/nl2\/wp-content\/uploads\/sites\/4\/2016\/03\/Buchcover-in-Ansicht-1.png"},{"@type":"BreadcrumbList","@id":"https:\/\/www.megamaschine.org\/nl2\/#breadcrumb","itemListElement":[{"@type":"ListItem","position":1,"name":"Startseite","item":"https:\/\/www.megamaschine.org\/nl2\/"},{"@type":"ListItem","position":2,"name":"Das Ende der Megamaschine"}]},{"@type":"WebSite","@id":"https:\/\/www.megamaschine.org\/nl2\/#website","url":"https:\/\/www.megamaschine.org\/nl2\/","name":"NL2 Het einde van de megamachine","description":"Ein Buch von Fabian Scheidler","potentialAction":[{"@type":"SearchAction","target":{"@type":"EntryPoint","urlTemplate":"https:\/\/www.megamaschine.org\/nl2\/?s={search_term_string}"},"query-input":{"@type":"PropertyValueSpecification","valueRequired":true,"valueName":"search_term_string"}}],"inLanguage":"de"}]}},"_links":{"self":[{"href":"https:\/\/www.megamaschine.org\/nl2\/wp-json\/wp\/v2\/pages\/113","targetHints":{"allow":["GET"]}}],"collection":[{"href":"https:\/\/www.megamaschine.org\/nl2\/wp-json\/wp\/v2\/pages"}],"about":[{"href":"https:\/\/www.megamaschine.org\/nl2\/wp-json\/wp\/v2\/types\/page"}],"author":[{"embeddable":true,"href":"https:\/\/www.megamaschine.org\/nl2\/wp-json\/wp\/v2\/users\/1"}],"replies":[{"embeddable":true,"href":"https:\/\/www.megamaschine.org\/nl2\/wp-json\/wp\/v2\/comments?post=113"}],"version-history":[{"count":57,"href":"https:\/\/www.megamaschine.org\/nl2\/wp-json\/wp\/v2\/pages\/113\/revisions"}],"predecessor-version":[{"id":1292,"href":"https:\/\/www.megamaschine.org\/nl2\/wp-json\/wp\/v2\/pages\/113\/revisions\/1292"}],"wp:attachment":[{"href":"https:\/\/www.megamaschine.org\/nl2\/wp-json\/wp\/v2\/media?parent=113"}],"curies":[{"name":"wp","href":"https:\/\/api.w.org\/{rel}","templated":true}]}}