{"id":136,"date":"2016-03-29T21:36:13","date_gmt":"2016-03-29T21:36:13","guid":{"rendered":"http:\/\/nicolaiherzog.de\/blog\/?page_id=136"},"modified":"2017-01-24T11:21:36","modified_gmt":"2017-01-24T10:21:36","slug":"rezension-und-interviews","status":"publish","type":"page","link":"https:\/\/www.megamaschine.org\/nl2\/presse\/rezension-und-interviews\/","title":{"rendered":"Rezension und Interviews"},"content":{"rendered":"<div id=\"x-section-1\" class=\"x-section\" style=\"margin: 0px; padding: 45px 0px;  background-color: transparent;\" ><div id=\"\" class=\"x-container max width\" style=\"margin: 0px auto; padding: 0px; \" ><div  class=\"x-column x-sm x-1-1\" style=\"padding: 0px; \" ><div id=\"\" class=\"x-text\" style=\"\" ><h3 style=\"text-align: center;\">Rezensionen<\/h3>\n<\/div><hr  class=\"x-gap\" style=\"margin: 50px 0 0 0;\"><div id=\"\" class=\"x-text\" style=\"\" ><p style=\"text-align: center;\"><span style=\"color: #000000;\"><strong>TOP 10 der Zukunftsliteratur 2015<\/strong><em> (Robert-Jungk-Bibliothek f\u00fcr Zukunftsfragen)<\/em><\/span><\/p>\n<p style=\"text-align: center;\"><span style=\"color: #000000;\"><em><strong>&#8222;Ein gro\u00dfer Wurf&#8220;<\/strong> (Prof. Andrea Komlosy, Universit\u00e4t Wien) <\/em><\/span><\/p>\n<p style=\"text-align: center;\"><span style=\"color: #000000;\"><strong>&#8222;Dieses Buch sollte in alle Lehrpl\u00e4ne der Schulen und Universit\u00e4ten aufgenommen werden.&#8220; <\/strong>(Prof. Ulrich Duchrow in Publik Forum)<\/span><\/p>\n<p style=\"text-align: center;\"><span style=\"color: #000000;\"><em><strong>&#8222;\u00dcberaus lesenswert&#8220;<\/strong> (Annette Jensen in der Taz)<\/em><\/span><\/p>\n<p style=\"text-align: center;\"><span style=\"color: #000000;\"><em><strong>&#8222;Fundiert und originell&#8220; <\/strong>(Ute Scheub in Zeitpunkt)<\/em><\/span><\/p>\n<p style=\"text-align: center;\"><span style=\"color: #000000;\"><strong>&#8222;Fabian Scheidler hat nicht nur eine \u00f6konomische, sondern auch eine bemerkenswerte psychologische Geschichte des Kapitalismus geschrieben.&#8220;<\/strong> (Barbara Dyttrich in der Woz)<\/span><\/p>\n<p style=\"text-align: center;\"><span style=\"color: #000000;\"><strong>&#8222;Scheidler gelingt es, komplexe Entwicklungen zu erkl\u00e4ren und hilft so bei der Tour durch den Dschungel sonstiger Un\u00fcbersichtlichkeit.&#8220;<\/strong> (Marianne B\u00e4umler im K\u00f6lner Stadtanzeiger)<\/span><\/p>\n<p style=\"text-align: center;\"><span style=\"color: #000000;\"><strong>&#8222;Das Buch ist hart, aber es liest sich gro\u00dfartig. Es macht zornig \u2013 und genau deshalb gibt es Mut.&#8220;<\/strong> (Lara Mallien in der Oya)<\/span><\/p>\n<\/div><\/div><\/div><\/div><div id=\"x-section-2\" class=\"x-section\" style=\"margin: 0px; padding: 45px 0px;  background-color: #e2e2e2;\" ><div id=\"\" class=\"x-container max width\" style=\"margin: 0px auto; padding: 0px; \" ><div  class=\"x-column x-sm x-1-1\" style=\"padding: 0px; \" ><div id=\"\" class=\"x-text\" style=\"\" ><h3 style=\"text-align: center;\">Interviews<\/h3>\n<\/div><hr  class=\"x-gap\" style=\"margin: 50px 0 0 0;\"><div id=\"\" class=\"x-text\" style=\"\" ><ul>\n<li><a href=\"http:\/\/cba.fro.at\/281291\" target=\"_blank\">LiteRadio<\/a>: Interview mit Fabian Scheidler auf der Leipziger Buchmesse, 13. M\u00e4rz 2015<\/li>\n<li><a href=\"http:\/\/www.kontext-tv.de\/sendung\/19032015\/megamaschine\" target=\"_blank\">Kontext TV<\/a>: David Goe\u00dfmann im Gespr\u00e4ch mit Fabian Scheidler, 19. M\u00e4rz 2015<\/li>\n<li><a href=\"http:\/\/www.taz.de\/1\/archiv\/digitaz\/artikel\/?ressort=pb&amp;dig=2015%2F05%2F16%2Fa0031&amp;cHash=94d66fbf18facdad0b8b544cacc808fd\" target=\"_blank\">Taz<\/a>: Rezension von Annette Jensen, 16. Mai 2015 <a href=\"http:\/\/counter-images.de\/megamaschine\/Taz_16-05-2015.pdf\">pdf<\/a><\/li>\n<li><a href=\"http:\/\/www.deutschlandradiokultur.de\/kapitalismuskritik-geschichte-einer-scheiternden.1270.de.html?dram:article_id=320679\" target=\"_blank\">Deutschlandradio<\/a>: Interview in der Sendung Lesart, 23. Mai 2015<object width=\"566\" height=\"30\" classid=\"clsid:02BF25D5-8C17-4B23-BC80-D3488ABDDC6B\" codebase=\"http:\/\/www.apple.com\/qtactivex\/qtplugin.cab\"><embed pluginspage=\"http:\/\/www.apple.com\/quicktime\/download\/\" src=\"ftp:\/\/ftp.kontext-tv.org\/386302_12167\/anonftp\/DR_Lesart_komplett_23_05_2015_gek.mp3\" type=\"video\/quicktime\" controller=\"true\" autoplay=\"autoplay\" height=\"30\" width=\"566\" \/><\/object><\/li>\n<li><a href=\"http:\/\/www.nachdenkseiten.de\/?p=26641\" target=\"_blank\">Nachdenkseiten<\/a>: Interview mit Jens Wernicke, 2. Juli 2015<\/li>\n<li>K\u00f6lner Stadtanzeiger: Rezension von Dr. Marianne B\u00e4umler, 3. Juli 2015 <a href=\"http:\/\/counter-images.de\/megamaschine\/Koelner-Stadtanzeiger-Megamaschine-Rezension_sel.pdf\">pdf<\/a><\/li>\n<li><a href=\"https:\/\/kratzwald.wordpress.com\/2015\/08\/15\/die-urspruenge-der-herrschaft-von-menschen-ueber-menschen\/\" target=\"_blank\">Contraste<\/a>: Rezension von Brigitte Kratzwald, Juli 2015<\/li>\n<li><a href=\"http:\/\/www.lunapark21.net\/das-ende-der-megamaschine\/\" target=\"_blank\">Lunapark 21<\/a>: Rezension von Prof. Andrea Komlosy, August 2015 <a href=\"http:\/\/counter-images.de\/megamaschine\/Komlosy-Scheidler-Megamaschine_Lunpark.pdf\">pdf<\/a><\/li>\n<li><a href=\"http:\/\/www.heise.de\/tp\/artikel\/45\/45727\/1.html\" target=\"_blank\">Telepolis<\/a>: Interview mit Tomasz Konicz, 18. August 2015<\/li>\n<li>Zeitpunkt (Schweiz): Rezension von Ute Scheub, September 2015 <a href=\"http:\/\/counter-images.de\/megamaschine\/Rezension_Zeitpunkt_Ute-Scheub_kl.pdf\">pdf<\/a><\/li>\n<li><a href=\"https:\/\/www.freitag.de\/autoren\/berlino1010\/wie-sie-wurde-was-sie-ist\" target=\"_blank\">Der Freitag<\/a>: 14. Oktober 2015<\/li>\n<li><a href=\"http:\/\/www.oya-online.de\/review\/read\/2192-das_ende_der_megamaschine_buchbesprechung.html\" target=\"_blank\">Oya<\/a>: Rezension von Lara Mallien, November 2015 <a href=\"http:\/\/counter-images.de\/megamaschine\/Oya_Megamaschine_Rezension_Nov15_ausschn.pdf\">pdf<\/a><\/li>\n<li><a href=\"http:\/\/www.tabularasamagazin.de\/artikel\/artikel_6721\/\" target=\"_blank\">Tabularasa<\/a>, Rezension von Karim Akerma, 18. November 2015<\/li>\n<li><a href=\"http:\/\/derstandard.at\/2000026542446\/Wachstumsideologie-Ein-sich-selbst-antreibendes-System\" target=\"_blank\">Der Standard<\/a>, Rezension von Reinhilde Becker, 2. Dezember 2015 <a href=\"http:\/\/counter-images.de\/megamaschine\/Standard_Megamaschine_sel.pdf\">pdf<\/a><\/li>\n<li>Robert-Jungk-Bibliothek f\u00fcr Zukunftsfragen (JBZ): <a href=\"http:\/\/counter-images.de\/megamaschine\/JBZ-ProZukunft_4-2015_Megamaschine.pdf\">Rezension<\/a> von Hans Holzinger. Das JBZ z\u00e4hlt &#8222;Das Ende der Megamaschine&#8220; zu den <a href=\"http:\/\/counter-images.de\/megamaschine\/Top10_JBZ.PDF\">TOP 10<\/a> der Zukunftsliteratur 2015.<\/li>\n<li><a href=\"http:\/\/www.woz.ch\/1608\/das-ende-der-megamaschine\/die-saga-des-fortschritts-ist-nicht-haltbar\" target=\"_blank\">WOZ. Die Wochenzeitung<\/a> (Schweiz): Interview mit Barbara Dyttrich, 25.2.2016<\/li>\n<li><a href=\"https:\/\/www.publik-forum.de\/publik-forum-05-2016\/anonyme-tyrannei#\" target=\"_blank\">Publik Forum<\/a>, Rezension von Prof. Ulrich Duchrow, Ausgabe 5\/2016 <a href=\"http:\/\/counter-images.de\/megamaschine\/Publik-Forum-Megamaschine.pdf\">pdf<\/a><\/li>\n<li>Forum Wissenschaft, Rezension von Dr. Wolfgang Neef , 4\/2016 <a href=\"https:\/\/www.megamaschine.org\/nl2\/wp-content\/uploads\/sites\/4\/2017\/01\/Rezension_Neef_Forum-Wissenschaft.pdf\" target=\"_blank\">pdf<\/a><\/li>\n<\/ul>\n<\/div><\/div><\/div><\/div>\n","protected":false},"excerpt":{"rendered":"","protected":false},"author":1,"featured_media":0,"parent":134,"menu_order":0,"comment_status":"closed","ping_status":"closed","template":"template-blank-4.php","meta":{"footnotes":""},"class_list":["post-136","page","type-page","status-publish","hentry","no-post-thumbnail"],"yoast_head":"<!-- This site is optimized with the Yoast SEO plugin v27.4 - https:\/\/yoast.com\/product\/yoast-seo-wordpress\/ -->\n<title>Rezension und Interviews - NL2 Het einde van de megamachine<\/title>\n<meta name=\"robots\" content=\"index, follow, max-snippet:-1, max-image-preview:large, max-video-preview:-1\" \/>\n<link rel=\"canonical\" href=\"https:\/\/www.megamaschine.org\/nl2\/presse\/rezension-und-interviews\/\" \/>\n<meta property=\"og:locale\" content=\"de_DE\" \/>\n<meta property=\"og:type\" content=\"article\" \/>\n<meta property=\"og:title\" content=\"Rezension und Interviews - NL2 Het einde van de megamachine\" \/>\n<meta property=\"og:url\" content=\"https:\/\/www.megamaschine.org\/nl2\/presse\/rezension-und-interviews\/\" \/>\n<meta property=\"og:site_name\" content=\"NL2 Het einde van de megamachine\" \/>\n<meta property=\"article:modified_time\" content=\"2017-01-24T10:21:36+00:00\" \/>\n<meta name=\"twitter:card\" content=\"summary_large_image\" \/>\n<meta name=\"twitter:label1\" content=\"Gesch\u00e4tzte Lesezeit\" \/>\n\t<meta name=\"twitter:data1\" content=\"2\u00a0Minuten\" \/>\n<script type=\"application\/ld+json\" class=\"yoast-schema-graph\">{\"@context\":\"https:\\\/\\\/schema.org\",\"@graph\":[{\"@type\":\"WebPage\",\"@id\":\"https:\\\/\\\/www.megamaschine.org\\\/nl2\\\/presse\\\/rezension-und-interviews\\\/\",\"url\":\"https:\\\/\\\/www.megamaschine.org\\\/nl2\\\/presse\\\/rezension-und-interviews\\\/\",\"name\":\"Rezension und Interviews - NL2 Het einde van de megamachine\",\"isPartOf\":{\"@id\":\"https:\\\/\\\/www.megamaschine.org\\\/nl2\\\/#website\"},\"datePublished\":\"2016-03-29T21:36:13+00:00\",\"dateModified\":\"2017-01-24T10:21:36+00:00\",\"breadcrumb\":{\"@id\":\"https:\\\/\\\/www.megamaschine.org\\\/nl2\\\/presse\\\/rezension-und-interviews\\\/#breadcrumb\"},\"inLanguage\":\"de\",\"potentialAction\":[{\"@type\":\"ReadAction\",\"target\":[\"https:\\\/\\\/www.megamaschine.org\\\/nl2\\\/presse\\\/rezension-und-interviews\\\/\"]}]},{\"@type\":\"BreadcrumbList\",\"@id\":\"https:\\\/\\\/www.megamaschine.org\\\/nl2\\\/presse\\\/rezension-und-interviews\\\/#breadcrumb\",\"itemListElement\":[{\"@type\":\"ListItem\",\"position\":1,\"name\":\"Startseite\",\"item\":\"https:\\\/\\\/www.megamaschine.org\\\/nl2\\\/\"},{\"@type\":\"ListItem\",\"position\":2,\"name\":\"Presse &#038; Resonanz\",\"item\":\"https:\\\/\\\/www.megamaschine.org\\\/nl2\\\/presse\\\/\"},{\"@type\":\"ListItem\",\"position\":3,\"name\":\"Rezension und Interviews\"}]},{\"@type\":\"WebSite\",\"@id\":\"https:\\\/\\\/www.megamaschine.org\\\/nl2\\\/#website\",\"url\":\"https:\\\/\\\/www.megamaschine.org\\\/nl2\\\/\",\"name\":\"NL2 Het einde van de megamachine\",\"description\":\"Ein Buch von Fabian Scheidler\",\"potentialAction\":[{\"@type\":\"SearchAction\",\"target\":{\"@type\":\"EntryPoint\",\"urlTemplate\":\"https:\\\/\\\/www.megamaschine.org\\\/nl2\\\/?s={search_term_string}\"},\"query-input\":{\"@type\":\"PropertyValueSpecification\",\"valueRequired\":true,\"valueName\":\"search_term_string\"}}],\"inLanguage\":\"de\"}]}<\/script>\n<!-- \/ Yoast SEO plugin. -->","yoast_head_json":{"title":"Rezension und Interviews - NL2 Het einde van de megamachine","robots":{"index":"index","follow":"follow","max-snippet":"max-snippet:-1","max-image-preview":"max-image-preview:large","max-video-preview":"max-video-preview:-1"},"canonical":"https:\/\/www.megamaschine.org\/nl2\/presse\/rezension-und-interviews\/","og_locale":"de_DE","og_type":"article","og_title":"Rezension und Interviews - NL2 Het einde van de megamachine","og_url":"https:\/\/www.megamaschine.org\/nl2\/presse\/rezension-und-interviews\/","og_site_name":"NL2 Het einde van de megamachine","article_modified_time":"2017-01-24T10:21:36+00:00","twitter_card":"summary_large_image","twitter_misc":{"Gesch\u00e4tzte Lesezeit":"2\u00a0Minuten"},"schema":{"@context":"https:\/\/schema.org","@graph":[{"@type":"WebPage","@id":"https:\/\/www.megamaschine.org\/nl2\/presse\/rezension-und-interviews\/","url":"https:\/\/www.megamaschine.org\/nl2\/presse\/rezension-und-interviews\/","name":"Rezension und Interviews - NL2 Het einde van de megamachine","isPartOf":{"@id":"https:\/\/www.megamaschine.org\/nl2\/#website"},"datePublished":"2016-03-29T21:36:13+00:00","dateModified":"2017-01-24T10:21:36+00:00","breadcrumb":{"@id":"https:\/\/www.megamaschine.org\/nl2\/presse\/rezension-und-interviews\/#breadcrumb"},"inLanguage":"de","potentialAction":[{"@type":"ReadAction","target":["https:\/\/www.megamaschine.org\/nl2\/presse\/rezension-und-interviews\/"]}]},{"@type":"BreadcrumbList","@id":"https:\/\/www.megamaschine.org\/nl2\/presse\/rezension-und-interviews\/#breadcrumb","itemListElement":[{"@type":"ListItem","position":1,"name":"Startseite","item":"https:\/\/www.megamaschine.org\/nl2\/"},{"@type":"ListItem","position":2,"name":"Presse &#038; Resonanz","item":"https:\/\/www.megamaschine.org\/nl2\/presse\/"},{"@type":"ListItem","position":3,"name":"Rezension und Interviews"}]},{"@type":"WebSite","@id":"https:\/\/www.megamaschine.org\/nl2\/#website","url":"https:\/\/www.megamaschine.org\/nl2\/","name":"NL2 Het einde van de megamachine","description":"Ein Buch von Fabian Scheidler","potentialAction":[{"@type":"SearchAction","target":{"@type":"EntryPoint","urlTemplate":"https:\/\/www.megamaschine.org\/nl2\/?s={search_term_string}"},"query-input":{"@type":"PropertyValueSpecification","valueRequired":true,"valueName":"search_term_string"}}],"inLanguage":"de"}]}},"_links":{"self":[{"href":"https:\/\/www.megamaschine.org\/nl2\/wp-json\/wp\/v2\/pages\/136","targetHints":{"allow":["GET"]}}],"collection":[{"href":"https:\/\/www.megamaschine.org\/nl2\/wp-json\/wp\/v2\/pages"}],"about":[{"href":"https:\/\/www.megamaschine.org\/nl2\/wp-json\/wp\/v2\/types\/page"}],"author":[{"embeddable":true,"href":"https:\/\/www.megamaschine.org\/nl2\/wp-json\/wp\/v2\/users\/1"}],"replies":[{"embeddable":true,"href":"https:\/\/www.megamaschine.org\/nl2\/wp-json\/wp\/v2\/comments?post=136"}],"version-history":[{"count":4,"href":"https:\/\/www.megamaschine.org\/nl2\/wp-json\/wp\/v2\/pages\/136\/revisions"}],"predecessor-version":[{"id":853,"href":"https:\/\/www.megamaschine.org\/nl2\/wp-json\/wp\/v2\/pages\/136\/revisions\/853"}],"up":[{"embeddable":true,"href":"https:\/\/www.megamaschine.org\/nl2\/wp-json\/wp\/v2\/pages\/134"}],"wp:attachment":[{"href":"https:\/\/www.megamaschine.org\/nl2\/wp-json\/wp\/v2\/media?parent=136"}],"curies":[{"name":"wp","href":"https:\/\/api.w.org\/{rel}","templated":true}]}}